{"id":225107,"date":"2026-01-14T09:15:17","date_gmt":"2026-01-14T09:15:17","guid":{"rendered":"https:\/\/aldeco.pt\/staging\/product\/ligne-de-vie\/"},"modified":"2026-01-15T09:39:52","modified_gmt":"2026-01-15T09:39:52","slug":"ligne-de-vie","status":"publish","type":"product","link":"https:\/\/staging.aldeco.pt\/pt-pt\/product\/ligne-de-vie\/","title":{"rendered":"LIGNE DE VIE"},"content":{"rendered":"<p>LIGNE DE VIE \u00e9 um jacquard ricamente bordado com v\u00e1rios tipos de pontos. A sua estrutura de base com um padr\u00e3o em espiga contrasta com as linhas serpenteantes justapostas compostas por diferentes fios, incluindo juta. Este bordado visa homenagear a fascinante vida de Veva de Lima. Esta ficou marcada por v\u00e1rios acontecimentos, entre saraus sociais e culturais exc\u00eantricos, din\u00e2mica familiar complexa e profunda medita\u00e7\u00e3o existencial. Ligne de Vie representa atrav\u00e9s da jun\u00e7\u00e3o de elementos curvil\u00edneos os altos e baixos da vida de Veva, numa base denominada Claus composta por algod\u00e3o, linho e viscose. Recomendamos a sua utiliza\u00e7\u00e3o para reposteiro, decora\u00e7\u00e3o e estofo ligeiro. Deixe-se deslumbrar pelos 3 tons elegantes de Ligne de Vie.      <\/p>\n","protected":false},"excerpt":{"rendered":"<p>LIGNE DE VIE \u00e9 um jacquard ricamente bordado com v\u00e1rios tipos de pontos. A sua estrutura de base com um padr\u00e3o em espiga contrasta com as linhas serpenteantes justapostas compostas por diferentes fios, incluindo juta. Este bordado visa homenagear a fascinante vida de Veva de Lima. Esta ficou marcada por v\u00e1rios acontecimentos, entre saraus sociais e culturais exc\u00eantricos, din\u00e2mica familiar complexa e profunda medita\u00e7\u00e3o existencial. Ligne de Vie representa atrav\u00e9s da jun\u00e7\u00e3o de elementos curvil\u00edneos os altos e baixos da vida de Veva, numa base denominada Claus composta por algod\u00e3o, linho e viscose. Recomendamos a sua utiliza\u00e7\u00e3o para reposteiro, decora\u00e7\u00e3o e estofo ligeiro. Deixe-se deslumbrar pelos 3 tons elegantes de Ligne de Vie.      <\/p>\n","protected":false},"featured_media":224763,"template":"","meta":[],"product_brand":[],"product_cat":[6145],"product_tag":[],"class_list":{"0":"post-225107","1":"product","2":"type-product","3":"status-publish","4":"has-post-thumbnail","6":"product_cat-aldeco-2-pt-pt-2","7":"pa_cleanability-8282","8":"pa_composition-ext-52-bci-co-39-vi-9li-embroidery-85-pl-10-ju-5-pa-pt-pt","9":"pa_interior-fabrics-1-pt-pt","10":"pa_line-estofo-ligeiro","11":"pa_lithfastness-4-pt-pt","12":"pa_outdoor-0-pt-pt","13":"pa_range-bordado","14":"pa_range-jacquard-pt-pt","15":"pa_rapport-horizontal-43-5-pt-pt","16":"pa_rapport-vertical-39-pt-pt","17":"pa_sustainable-fabrics-1-pt-pt","20":"first","21":"instock","22":"purchasable","23":"product-type-variable"},"acf":[],"_links":{"self":[{"href":"https:\/\/staging.aldeco.pt\/pt-pt\/wp-json\/wp\/v2\/product\/225107","targetHints":{"allow":["GET"]}}],"collection":[{"href":"https:\/\/staging.aldeco.pt\/pt-pt\/wp-json\/wp\/v2\/product"}],"about":[{"href":"https:\/\/staging.aldeco.pt\/pt-pt\/wp-json\/wp\/v2\/types\/product"}],"version-history":[{"count":1,"href":"https:\/\/staging.aldeco.pt\/pt-pt\/wp-json\/wp\/v2\/product\/225107\/revisions"}],"predecessor-version":[{"id":225126,"href":"https:\/\/staging.aldeco.pt\/pt-pt\/wp-json\/wp\/v2\/product\/225107\/revisions\/225126"}],"wp:featuredmedia":[{"embeddable":true,"href":"https:\/\/staging.aldeco.pt\/pt-pt\/wp-json\/wp\/v2\/media\/224763"}],"wp:attachment":[{"href":"https:\/\/staging.aldeco.pt\/pt-pt\/wp-json\/wp\/v2\/media?parent=225107"}],"wp:term":[{"taxonomy":"product_brand","embeddable":true,"href":"https:\/\/staging.aldeco.pt\/pt-pt\/wp-json\/wp\/v2\/product_brand?post=225107"},{"taxonomy":"product_cat","embeddable":true,"href":"https:\/\/staging.aldeco.pt\/pt-pt\/wp-json\/wp\/v2\/product_cat?post=225107"},{"taxonomy":"product_tag","embeddable":true,"href":"https:\/\/staging.aldeco.pt\/pt-pt\/wp-json\/wp\/v2\/product_tag?post=225107"}],"curies":[{"name":"wp","href":"https:\/\/api.w.org\/{rel}","templated":true}]}}