{"id":225099,"date":"2026-01-14T09:15:41","date_gmt":"2026-01-14T09:15:41","guid":{"rendered":"https:\/\/aldeco.pt\/staging\/product\/chouchou\/"},"modified":"2026-01-15T09:39:06","modified_gmt":"2026-01-15T09:39:06","slug":"chouchou","status":"publish","type":"product","link":"https:\/\/staging.aldeco.pt\/pt-pt\/product\/chouchou\/","title":{"rendered":"CHOUCHOU"},"content":{"rendered":"<p>CHOUCHOU \u00e9 um tecido jacquard para estofo com um desenho geom\u00e9trico composto por formas cont\u00edguas, onde cada linha curva parece um gesto interrompido a meio caminho, como se o desenho respirasse num ritmo pr\u00f3prio. A base apresenta um efeito semelhante a um panam\u00e1 com um micro reticulado onde se erguem arcos suaves, repetidos com enorme precis\u00e3o visual.<br \/>O padr\u00e3o, formado por meias-luas espelhadas que se encadeiam como elos de uma corrente serena, cria um movimento ondulante e org\u00e2nico. \u00c9 um tecido especial que transmite harmonia, continuidade e eleg\u00e2ncia, como se cada curva convidasse o olhar a seguir um percurso tranquilo e intermin\u00e1vel.<br \/>Este tecido est\u00e1 dispon\u00edvel numa palete de 7 cores variadas o que lhe confere profundidade e relevo.    <\/p>\n","protected":false},"excerpt":{"rendered":"<p>CHOUCHOU \u00e9 um tecido jacquard para estofo com um desenho geom\u00e9trico composto por formas cont\u00edguas, onde cada linha curva parece um gesto interrompido a meio caminho, como se o desenho respirasse num ritmo pr\u00f3prio. A base apresenta um efeito semelhante a um panam\u00e1 com um micro reticulado onde se erguem arcos suaves, repetidos com enorme precis\u00e3o visual.<br \/>O padr\u00e3o, formado por meias-luas espelhadas que se encadeiam como elos de uma corrente serena, cria um movimento ondulante e org\u00e2nico. \u00c9 um tecido especial que transmite harmonia, continuidade e eleg\u00e2ncia, como se cada curva convidasse o olhar a seguir um percurso tranquilo e intermin\u00e1vel.<br \/>Este tecido est\u00e1 dispon\u00edvel numa palete de 7 cores variadas o que lhe confere profundidade e relevo.    <\/p>\n","protected":false},"featured_media":225471,"template":"","meta":[],"product_brand":[539],"product_cat":[6145],"product_tag":[],"class_list":{"0":"post-225099","1":"product","2":"type-product","3":"status-publish","4":"has-post-thumbnail","6":"product_brand-aldeco","7":"product_cat-aldeco-2-pt-pt-2","8":"pa_cleanability-8282","9":"pa_composition-ext-41-bci-co-59-pl-pt-pt","10":"pa_interior-fabrics-1-pt-pt","11":"pa_line-estofo","12":"pa_lithfastness-4-pt-pt","13":"pa_opportunities-descontinuado","14":"pa_outdoor-0-pt-pt","15":"pa_range-jacquard-pt-pt","16":"pa_rapport-horizontal-10-7-pt-pt","17":"pa_rapport-vertical-4-6-pt-pt","18":"pa_sustainable-fabrics-1-pt-pt","21":"first","22":"instock","23":"purchasable","24":"product-type-variable"},"acf":[],"_links":{"self":[{"href":"https:\/\/staging.aldeco.pt\/pt-pt\/wp-json\/wp\/v2\/product\/225099","targetHints":{"allow":["GET"]}}],"collection":[{"href":"https:\/\/staging.aldeco.pt\/pt-pt\/wp-json\/wp\/v2\/product"}],"about":[{"href":"https:\/\/staging.aldeco.pt\/pt-pt\/wp-json\/wp\/v2\/types\/product"}],"version-history":[{"count":1,"href":"https:\/\/staging.aldeco.pt\/pt-pt\/wp-json\/wp\/v2\/product\/225099\/revisions"}],"predecessor-version":[{"id":225125,"href":"https:\/\/staging.aldeco.pt\/pt-pt\/wp-json\/wp\/v2\/product\/225099\/revisions\/225125"}],"wp:featuredmedia":[{"embeddable":true,"href":"https:\/\/staging.aldeco.pt\/pt-pt\/wp-json\/wp\/v2\/media\/225471"}],"wp:attachment":[{"href":"https:\/\/staging.aldeco.pt\/pt-pt\/wp-json\/wp\/v2\/media?parent=225099"}],"wp:term":[{"taxonomy":"product_brand","embeddable":true,"href":"https:\/\/staging.aldeco.pt\/pt-pt\/wp-json\/wp\/v2\/product_brand?post=225099"},{"taxonomy":"product_cat","embeddable":true,"href":"https:\/\/staging.aldeco.pt\/pt-pt\/wp-json\/wp\/v2\/product_cat?post=225099"},{"taxonomy":"product_tag","embeddable":true,"href":"https:\/\/staging.aldeco.pt\/pt-pt\/wp-json\/wp\/v2\/product_tag?post=225099"}],"curies":[{"name":"wp","href":"https:\/\/api.w.org\/{rel}","templated":true}]}}