{"id":225095,"date":"2026-01-14T09:16:41","date_gmt":"2026-01-14T09:16:41","guid":{"rendered":"https:\/\/aldeco.pt\/staging\/product\/feline\/"},"modified":"2026-01-15T09:38:19","modified_gmt":"2026-01-15T09:38:19","slug":"feline","status":"publish","type":"product","link":"https:\/\/staging.aldeco.pt\/pt-pt\/product\/feline\/","title":{"rendered":"FELINE"},"content":{"rendered":"<p>FELINE \u00e9 um elegante chenille bordado com um motivo abstrato que evoca um padr\u00e3o animal. Neste tecido para estofo a irrever\u00eancia selvagem, reproduz movimento, ritmo e subtileza t\u00e9cnica.<\/p>\n<p>O fundo suave como um veludo com o nome TOTO apresenta din\u00e2micas formas alongadas. As figuras abstratas evocam fugazes silhuetas felinas ou caudas que ondulam ao vento, que alternam entre o preenchimento em ziguezague e o tra\u00e7o linear num tom quente.<br \/>Esse jogo entre cheio e vazio, com diferentes texturas, cria a sensa\u00e7\u00e3o de que o padr\u00e3o est\u00e1 constantemente a deslocar-se pela base. O ziguezague contrastante conjuga-se com o contorno de tom terra de forma flu\u00edda.<\/p>\n<p>Feline representa luxo e ousadia transformando qualquer espa\u00e7o num cen\u00e1rio onde a eleg\u00e2ncia se move silenciosamente. Encontra-se dispon\u00edvel em 3 tons naturais.       <\/p>\n","protected":false},"excerpt":{"rendered":"<p>FELINE \u00e9 um elegante chenille bordado com um motivo abstrato que evoca um padr\u00e3o animal. Neste tecido para estofo a irrever\u00eancia selvagem, reproduz movimento, ritmo e subtileza t\u00e9cnica.<\/p>\n<p>O fundo suave como um veludo com o nome TOTO apresenta din\u00e2micas formas alongadas. As figuras abstratas evocam fugazes silhuetas felinas ou caudas que ondulam ao vento, que alternam entre o preenchimento em ziguezague e o tra\u00e7o linear num tom quente.<br \/>Esse jogo entre cheio e vazio, com diferentes texturas, cria a sensa\u00e7\u00e3o de que o padr\u00e3o est\u00e1 constantemente a deslocar-se pela base. O ziguezague contrastante conjuga-se com o contorno de tom terra de forma flu\u00edda.<\/p>\n<p>Feline representa luxo e ousadia transformando qualquer espa\u00e7o num cen\u00e1rio onde a eleg\u00e2ncia se move silenciosamente. Encontra-se dispon\u00edvel em 3 tons naturais.       <\/p>\n","protected":false},"featured_media":224787,"template":"","meta":[],"product_brand":[],"product_cat":[6145],"product_tag":[],"class_list":{"0":"post-225095","1":"product","2":"type-product","3":"status-publish","4":"has-post-thumbnail","6":"product_cat-aldeco-2-pt-pt-2","7":"pa_cleanability-8282","8":"pa_composition-ext-100-pl-embroidery-60-pac-30-pl-10-vi-pt-pt","9":"pa_interior-fabrics-1-pt-pt","10":"pa_line-estofo","11":"pa_lithfastness-4-pt-pt","12":"pa_opportunities-descontinuado","13":"pa_outdoor-0-pt-pt","14":"pa_range-bordado","15":"pa_range-chenile","16":"pa_rapport-horizontal-43-4-pt-pt","17":"pa_rapport-vertical-59-pt-pt","18":"pa_sustainable-fabrics-1-pt-pt","21":"first","22":"instock","23":"purchasable","24":"product-type-variable"},"acf":[],"_links":{"self":[{"href":"https:\/\/staging.aldeco.pt\/pt-pt\/wp-json\/wp\/v2\/product\/225095","targetHints":{"allow":["GET"]}}],"collection":[{"href":"https:\/\/staging.aldeco.pt\/pt-pt\/wp-json\/wp\/v2\/product"}],"about":[{"href":"https:\/\/staging.aldeco.pt\/pt-pt\/wp-json\/wp\/v2\/types\/product"}],"version-history":[{"count":1,"href":"https:\/\/staging.aldeco.pt\/pt-pt\/wp-json\/wp\/v2\/product\/225095\/revisions"}],"predecessor-version":[{"id":225124,"href":"https:\/\/staging.aldeco.pt\/pt-pt\/wp-json\/wp\/v2\/product\/225095\/revisions\/225124"}],"wp:featuredmedia":[{"embeddable":true,"href":"https:\/\/staging.aldeco.pt\/pt-pt\/wp-json\/wp\/v2\/media\/224787"}],"wp:attachment":[{"href":"https:\/\/staging.aldeco.pt\/pt-pt\/wp-json\/wp\/v2\/media?parent=225095"}],"wp:term":[{"taxonomy":"product_brand","embeddable":true,"href":"https:\/\/staging.aldeco.pt\/pt-pt\/wp-json\/wp\/v2\/product_brand?post=225095"},{"taxonomy":"product_cat","embeddable":true,"href":"https:\/\/staging.aldeco.pt\/pt-pt\/wp-json\/wp\/v2\/product_cat?post=225095"},{"taxonomy":"product_tag","embeddable":true,"href":"https:\/\/staging.aldeco.pt\/pt-pt\/wp-json\/wp\/v2\/product_tag?post=225095"}],"curies":[{"name":"wp","href":"https:\/\/api.w.org\/{rel}","templated":true}]}}