{"id":225091,"date":"2026-01-14T09:17:03","date_gmt":"2026-01-14T09:17:03","guid":{"rendered":"https:\/\/aldeco.pt\/staging\/product\/toto\/"},"modified":"2026-01-15T09:37:33","modified_gmt":"2026-01-15T09:37:33","slug":"toto","status":"publish","type":"product","link":"https:\/\/staging.aldeco.pt\/pt-pt\/product\/toto\/","title":{"rendered":"TOTO"},"content":{"rendered":"<p>TOTO \u00e9 um chenille extremamente resistente para estofo. Este tecido suave como um veludo serve de base para o bordado FELINE. TOTO apresenta uma textura delicada com um acabamento muito agrad\u00e1vel ao toque. O nome TOTO homenageia o leopardo do mesmo nome que Veva tanto estimava como animal de estima\u00e7\u00e3o e que passeava habitualmente pelas ruas de Lisboa. Este chenille elegante encontra-se dispon\u00edvel nas 3 cores de base do bordado Feline para alcan\u00e7ar o look total.    <\/p>\n","protected":false},"excerpt":{"rendered":"<p>TOTO is an extremely durable chenille fabric for upholstery. This soft as velvet fabric serves as the ground for the FELINE embroidery. TOTO has a delicate texture with a very pleasant hand feel. The name TOTO pays homage to the leopard of the same name that Veva cherished as a pet and that she used to roam the streets of Lisbon. This elegant chenille is available in the 3 ground colours of the Feline embroidery to achieve the complete look.    <\/p>\n","protected":false},"featured_media":224795,"template":"","meta":[],"product_brand":[],"product_cat":[6145],"product_tag":[],"class_list":{"0":"post-225091","1":"product","2":"type-product","3":"status-publish","4":"has-post-thumbnail","6":"product_cat-aldeco-2-pt-pt-2","7":"pa_cleanability-8282","8":"pa_composition-ext-100-pl-pt-pt","9":"pa_interior-fabrics-1-pt-pt","10":"pa_line-estofo","11":"pa_lithfastness-4-pt-pt","12":"pa_opportunities-descontinuado","13":"pa_outdoor-0-pt-pt","14":"pa_range-chenile","15":"pa_rapport-horizontal-_-pt-pt","16":"pa_rapport-vertical-_-pt-pt","17":"pa_sustainable-fabrics-1-pt-pt","20":"first","21":"instock","22":"purchasable","23":"product-type-variable"},"acf":[],"_links":{"self":[{"href":"https:\/\/staging.aldeco.pt\/pt-pt\/wp-json\/wp\/v2\/product\/225091","targetHints":{"allow":["GET"]}}],"collection":[{"href":"https:\/\/staging.aldeco.pt\/pt-pt\/wp-json\/wp\/v2\/product"}],"about":[{"href":"https:\/\/staging.aldeco.pt\/pt-pt\/wp-json\/wp\/v2\/types\/product"}],"version-history":[{"count":1,"href":"https:\/\/staging.aldeco.pt\/pt-pt\/wp-json\/wp\/v2\/product\/225091\/revisions"}],"predecessor-version":[{"id":225123,"href":"https:\/\/staging.aldeco.pt\/pt-pt\/wp-json\/wp\/v2\/product\/225091\/revisions\/225123"}],"wp:featuredmedia":[{"embeddable":true,"href":"https:\/\/staging.aldeco.pt\/pt-pt\/wp-json\/wp\/v2\/media\/224795"}],"wp:attachment":[{"href":"https:\/\/staging.aldeco.pt\/pt-pt\/wp-json\/wp\/v2\/media?parent=225091"}],"wp:term":[{"taxonomy":"product_brand","embeddable":true,"href":"https:\/\/staging.aldeco.pt\/pt-pt\/wp-json\/wp\/v2\/product_brand?post=225091"},{"taxonomy":"product_cat","embeddable":true,"href":"https:\/\/staging.aldeco.pt\/pt-pt\/wp-json\/wp\/v2\/product_cat?post=225091"},{"taxonomy":"product_tag","embeddable":true,"href":"https:\/\/staging.aldeco.pt\/pt-pt\/wp-json\/wp\/v2\/product_tag?post=225091"}],"curies":[{"name":"wp","href":"https:\/\/api.w.org\/{rel}","templated":true}]}}