{"id":225085,"date":"2026-01-14T09:17:24","date_gmt":"2026-01-14T09:17:24","guid":{"rendered":"https:\/\/aldeco.pt\/staging\/product\/claus\/"},"modified":"2026-01-15T09:36:47","modified_gmt":"2026-01-15T09:36:47","slug":"claus","status":"publish","type":"product","link":"https:\/\/staging.aldeco.pt\/pt-pt\/product\/claus\/","title":{"rendered":"CLAUS"},"content":{"rendered":"<p>CLAUS \u00e9 um tecido jacquard com um motivo em espiga conhecido como espinha de peixe. Este tecido para estofo destaca-se em rela\u00e7\u00e3o aos lisos pois apesar de se apresentar em cores s\u00f3lidas, cria ricas nuances em forma de zigue-zague no tecido. Claus \u00e9 um tecido tinto em pe\u00e7a composto por algod\u00e3o BCI, linho e viscose Ecovera, sendo por isso um tecido ecol\u00f3gico. Este tecido serve de base a dois elegantes bordados da Colec\u00e7\u00e3o: Farrouche e Ligne de Vie. Est\u00e1 dispon\u00edvel em 5 cores que combinam perfeitamente com os restantes tecidos da colec\u00e7\u00e3o.    <\/p>\n","protected":false},"excerpt":{"rendered":"<p>CLAUS \u00e9 um tecido jacquard com um motivo em espiga conhecido como espinha de peixe. Este tecido para estofo destaca-se em rela\u00e7\u00e3o aos lisos pois apesar de se apresentar em cores s\u00f3lidas, cria ricas nuances em forma de zigue-zague no tecido. Claus \u00e9 um tecido tinto em pe\u00e7a composto por algod\u00e3o BCI, linho e viscose Ecovera, sendo por isso um tecido ecol\u00f3gico. Este tecido serve de base a dois elegantes bordados da Colec\u00e7\u00e3o: Farrouche e Ligne de Vie. Est\u00e1 dispon\u00edvel em 5 cores que combinam perfeitamente com os restantes tecidos da colec\u00e7\u00e3o.    <\/p>\n","protected":false},"featured_media":224803,"template":"","meta":[],"product_brand":[],"product_cat":[6145],"product_tag":[],"class_list":{"0":"post-225085","1":"product","2":"type-product","3":"status-publish","4":"has-post-thumbnail","6":"product_cat-aldeco-2-pt-pt-2","7":"pa_cleanability-8282","8":"pa_composition-ext-52-bci-co-39-vi-9li-pt-pt","9":"pa_interior-fabrics-1-pt-pt","10":"pa_line-estofo","11":"pa_lithfastness-4-pt-pt","12":"pa_opportunities-descontinuado","13":"pa_outdoor-0-pt-pt","14":"pa_range-jacquard-pt-pt","15":"pa_rapport-horizontal-1-8-pt-pt","16":"pa_rapport-vertical-_-pt-pt","17":"pa_sustainable-fabrics-1-pt-pt","20":"first","21":"instock","22":"purchasable","23":"product-type-variable"},"acf":[],"_links":{"self":[{"href":"https:\/\/staging.aldeco.pt\/pt-pt\/wp-json\/wp\/v2\/product\/225085","targetHints":{"allow":["GET"]}}],"collection":[{"href":"https:\/\/staging.aldeco.pt\/pt-pt\/wp-json\/wp\/v2\/product"}],"about":[{"href":"https:\/\/staging.aldeco.pt\/pt-pt\/wp-json\/wp\/v2\/types\/product"}],"version-history":[{"count":1,"href":"https:\/\/staging.aldeco.pt\/pt-pt\/wp-json\/wp\/v2\/product\/225085\/revisions"}],"predecessor-version":[{"id":225122,"href":"https:\/\/staging.aldeco.pt\/pt-pt\/wp-json\/wp\/v2\/product\/225085\/revisions\/225122"}],"wp:featuredmedia":[{"embeddable":true,"href":"https:\/\/staging.aldeco.pt\/pt-pt\/wp-json\/wp\/v2\/media\/224803"}],"wp:attachment":[{"href":"https:\/\/staging.aldeco.pt\/pt-pt\/wp-json\/wp\/v2\/media?parent=225085"}],"wp:term":[{"taxonomy":"product_brand","embeddable":true,"href":"https:\/\/staging.aldeco.pt\/pt-pt\/wp-json\/wp\/v2\/product_brand?post=225085"},{"taxonomy":"product_cat","embeddable":true,"href":"https:\/\/staging.aldeco.pt\/pt-pt\/wp-json\/wp\/v2\/product_cat?post=225085"},{"taxonomy":"product_tag","embeddable":true,"href":"https:\/\/staging.aldeco.pt\/pt-pt\/wp-json\/wp\/v2\/product_tag?post=225085"}],"curies":[{"name":"wp","href":"https:\/\/api.w.org\/{rel}","templated":true}]}}