{"id":225081,"date":"2026-01-14T09:18:12","date_gmt":"2026-01-14T09:18:12","guid":{"rendered":"https:\/\/aldeco.pt\/staging\/product\/farouche\/"},"modified":"2026-01-15T09:36:01","modified_gmt":"2026-01-15T09:36:01","slug":"farouche","status":"publish","type":"product","link":"https:\/\/staging.aldeco.pt\/pt-pt\/product\/farouche\/","title":{"rendered":"FAROUCHE"},"content":{"rendered":"<p>FARROUCHE \u00e9 um tecido jacquard \u2013 na base Claus \u2013 com um complexo bordado de inspira\u00e7\u00e3o animal. Os seus pontos bordados de fios espessos contrastam e irradiam simultaneamente a partir da linha serpenteante que forma riscas verticais elegantes no tecido. Este padr\u00e3o abstrato forma linhas irregulares horizontais que se assemelham a um animal print. Este tecido irreverente e ousado \u00e9 extremamente vers\u00e1til, podendo ser usado em decora\u00e7\u00e3o, estofo ligeiro e reposteiros. Est\u00e1 dispon\u00edvel em 3 cores muito naturais.    <\/p>\n","protected":false},"excerpt":{"rendered":"<p>FARROUCHE \u00e9 um tecido jacquard \u2013 na base Claus \u2013 com um complexo bordado de inspira\u00e7\u00e3o animal. Os seus pontos bordados de fios espessos contrastam e irradiam simultaneamente a partir da linha serpenteante que forma riscas verticais elegantes no tecido. Este padr\u00e3o abstrato forma linhas irregulares horizontais que se assemelham a um animal print. Este tecido irreverente e ousado \u00e9 extremamente vers\u00e1til, podendo ser usado em decora\u00e7\u00e3o, estofo ligeiro e reposteiros. Est\u00e1 dispon\u00edvel em 3 cores muito naturais.    <\/p>\n","protected":false},"featured_media":224815,"template":"","meta":[],"product_brand":[],"product_cat":[6145],"product_tag":[],"class_list":{"0":"post-225081","1":"product","2":"type-product","3":"status-publish","4":"has-post-thumbnail","6":"product_cat-aldeco-2-pt-pt-2","7":"pa_cleanability-8282","8":"pa_composition-ext-52-bci-co-39-vi-9li-embroidery-70-pl-15-ju-10-vi-5-pa-pt-pt","9":"pa_interior-fabrics-1-pt-pt","10":"pa_line-estofo-ligeiro","11":"pa_lithfastness-4-pt-pt","12":"pa_opportunities-descontinuado","13":"pa_outdoor-0-pt-pt","14":"pa_range-bordado","15":"pa_range-jacquard-pt-pt","16":"pa_rapport-horizontal-33-pt-pt","17":"pa_rapport-vertical-58-pt-pt","18":"pa_sustainable-fabrics-1-pt-pt","21":"first","22":"instock","23":"purchasable","24":"product-type-variable"},"acf":[],"_links":{"self":[{"href":"https:\/\/staging.aldeco.pt\/pt-pt\/wp-json\/wp\/v2\/product\/225081","targetHints":{"allow":["GET"]}}],"collection":[{"href":"https:\/\/staging.aldeco.pt\/pt-pt\/wp-json\/wp\/v2\/product"}],"about":[{"href":"https:\/\/staging.aldeco.pt\/pt-pt\/wp-json\/wp\/v2\/types\/product"}],"version-history":[{"count":1,"href":"https:\/\/staging.aldeco.pt\/pt-pt\/wp-json\/wp\/v2\/product\/225081\/revisions"}],"predecessor-version":[{"id":225121,"href":"https:\/\/staging.aldeco.pt\/pt-pt\/wp-json\/wp\/v2\/product\/225081\/revisions\/225121"}],"wp:featuredmedia":[{"embeddable":true,"href":"https:\/\/staging.aldeco.pt\/pt-pt\/wp-json\/wp\/v2\/media\/224815"}],"wp:attachment":[{"href":"https:\/\/staging.aldeco.pt\/pt-pt\/wp-json\/wp\/v2\/media?parent=225081"}],"wp:term":[{"taxonomy":"product_brand","embeddable":true,"href":"https:\/\/staging.aldeco.pt\/pt-pt\/wp-json\/wp\/v2\/product_brand?post=225081"},{"taxonomy":"product_cat","embeddable":true,"href":"https:\/\/staging.aldeco.pt\/pt-pt\/wp-json\/wp\/v2\/product_cat?post=225081"},{"taxonomy":"product_tag","embeddable":true,"href":"https:\/\/staging.aldeco.pt\/pt-pt\/wp-json\/wp\/v2\/product_tag?post=225081"}],"curies":[{"name":"wp","href":"https:\/\/api.w.org\/{rel}","templated":true}]}}