{"id":225070,"date":"2026-01-14T09:18:35","date_gmt":"2026-01-14T09:18:35","guid":{"rendered":"https:\/\/aldeco.pt\/staging\/product\/particulier-fr\/"},"modified":"2026-01-15T09:35:15","modified_gmt":"2026-01-15T09:35:15","slug":"particulier-fr","status":"publish","type":"product","link":"https:\/\/staging.aldeco.pt\/pt-pt\/product\/particulier-fr\/","title":{"rendered":"PARTICULIER FR"},"content":{"rendered":"<p>PARTICULIER FR \u00e9 um tecido jacquard sofisticado destinado a estofo. Este jacquard de algod\u00e3o e viscose apresenta-se num padr\u00e3o de ondula\u00e7\u00f5es delicadas, como uma sucess\u00e3o de linhas que avan\u00e7am e recuam num ritmo cont\u00ednuo. As pequenas vibra\u00e7\u00f5es do desenho criam a sensa\u00e7\u00e3o de uma superf\u00edcie em constante movimento, como a ondula\u00e7\u00e3o na margem do rio, que se encadeia com a seguinte num gesto preciso e controlado. O motivo, din\u00e2mico sugere a eleg\u00e2ncia de uma textura esculpida pelo tempo, privilegiando a subtileza, profundidade e requinte. Este tecido falso liso possui algumas certifica\u00e7\u00f5es ign\u00edfugas e encontra-se dispon\u00edvel em 10 cores facilmente conjug\u00e1veis com a colec\u00e7\u00e3o.    <\/p>\n","protected":false},"excerpt":{"rendered":"<p>PARTICULIER FR \u00e9 um tecido jacquard sofisticado destinado a estofo. Este jacquard de algod\u00e3o e viscose apresenta-se num padr\u00e3o de ondula\u00e7\u00f5es delicadas, como uma sucess\u00e3o de linhas que avan\u00e7am e recuam num ritmo cont\u00ednuo. As pequenas vibra\u00e7\u00f5es do desenho criam a sensa\u00e7\u00e3o de uma superf\u00edcie em constante movimento, como a ondula\u00e7\u00e3o na margem do rio, que se encadeia com a seguinte num gesto preciso e controlado. O motivo, din\u00e2mico sugere a eleg\u00e2ncia de uma textura esculpida pelo tempo, privilegiando a subtileza, profundidade e requinte. Este tecido falso liso possui algumas certifica\u00e7\u00f5es ign\u00edfugas e encontra-se dispon\u00edvel em 10 cores facilmente conjug\u00e1veis com a colec\u00e7\u00e3o.    <\/p>\n","protected":false},"featured_media":224823,"template":"","meta":[],"product_brand":[],"product_cat":[6145],"product_tag":[],"class_list":{"0":"post-225070","1":"product","2":"type-product","3":"status-publish","4":"has-post-thumbnail","6":"product_cat-aldeco-2-pt-pt-2","7":"pa_cleanability-8282","8":"pa_composition-ext-59-co-41-vi-pt-pt","9":"pa_contract-fabrics-1-pt-pt","10":"pa_interior-fabrics-1-pt-pt","11":"pa_line-estofo","12":"pa_lithfastness-5-pt-pt","13":"pa_opportunities-descontinuado","14":"pa_outdoor-0-pt-pt","15":"pa_range-jacquard-pt-pt","16":"pa_rapport-horizontal-_-pt-pt","17":"pa_rapport-vertical-_-pt-pt","18":"pa_sustainable-fabrics-1-pt-pt","21":"first","22":"instock","23":"purchasable","24":"product-type-variable"},"acf":[],"_links":{"self":[{"href":"https:\/\/staging.aldeco.pt\/pt-pt\/wp-json\/wp\/v2\/product\/225070","targetHints":{"allow":["GET"]}}],"collection":[{"href":"https:\/\/staging.aldeco.pt\/pt-pt\/wp-json\/wp\/v2\/product"}],"about":[{"href":"https:\/\/staging.aldeco.pt\/pt-pt\/wp-json\/wp\/v2\/types\/product"}],"version-history":[{"count":1,"href":"https:\/\/staging.aldeco.pt\/pt-pt\/wp-json\/wp\/v2\/product\/225070\/revisions"}],"predecessor-version":[{"id":225120,"href":"https:\/\/staging.aldeco.pt\/pt-pt\/wp-json\/wp\/v2\/product\/225070\/revisions\/225120"}],"wp:featuredmedia":[{"embeddable":true,"href":"https:\/\/staging.aldeco.pt\/pt-pt\/wp-json\/wp\/v2\/media\/224823"}],"wp:attachment":[{"href":"https:\/\/staging.aldeco.pt\/pt-pt\/wp-json\/wp\/v2\/media?parent=225070"}],"wp:term":[{"taxonomy":"product_brand","embeddable":true,"href":"https:\/\/staging.aldeco.pt\/pt-pt\/wp-json\/wp\/v2\/product_brand?post=225070"},{"taxonomy":"product_cat","embeddable":true,"href":"https:\/\/staging.aldeco.pt\/pt-pt\/wp-json\/wp\/v2\/product_cat?post=225070"},{"taxonomy":"product_tag","embeddable":true,"href":"https:\/\/staging.aldeco.pt\/pt-pt\/wp-json\/wp\/v2\/product_tag?post=225070"}],"curies":[{"name":"wp","href":"https:\/\/api.w.org\/{rel}","templated":true}]}}