{"id":225064,"date":"2026-01-14T09:19:54","date_gmt":"2026-01-14T09:19:54","guid":{"rendered":"https:\/\/aldeco.pt\/staging\/product\/sauvage-velvet\/"},"modified":"2026-01-15T09:34:29","modified_gmt":"2026-01-15T09:34:29","slug":"sauvage-velvet","status":"publish","type":"product","link":"https:\/\/staging.aldeco.pt\/pt-pt\/product\/sauvage-velvet\/","title":{"rendered":"SAUVAGE VELVET"},"content":{"rendered":"<p>SAUVAGE VELVET \u00e9 um veludo jacquard para estofo com um design de inspira\u00e7\u00e3o animal. Este padr\u00e3o requintado cria um efeito risca recorrendo a uma t\u00e9cnica complexa de tecelagem chamada ombr\u00e9. O veludo ombr\u00e9 apresenta uma transi\u00e7\u00e3o suave e gradual entre duas cores, criando um efeito &#8220;degrad\u00e9&#8221;. A palavra ombr\u00e9 provem do franc\u00eas e significa &#8220;sombreado&#8221;. Este efeito confere-lhe num aspeto degrad\u00e9, tornando o tecido visualmente rico e luxuoso. Este veludo jacquard, tem um toque particularmente suave, aveludado e requintado. O efeito degrad\u00e9 acrescenta uma camada extra de profundidade e impacto visual. Sauvage Velvet combina for\u00e7a, excentricidade e sofistica\u00e7\u00e3o, uma fus\u00e3o entre a vida de uma mulher, o seu animal de estima\u00e7\u00e3o e a fantasia inspirada no imagin\u00e1rio surrealista que Veva cultivava. Criando um espa\u00e7o do leopardo e das sombras, espa\u00e7o esse dram\u00e1tico e selvagem inspirado no animal de estima\u00e7\u00e3o de Veva. Este veludo representa um universo exuberante, misterioso e poderoso e est\u00e1 dispon\u00edvel em 5 tons, 2 mais leves e delicados e 3 mais contrastantes e enigm\u00e1ticos.         <\/p>\n","protected":false},"excerpt":{"rendered":"<p>SAUVAGE VELVET \u00e9 um veludo jacquard para estofo com um design de inspira\u00e7\u00e3o animal. Este padr\u00e3o requintado cria um efeito risca recorrendo a uma t\u00e9cnica complexa de tecelagem chamada ombr\u00e9. O veludo ombr\u00e9 apresenta uma transi\u00e7\u00e3o suave e gradual entre duas cores, criando um efeito &#8220;degrad\u00e9&#8221;. A palavra ombr\u00e9 provem do franc\u00eas e significa &#8220;sombreado&#8221;. Este efeito confere-lhe num aspeto degrad\u00e9, tornando o tecido visualmente rico e luxuoso. Este veludo jacquard, tem um toque particularmente suave, aveludado e requintado. O efeito degrad\u00e9 acrescenta uma camada extra de profundidade e impacto visual. Sauvage Velvet combina for\u00e7a, excentricidade e sofistica\u00e7\u00e3o, uma fus\u00e3o entre a vida de uma mulher, o seu animal de estima\u00e7\u00e3o e a fantasia inspirada no imagin\u00e1rio surrealista que Veva cultivava. Criando um espa\u00e7o do leopardo e das sombras, espa\u00e7o esse dram\u00e1tico e selvagem inspirado no animal de estima\u00e7\u00e3o de Veva. Este veludo representa um universo exuberante, misterioso e poderoso e est\u00e1 dispon\u00edvel em 5 tons, 2 mais leves e delicados e 3 mais contrastantes e enigm\u00e1ticos.         <\/p>\n","protected":false},"featured_media":224845,"template":"","meta":[],"product_brand":[],"product_cat":[6145],"product_tag":[],"class_list":{"0":"post-225064","1":"product","2":"type-product","3":"status-publish","4":"has-post-thumbnail","6":"product_cat-aldeco-2-pt-pt-2","7":"pa_cleanability-8282","8":"pa_composition-ext-71-vi-21pl-8-rco-pt-pt","9":"pa_interior-fabrics-1-pt-pt","10":"pa_lithfastness-9680","11":"pa_outdoor-0-pt-pt","12":"pa_range-jacquard-pt-pt","13":"pa_range-veludo","14":"pa_rapport-horizontal-35-pt-pt","15":"pa_rapport-vertical-28-5-pt-pt","16":"pa_sustainable-fabrics-1-pt-pt","19":"first","20":"instock","21":"purchasable","22":"product-type-variable"},"acf":[],"_links":{"self":[{"href":"https:\/\/staging.aldeco.pt\/pt-pt\/wp-json\/wp\/v2\/product\/225064","targetHints":{"allow":["GET"]}}],"collection":[{"href":"https:\/\/staging.aldeco.pt\/pt-pt\/wp-json\/wp\/v2\/product"}],"about":[{"href":"https:\/\/staging.aldeco.pt\/pt-pt\/wp-json\/wp\/v2\/types\/product"}],"version-history":[{"count":1,"href":"https:\/\/staging.aldeco.pt\/pt-pt\/wp-json\/wp\/v2\/product\/225064\/revisions"}],"predecessor-version":[{"id":225119,"href":"https:\/\/staging.aldeco.pt\/pt-pt\/wp-json\/wp\/v2\/product\/225064\/revisions\/225119"}],"wp:featuredmedia":[{"embeddable":true,"href":"https:\/\/staging.aldeco.pt\/pt-pt\/wp-json\/wp\/v2\/media\/224845"}],"wp:attachment":[{"href":"https:\/\/staging.aldeco.pt\/pt-pt\/wp-json\/wp\/v2\/media?parent=225064"}],"wp:term":[{"taxonomy":"product_brand","embeddable":true,"href":"https:\/\/staging.aldeco.pt\/pt-pt\/wp-json\/wp\/v2\/product_brand?post=225064"},{"taxonomy":"product_cat","embeddable":true,"href":"https:\/\/staging.aldeco.pt\/pt-pt\/wp-json\/wp\/v2\/product_cat?post=225064"},{"taxonomy":"product_tag","embeddable":true,"href":"https:\/\/staging.aldeco.pt\/pt-pt\/wp-json\/wp\/v2\/product_tag?post=225064"}],"curies":[{"name":"wp","href":"https:\/\/api.w.org\/{rel}","templated":true}]}}