{"id":225056,"date":"2026-01-14T09:21:04","date_gmt":"2026-01-14T09:21:04","guid":{"rendered":"https:\/\/aldeco.pt\/staging\/product\/charade\/"},"modified":"2026-01-15T09:32:57","modified_gmt":"2026-01-15T09:32:57","slug":"charade","status":"publish","type":"product","link":"https:\/\/staging.aldeco.pt\/pt-pt\/product\/charade\/","title":{"rendered":"CHARADE"},"content":{"rendered":"<p>CHARADE \u00e9 um tecido jacquard para estofo com um padr\u00e3o complexo e rico. Este jacquard apresenta um design geom\u00e9trico estruturado, composto por formas angulares que se encaixam num jogo preciso de linhas e ritmos. O desenho constr\u00f3i uma sensa\u00e7\u00e3o de profundidade e relevo, como uma arquitetura t\u00eaxtil cuidadosamente pensada, onde cada segmento refor\u00e7a o equil\u00edbrio do conjunto. A repeti\u00e7\u00e3o cria dinamismo sem excessos, conferindo ao tecido uma presen\u00e7a gr\u00e1fica forte, simultaneamente sofisticada e intemporal, onde a ordem geom\u00e9trica se transforma em express\u00e3o decorativa refinada.<br \/>Este tecido muito resistente encontra-se dispon\u00edvel em 7 cores variadas para conjugar com a restante colec\u00e7\u00e3o.    <\/p>\n","protected":false},"excerpt":{"rendered":"<p>CHARADE \u00e9 um tecido jacquard para estofo com um padr\u00e3o complexo e rico. Este jacquard apresenta um design geom\u00e9trico estruturado, composto por formas angulares que se encaixam num jogo preciso de linhas e ritmos. O desenho constr\u00f3i uma sensa\u00e7\u00e3o de profundidade e relevo, como uma arquitetura t\u00eaxtil cuidadosamente pensada, onde cada segmento refor\u00e7a o equil\u00edbrio do conjunto. A repeti\u00e7\u00e3o cria dinamismo sem excessos, conferindo ao tecido uma presen\u00e7a gr\u00e1fica forte, simultaneamente sofisticada e intemporal, onde a ordem geom\u00e9trica se transforma em express\u00e3o decorativa refinada.<br \/>Este tecido muito resistente encontra-se dispon\u00edvel em 7 cores variadas para conjugar com a restante colec\u00e7\u00e3o.    <\/p>\n","protected":false},"featured_media":225458,"template":"","meta":[],"product_brand":[539],"product_cat":[6145],"product_tag":[],"class_list":{"0":"post-225056","1":"product","2":"type-product","3":"status-publish","4":"has-post-thumbnail","6":"product_brand-aldeco","7":"product_cat-aldeco-2-pt-pt-2","8":"pa_cleanability-8282","9":"pa_composition-ext-62-bci-co-29-pl-5-li-4-vi-pt-pt","10":"pa_interior-fabrics-1-pt-pt","11":"pa_line-estofo","12":"pa_lithfastness-4-pt-pt","13":"pa_outdoor-0-pt-pt","14":"pa_range-jacquard-pt-pt","15":"pa_rapport-horizontal-32-pt-pt","16":"pa_rapport-vertical-40-pt-pt","17":"pa_sustainable-fabrics-1-pt-pt","20":"first","21":"instock","22":"purchasable","23":"product-type-variable"},"acf":[],"_links":{"self":[{"href":"https:\/\/staging.aldeco.pt\/pt-pt\/wp-json\/wp\/v2\/product\/225056","targetHints":{"allow":["GET"]}}],"collection":[{"href":"https:\/\/staging.aldeco.pt\/pt-pt\/wp-json\/wp\/v2\/product"}],"about":[{"href":"https:\/\/staging.aldeco.pt\/pt-pt\/wp-json\/wp\/v2\/types\/product"}],"version-history":[{"count":1,"href":"https:\/\/staging.aldeco.pt\/pt-pt\/wp-json\/wp\/v2\/product\/225056\/revisions"}],"predecessor-version":[{"id":225118,"href":"https:\/\/staging.aldeco.pt\/pt-pt\/wp-json\/wp\/v2\/product\/225056\/revisions\/225118"}],"wp:featuredmedia":[{"embeddable":true,"href":"https:\/\/staging.aldeco.pt\/pt-pt\/wp-json\/wp\/v2\/media\/225458"}],"wp:attachment":[{"href":"https:\/\/staging.aldeco.pt\/pt-pt\/wp-json\/wp\/v2\/media?parent=225056"}],"wp:term":[{"taxonomy":"product_brand","embeddable":true,"href":"https:\/\/staging.aldeco.pt\/pt-pt\/wp-json\/wp\/v2\/product_brand?post=225056"},{"taxonomy":"product_cat","embeddable":true,"href":"https:\/\/staging.aldeco.pt\/pt-pt\/wp-json\/wp\/v2\/product_cat?post=225056"},{"taxonomy":"product_tag","embeddable":true,"href":"https:\/\/staging.aldeco.pt\/pt-pt\/wp-json\/wp\/v2\/product_tag?post=225056"}],"curies":[{"name":"wp","href":"https:\/\/api.w.org\/{rel}","templated":true}]}}