{"id":225050,"date":"2026-01-14T09:22:02","date_gmt":"2026-01-14T09:22:02","guid":{"rendered":"https:\/\/aldeco.pt\/staging\/product\/poetique\/"},"modified":"2026-01-15T09:32:10","modified_gmt":"2026-01-15T09:32:10","slug":"poetique","status":"publish","type":"product","link":"https:\/\/staging.aldeco.pt\/pt-pt\/product\/poetique\/","title":{"rendered":"POETIQUE"},"content":{"rendered":"<p>POETIQUE \u00e9 um tecido de cetim de algod\u00e3o finamente bordado para estofo. O tecido revela uma clara influ\u00eancia oriental, lembrando leques abertos ou p\u00e9talas estilizadas desenhadas com a precis\u00e3o de um gesto caligr\u00e1fico, t\u00e3o queridos para Veva de Lima. As linhas, repetem-se pela base formando arcos levemente hipn\u00f3ticos, o que cria um movimento sereno que evoca rituais de contempla\u00e7\u00e3o e a harmonia das artes decorativas do Oriente. O padr\u00e3o, simultaneamente geom\u00e9trico e po\u00e9tico, \u00e9 abstrato e destaca-se pela delicadeza do tra\u00e7o que apresenta numa linguagem visual requintada. Cada curva desenrola-se com eleg\u00e2ncia em riscas repletas de tradi\u00e7\u00e3o e ancestralidade. Descubra este poema visual dispon\u00edvel 5 cores intemporais.     <\/p>\n","protected":false},"excerpt":{"rendered":"<p>POETIQUE \u00e9 um tecido de cetim de algod\u00e3o finamente bordado para estofo. O tecido revela uma clara influ\u00eancia oriental, lembrando leques abertos ou p\u00e9talas estilizadas desenhadas com a precis\u00e3o de um gesto caligr\u00e1fico, t\u00e3o queridos para Veva de Lima. As linhas, repetem-se pela base formando arcos levemente hipn\u00f3ticos, o que cria um movimento sereno que evoca rituais de contempla\u00e7\u00e3o e a harmonia das artes decorativas do Oriente. O padr\u00e3o, simultaneamente geom\u00e9trico e po\u00e9tico, \u00e9 abstrato e destaca-se pela delicadeza do tra\u00e7o que apresenta numa linguagem visual requintada. Cada curva desenrola-se com eleg\u00e2ncia em riscas repletas de tradi\u00e7\u00e3o e ancestralidade. Descubra este poema visual dispon\u00edvel 5 cores intemporais.     <\/p>\n","protected":false},"featured_media":224881,"template":"","meta":[],"product_brand":[539],"product_cat":[6145],"product_tag":[],"class_list":{"0":"post-225050","1":"product","2":"type-product","3":"status-publish","4":"has-post-thumbnail","6":"product_brand-aldeco","7":"product_cat-aldeco-2-pt-pt-2","8":"pa_cleanability-8282","9":"pa_composition-ext-100-bci-co-embroidery-70-vi-15-pl-10-co-5-pa-pt-pt","10":"pa_interior-fabrics-1-pt-pt","11":"pa_line-estofo","12":"pa_lithfastness-4-pt-pt","13":"pa_opportunities-descontinuado","14":"pa_outdoor-0-pt-pt","15":"pa_range-bordado","16":"pa_range-cetim","17":"pa_rapport-horizontal-45-pt-pt","18":"pa_rapport-vertical-79-pt-pt","19":"pa_sustainable-fabrics-1-pt-pt","22":"first","23":"instock","24":"purchasable","25":"product-type-variable"},"acf":[],"_links":{"self":[{"href":"https:\/\/staging.aldeco.pt\/pt-pt\/wp-json\/wp\/v2\/product\/225050","targetHints":{"allow":["GET"]}}],"collection":[{"href":"https:\/\/staging.aldeco.pt\/pt-pt\/wp-json\/wp\/v2\/product"}],"about":[{"href":"https:\/\/staging.aldeco.pt\/pt-pt\/wp-json\/wp\/v2\/types\/product"}],"version-history":[{"count":1,"href":"https:\/\/staging.aldeco.pt\/pt-pt\/wp-json\/wp\/v2\/product\/225050\/revisions"}],"predecessor-version":[{"id":225117,"href":"https:\/\/staging.aldeco.pt\/pt-pt\/wp-json\/wp\/v2\/product\/225050\/revisions\/225117"}],"wp:featuredmedia":[{"embeddable":true,"href":"https:\/\/staging.aldeco.pt\/pt-pt\/wp-json\/wp\/v2\/media\/224881"}],"wp:attachment":[{"href":"https:\/\/staging.aldeco.pt\/pt-pt\/wp-json\/wp\/v2\/media?parent=225050"}],"wp:term":[{"taxonomy":"product_brand","embeddable":true,"href":"https:\/\/staging.aldeco.pt\/pt-pt\/wp-json\/wp\/v2\/product_brand?post=225050"},{"taxonomy":"product_cat","embeddable":true,"href":"https:\/\/staging.aldeco.pt\/pt-pt\/wp-json\/wp\/v2\/product_cat?post=225050"},{"taxonomy":"product_tag","embeddable":true,"href":"https:\/\/staging.aldeco.pt\/pt-pt\/wp-json\/wp\/v2\/product_tag?post=225050"}],"curies":[{"name":"wp","href":"https:\/\/api.w.org\/{rel}","templated":true}]}}