{"id":225046,"date":"2026-01-14T09:22:47","date_gmt":"2026-01-14T09:22:47","guid":{"rendered":"https:\/\/aldeco.pt\/staging\/product\/blase\/"},"modified":"2026-01-15T09:31:24","modified_gmt":"2026-01-15T09:31:24","slug":"blase","status":"publish","type":"product","link":"https:\/\/staging.aldeco.pt\/pt-pt\/product\/blase\/","title":{"rendered":"BLASE"},"content":{"rendered":"<p>BLAS\u00c9 \u00e9 um tecido bordado na base texturada neutra de nome PRIMITIF.<br \/>Este tecido revela-se com um look simultaneamente artesanal e sofisticado, onde linhas curvas se encontram como caminhos ancestrais marcados na base com fios de juta delicadamente bordados. O tom da base \u00e9 comum \u00e0s 3 variantes crom\u00e1ticas.<br \/>O desenho repete-se como um ritual, com cada curva delineada em pontos e tra\u00e7os que parecem bordados por artes\u00e3os pacientes, herdando gestos de gera\u00e7\u00f5es. A composi\u00e7\u00e3o cria um ritmo suave, quase como o fluir de rios sinuosos sobre um relevo tranquilo.<br \/>\u00c9 um tecido de aspecto natural e simultaneamente nobre \u2014 a combina\u00e7\u00e3o ideal entre a simplicidade da mat\u00e9ria-prima e a sofistica\u00e7\u00e3o do detalhe de diferentes tipos de fios bordados. Um tecido que expressa autenticidade e requinte, como se trouxesse consigo a mem\u00f3ria quente de um atelier tradicional. Deixe-se surpreender pelos seus 3 tons de bordado.       <\/p>\n","protected":false},"excerpt":{"rendered":"<p>BLAS\u00c9 \u00e9 um tecido bordado na base texturada neutra de nome PRIMITIF.<br \/>Este tecido revela-se com um look simultaneamente artesanal e sofisticado, onde linhas curvas se encontram como caminhos ancestrais marcados na base com fios de juta delicadamente bordados. O tom da base \u00e9 comum \u00e0s 3 variantes crom\u00e1ticas.<br \/>O desenho repete-se como um ritual, com cada curva delineada em pontos e tra\u00e7os que parecem bordados por artes\u00e3os pacientes, herdando gestos de gera\u00e7\u00f5es. A composi\u00e7\u00e3o cria um ritmo suave, quase como o fluir de rios sinuosos sobre um relevo tranquilo.<br \/>\u00c9 um tecido de aspecto natural e simultaneamente nobre \u2014 a combina\u00e7\u00e3o ideal entre a simplicidade da mat\u00e9ria-prima e a sofistica\u00e7\u00e3o do detalhe de diferentes tipos de fios bordados. Um tecido que expressa autenticidade e requinte, como se trouxesse consigo a mem\u00f3ria quente de um atelier tradicional. Deixe-se surpreender pelos seus 3 tons de bordado.       <\/p>\n","protected":false},"featured_media":225443,"template":"","meta":[],"product_brand":[539],"product_cat":[6145],"product_tag":[],"class_list":{"0":"post-225046","1":"product","2":"type-product","3":"status-publish","4":"has-post-thumbnail","6":"product_brand-aldeco","7":"product_cat-aldeco-2-pt-pt-2","8":"pa_cleanability-8282","9":"pa_composition-ext-52-bci-co-48-pl-pt-pt","10":"pa_interior-fabrics-1-pt-pt","11":"pa_line-estofo-ligeiro","12":"pa_lithfastness-4-pt-pt","13":"pa_opportunities-descontinuado","14":"pa_outdoor-0-pt-pt","15":"pa_range-bordado","16":"pa_rapport-horizontal-69-pt-pt","17":"pa_rapport-vertical-58-pt-pt","18":"pa_sustainable-fabrics-1-pt-pt","21":"first","22":"instock","23":"purchasable","24":"product-type-variable"},"acf":[],"_links":{"self":[{"href":"https:\/\/staging.aldeco.pt\/pt-pt\/wp-json\/wp\/v2\/product\/225046","targetHints":{"allow":["GET"]}}],"collection":[{"href":"https:\/\/staging.aldeco.pt\/pt-pt\/wp-json\/wp\/v2\/product"}],"about":[{"href":"https:\/\/staging.aldeco.pt\/pt-pt\/wp-json\/wp\/v2\/types\/product"}],"version-history":[{"count":1,"href":"https:\/\/staging.aldeco.pt\/pt-pt\/wp-json\/wp\/v2\/product\/225046\/revisions"}],"predecessor-version":[{"id":225116,"href":"https:\/\/staging.aldeco.pt\/pt-pt\/wp-json\/wp\/v2\/product\/225046\/revisions\/225116"}],"wp:featuredmedia":[{"embeddable":true,"href":"https:\/\/staging.aldeco.pt\/pt-pt\/wp-json\/wp\/v2\/media\/225443"}],"wp:attachment":[{"href":"https:\/\/staging.aldeco.pt\/pt-pt\/wp-json\/wp\/v2\/media?parent=225046"}],"wp:term":[{"taxonomy":"product_brand","embeddable":true,"href":"https:\/\/staging.aldeco.pt\/pt-pt\/wp-json\/wp\/v2\/product_brand?post=225046"},{"taxonomy":"product_cat","embeddable":true,"href":"https:\/\/staging.aldeco.pt\/pt-pt\/wp-json\/wp\/v2\/product_cat?post=225046"},{"taxonomy":"product_tag","embeddable":true,"href":"https:\/\/staging.aldeco.pt\/pt-pt\/wp-json\/wp\/v2\/product_tag?post=225046"}],"curies":[{"name":"wp","href":"https:\/\/api.w.org\/{rel}","templated":true}]}}