{"id":225044,"date":"2026-01-14T09:23:28","date_gmt":"2026-01-14T09:23:28","guid":{"rendered":"https:\/\/aldeco.pt\/staging\/product\/primitif-easy-clean\/"},"modified":"2026-01-15T09:30:38","modified_gmt":"2026-01-15T09:30:38","slug":"primitif-easy-clean","status":"publish","type":"product","link":"https:\/\/staging.aldeco.pt\/pt-pt\/product\/primitif-easy-clean\/","title":{"rendered":"PRIMITIF EASY CLEAN"},"content":{"rendered":"<p>PRIMITIF EASY CLEAN \u00e9 um tecido estruturado de f\u00e1cil limpeza para estofo. Este tecido apresenta-se apenas numa cor natural alinhada e possui um martindale elevado aliado a caracter\u00edsticas de f\u00e1cil manuten\u00e7\u00e3o para uma textura elegante e est\u00e9tica sofisticada constante nos seus espa\u00e7os. <\/p>\n","protected":false},"excerpt":{"rendered":"<p>PRIMITIF EASY CLEAN \u00e9 um tecido estruturado de f\u00e1cil limpeza para estofo. Este tecido apresenta-se apenas numa cor natural alinhada e possui um martindale elevado aliado a caracter\u00edsticas de f\u00e1cil manuten\u00e7\u00e3o para uma textura elegante e est\u00e9tica sofisticada constante nos seus espa\u00e7os. <\/p>\n","protected":false},"featured_media":224901,"template":"","meta":[],"product_brand":[539],"product_cat":[6145],"product_tag":[],"class_list":{"0":"post-225044","1":"product","2":"type-product","3":"status-publish","4":"has-post-thumbnail","6":"product_brand-aldeco","7":"product_cat-aldeco-2-pt-pt-2","8":"pa_cleanability-8282","9":"pa_composition-ext-52-bci-co-48-pl-pt-pt","10":"pa_interior-fabrics-1-pt-pt","11":"pa_line-estofo-ligeiro","12":"pa_lithfastness-4-pt-pt","13":"pa_opportunities-descontinuado","14":"pa_outdoor-0-pt-pt","15":"pa_range-liso","16":"pa_rapport-horizontal-_-pt-pt","17":"pa_rapport-vertical-_-pt-pt","18":"pa_special-treatments-fabrics-resistente-a-agua-facil-limpeza","19":"pa_sustainable-fabrics-1-pt-pt","22":"first","23":"instock","24":"purchasable","25":"product-type-variable"},"acf":[],"_links":{"self":[{"href":"https:\/\/staging.aldeco.pt\/pt-pt\/wp-json\/wp\/v2\/product\/225044","targetHints":{"allow":["GET"]}}],"collection":[{"href":"https:\/\/staging.aldeco.pt\/pt-pt\/wp-json\/wp\/v2\/product"}],"about":[{"href":"https:\/\/staging.aldeco.pt\/pt-pt\/wp-json\/wp\/v2\/types\/product"}],"version-history":[{"count":1,"href":"https:\/\/staging.aldeco.pt\/pt-pt\/wp-json\/wp\/v2\/product\/225044\/revisions"}],"predecessor-version":[{"id":225115,"href":"https:\/\/staging.aldeco.pt\/pt-pt\/wp-json\/wp\/v2\/product\/225044\/revisions\/225115"}],"wp:featuredmedia":[{"embeddable":true,"href":"https:\/\/staging.aldeco.pt\/pt-pt\/wp-json\/wp\/v2\/media\/224901"}],"wp:attachment":[{"href":"https:\/\/staging.aldeco.pt\/pt-pt\/wp-json\/wp\/v2\/media?parent=225044"}],"wp:term":[{"taxonomy":"product_brand","embeddable":true,"href":"https:\/\/staging.aldeco.pt\/pt-pt\/wp-json\/wp\/v2\/product_brand?post=225044"},{"taxonomy":"product_cat","embeddable":true,"href":"https:\/\/staging.aldeco.pt\/pt-pt\/wp-json\/wp\/v2\/product_cat?post=225044"},{"taxonomy":"product_tag","embeddable":true,"href":"https:\/\/staging.aldeco.pt\/pt-pt\/wp-json\/wp\/v2\/product_tag?post=225044"}],"curies":[{"name":"wp","href":"https:\/\/api.w.org\/{rel}","templated":true}]}}