{"id":225040,"date":"2026-01-14T09:23:34","date_gmt":"2026-01-14T09:23:34","guid":{"rendered":"https:\/\/aldeco.pt\/staging\/product\/la-scene\/"},"modified":"2026-01-15T09:29:52","modified_gmt":"2026-01-15T09:29:52","slug":"la-scene","status":"publish","type":"product","link":"https:\/\/staging.aldeco.pt\/pt-pt\/product\/la-scene\/","title":{"rendered":"LA SCENE"},"content":{"rendered":"<p>LA SCENE \u00e9 um tecido largo de cortina com cerca de 295\/300 cm. Este \u00e9 um tecido de trama aberta, pesado, com ricos fios boucl\u00e9, o que cria uma textura suave e natural. Os fios boucl\u00e9 s\u00e3o estruturados e dispostos verticalmente o que confere profundidade e car\u00e1cter aos espa\u00e7os.<\/p>\n<p>Trata-se de um tecido encorpado, mas que permite boa passagem de luz, \u00e9 indicado para cortinas gra\u00e7as \u00e0 sua excelente ca\u00edda. Garante um espa\u00e7o confort\u00e1vel sem bloquear completamente a luminosidade. Est\u00e1 dispon\u00edvel em 3 cores naturais muito elegantes.     <\/p>\n","protected":false},"excerpt":{"rendered":"<p>LA SCENE \u00e9 um tecido largo de cortina com cerca de 295\/300 cm. Este \u00e9 um tecido de trama aberta, pesado, com ricos fios boucl\u00e9, o que cria uma textura suave e natural. Os fios boucl\u00e9 s\u00e3o estruturados e dispostos verticalmente o que confere profundidade e car\u00e1cter aos espa\u00e7os.<\/p>\n<p>Trata-se de um tecido encorpado, mas que permite boa passagem de luz, \u00e9 indicado para cortinas gra\u00e7as \u00e0 sua excelente ca\u00edda. Garante um espa\u00e7o confort\u00e1vel sem bloquear completamente a luminosidade. Est\u00e1 dispon\u00edvel em 3 cores naturais muito elegantes.     <\/p>\n","protected":false},"featured_media":224905,"template":"","meta":[],"product_brand":[539],"product_cat":[6145],"product_tag":[],"class_list":{"0":"post-225040","1":"product","2":"type-product","3":"status-publish","4":"has-post-thumbnail","6":"product_brand-aldeco","7":"product_cat-aldeco-2-pt-pt-2","8":"pa_cleanability-8282","9":"pa_composition-ext-5550-co-35-vi-950-ha-pt-pt","10":"pa_interior-fabrics-1-pt-pt","11":"pa_line-curtinas","12":"pa_lithfastness-5-pt-pt","13":"pa_opportunities-descontinuado","14":"pa_outdoor-0-pt-pt","15":"pa_range-boucle-pt-pt","16":"pa_rapport-horizontal-_-pt-pt","17":"pa_rapport-vertical-_-pt-pt","20":"first","21":"instock","22":"purchasable","23":"product-type-variable"},"acf":[],"_links":{"self":[{"href":"https:\/\/staging.aldeco.pt\/pt-pt\/wp-json\/wp\/v2\/product\/225040","targetHints":{"allow":["GET"]}}],"collection":[{"href":"https:\/\/staging.aldeco.pt\/pt-pt\/wp-json\/wp\/v2\/product"}],"about":[{"href":"https:\/\/staging.aldeco.pt\/pt-pt\/wp-json\/wp\/v2\/types\/product"}],"version-history":[{"count":1,"href":"https:\/\/staging.aldeco.pt\/pt-pt\/wp-json\/wp\/v2\/product\/225040\/revisions"}],"predecessor-version":[{"id":225114,"href":"https:\/\/staging.aldeco.pt\/pt-pt\/wp-json\/wp\/v2\/product\/225040\/revisions\/225114"}],"wp:featuredmedia":[{"embeddable":true,"href":"https:\/\/staging.aldeco.pt\/pt-pt\/wp-json\/wp\/v2\/media\/224905"}],"wp:attachment":[{"href":"https:\/\/staging.aldeco.pt\/pt-pt\/wp-json\/wp\/v2\/media?parent=225040"}],"wp:term":[{"taxonomy":"product_brand","embeddable":true,"href":"https:\/\/staging.aldeco.pt\/pt-pt\/wp-json\/wp\/v2\/product_brand?post=225040"},{"taxonomy":"product_cat","embeddable":true,"href":"https:\/\/staging.aldeco.pt\/pt-pt\/wp-json\/wp\/v2\/product_cat?post=225040"},{"taxonomy":"product_tag","embeddable":true,"href":"https:\/\/staging.aldeco.pt\/pt-pt\/wp-json\/wp\/v2\/product_tag?post=225040"}],"curies":[{"name":"wp","href":"https:\/\/api.w.org\/{rel}","templated":true}]}}