{"id":225036,"date":"2026-01-14T09:23:56","date_gmt":"2026-01-14T09:23:56","guid":{"rendered":"https:\/\/aldeco.pt\/staging\/product\/linor\/"},"modified":"2026-01-15T09:29:05","modified_gmt":"2026-01-15T09:29:05","slug":"linor","status":"publish","type":"product","link":"https:\/\/staging.aldeco.pt\/pt-pt\/product\/linor\/","title":{"rendered":"LINOR"},"content":{"rendered":"<p>LINOR \u00e9 um tecido largo e pesado de cortina com transpar\u00eancia. Reste tecido de apar\u00eancia natural, com fundo levemente texturado, semelhante ao linho. Possui riscas verticais bordadas, elegantes e regulares, de tom semelhante ao fundo ou mais contrastante, que criam um padr\u00e3o discreto e estruturado.<\/p>\n<p>O bordado \u00e9 subtil acrescentando ritmo visual e originalidade ao tecido. Este tecido de cortina transmite leveza, neutralidade e sobriedade, permitindo boa passagem de luz e sendo adequado para ambientes minimalistas ou contempor\u00e2neos. Linor est\u00e1 dispon\u00edvel em 2 tons.     <\/p>\n","protected":false},"excerpt":{"rendered":"<p>LINOR is a wide (300 cm), heavy curtain fabric with transparency. This natural-looking fabric has a slightly textured ground, similar to linen. It features elegant and regular embroidered vertical stripes, in a tone like the ground or slightly more contrasting, creating a discreet and structured pattern. The embroidery is subtle, adding visual rhythm and originality to the fabric. This sheer conveys lightness, neutrality, and sobriety, allowing good light transmission and being suitable for minimalist or contemporary spaces. Linor is available in 2 shades.     <\/p>\n","protected":false},"featured_media":224913,"template":"","meta":[],"product_brand":[],"product_cat":[6145],"product_tag":[],"class_list":{"0":"post-225036","1":"product","2":"type-product","3":"status-publish","4":"has-post-thumbnail","6":"product_cat-aldeco-2-pt-pt-2","7":"pa_cleanability-8282","8":"pa_composition-ext-38-pl-19-pac-19-co-12-li-pt-pt","9":"pa_interior-fabrics-1-pt-pt","10":"pa_line-curtinas","11":"pa_lithfastness-4-5-pt-pt-2","12":"pa_opportunities-descontinuado","13":"pa_outdoor-0-pt-pt","14":"pa_range-bordado","15":"pa_rapport-horizontal-20-pt-pt","16":"pa_rapport-vertical-2-pt-pt","17":"pa_sustainable-fabrics-1-pt-pt","20":"first","21":"instock","22":"purchasable","23":"product-type-variable"},"acf":[],"_links":{"self":[{"href":"https:\/\/staging.aldeco.pt\/pt-pt\/wp-json\/wp\/v2\/product\/225036","targetHints":{"allow":["GET"]}}],"collection":[{"href":"https:\/\/staging.aldeco.pt\/pt-pt\/wp-json\/wp\/v2\/product"}],"about":[{"href":"https:\/\/staging.aldeco.pt\/pt-pt\/wp-json\/wp\/v2\/types\/product"}],"version-history":[{"count":1,"href":"https:\/\/staging.aldeco.pt\/pt-pt\/wp-json\/wp\/v2\/product\/225036\/revisions"}],"predecessor-version":[{"id":225039,"href":"https:\/\/staging.aldeco.pt\/pt-pt\/wp-json\/wp\/v2\/product\/225036\/revisions\/225039"}],"wp:featuredmedia":[{"embeddable":true,"href":"https:\/\/staging.aldeco.pt\/pt-pt\/wp-json\/wp\/v2\/media\/224913"}],"wp:attachment":[{"href":"https:\/\/staging.aldeco.pt\/pt-pt\/wp-json\/wp\/v2\/media?parent=225036"}],"wp:term":[{"taxonomy":"product_brand","embeddable":true,"href":"https:\/\/staging.aldeco.pt\/pt-pt\/wp-json\/wp\/v2\/product_brand?post=225036"},{"taxonomy":"product_cat","embeddable":true,"href":"https:\/\/staging.aldeco.pt\/pt-pt\/wp-json\/wp\/v2\/product_cat?post=225036"},{"taxonomy":"product_tag","embeddable":true,"href":"https:\/\/staging.aldeco.pt\/pt-pt\/wp-json\/wp\/v2\/product_tag?post=225036"}],"curies":[{"name":"wp","href":"https:\/\/api.w.org\/{rel}","templated":true}]}}