{"id":225030,"date":"2026-01-14T09:24:15","date_gmt":"2026-01-14T09:24:15","guid":{"rendered":"https:\/\/aldeco.pt\/staging\/product\/flapper-stripe-in-outdoor-fr\/"},"modified":"2026-01-15T09:28:19","modified_gmt":"2026-01-15T09:28:19","slug":"flapper-stripe-in-outdoor-fr","status":"publish","type":"product","link":"https:\/\/staging.aldeco.pt\/pt-pt\/product\/flapper-stripe-in-outdoor-fr\/","title":{"rendered":"FLAPPER STRIPE IN\/OUTDOOR FR"},"content":{"rendered":"<p>FLAPPER IN\/OUTDOOR FR \u00e9 um tecido jacquard de uso interior e exterior para estofo.<br \/>O seu padr\u00e3o \u00e0s riscas numa base panam\u00e1 cria um conjunto de linhas din\u00e2micas, com relevos subtis, conferindo ao tecido uma apar\u00eancia elegante e moderna. A intera\u00e7\u00e3o entre a geometria das riscas e a volumetria dos fios boucl\u00e9 resulta num tecido com presen\u00e7a distinta, capaz de transformar qualquer espa\u00e7o com sofistica\u00e7\u00e3o. FLAPPER \u00e9 um tecido dispon\u00edvel em 5 cores diferentes, \u00e9 repelente \u00e0 \u00e1gua e extremamente resistente aos elementos exteriores como o sol, o cloro, o bolor e a salitre.  <\/p>\n","protected":false},"excerpt":{"rendered":"<p>FLAPPER IN\/OUTDOOR FR \u00e9 um tecido jacquard de uso interior e exterior para estofo.<br \/>O seu padr\u00e3o \u00e0s riscas numa base panam\u00e1 cria um conjunto de linhas din\u00e2micas, com relevos subtis, conferindo ao tecido uma apar\u00eancia elegante e moderna. A intera\u00e7\u00e3o entre a geometria das riscas e a volumetria dos fios boucl\u00e9 resulta num tecido com presen\u00e7a distinta, capaz de transformar qualquer espa\u00e7o com sofistica\u00e7\u00e3o. FLAPPER \u00e9 um tecido dispon\u00edvel em 5 cores diferentes, \u00e9 repelente \u00e0 \u00e1gua e extremamente resistente aos elementos exteriores como o sol, o cloro, o bolor e a salitre.  <\/p>\n","protected":false},"featured_media":224919,"template":"","meta":[],"product_brand":[],"product_cat":[6145],"product_tag":[],"class_list":{"0":"post-225030","1":"product","2":"type-product","3":"status-publish","4":"has-post-thumbnail","6":"product_cat-aldeco-2-pt-pt-2","7":"pa_cleanability-8282","8":"pa_composition-ext-90-rpp-10-pl-pt-pt","9":"pa_contract-fabrics-1-pt-pt","10":"pa_indoor-fabrics-1-pt-pt","11":"pa_interior-fabrics-1-pt-pt","12":"pa_lithfastness-7-pt-pt","13":"pa_outdoor-outdoor","14":"pa_range-boucle-pt-pt","15":"pa_range-jacquard-pt-pt","16":"pa_rapport-horizontal-_-pt-pt","17":"pa_rapport-vertical-4-5-pt-pt","18":"pa_special-treatments-fabrics-1-pt-pt","19":"pa_sustainable-fabrics-1-pt-pt","22":"first","23":"instock","24":"purchasable","25":"product-type-variable"},"acf":[],"_links":{"self":[{"href":"https:\/\/staging.aldeco.pt\/pt-pt\/wp-json\/wp\/v2\/product\/225030","targetHints":{"allow":["GET"]}}],"collection":[{"href":"https:\/\/staging.aldeco.pt\/pt-pt\/wp-json\/wp\/v2\/product"}],"about":[{"href":"https:\/\/staging.aldeco.pt\/pt-pt\/wp-json\/wp\/v2\/types\/product"}],"version-history":[{"count":1,"href":"https:\/\/staging.aldeco.pt\/pt-pt\/wp-json\/wp\/v2\/product\/225030\/revisions"}],"predecessor-version":[{"id":225113,"href":"https:\/\/staging.aldeco.pt\/pt-pt\/wp-json\/wp\/v2\/product\/225030\/revisions\/225113"}],"wp:featuredmedia":[{"embeddable":true,"href":"https:\/\/staging.aldeco.pt\/pt-pt\/wp-json\/wp\/v2\/media\/224919"}],"wp:attachment":[{"href":"https:\/\/staging.aldeco.pt\/pt-pt\/wp-json\/wp\/v2\/media?parent=225030"}],"wp:term":[{"taxonomy":"product_brand","embeddable":true,"href":"https:\/\/staging.aldeco.pt\/pt-pt\/wp-json\/wp\/v2\/product_brand?post=225030"},{"taxonomy":"product_cat","embeddable":true,"href":"https:\/\/staging.aldeco.pt\/pt-pt\/wp-json\/wp\/v2\/product_cat?post=225030"},{"taxonomy":"product_tag","embeddable":true,"href":"https:\/\/staging.aldeco.pt\/pt-pt\/wp-json\/wp\/v2\/product_tag?post=225030"}],"curies":[{"name":"wp","href":"https:\/\/api.w.org\/{rel}","templated":true}]}}