{"id":225027,"date":"2026-01-14T09:24:58","date_gmt":"2026-01-14T09:24:58","guid":{"rendered":"https:\/\/aldeco.pt\/staging\/product\/jazz-stripe-in-outdoor-fr\/"},"modified":"2026-01-15T09:27:33","modified_gmt":"2026-01-15T09:27:33","slug":"jazz-stripe-in-outdoor-fr","status":"publish","type":"product","link":"https:\/\/staging.aldeco.pt\/pt-pt\/product\/jazz-stripe-in-outdoor-fr\/","title":{"rendered":"JAZZ STRIPE IN\/OUTDOOR FR"},"content":{"rendered":"<p>JAZZ IN\/OUTDOOR FR \u00e9 um tecido jacquard adequando para usos interior e exterior, com padr\u00e3o de riscas largas. Desenvolvido com fios boucl\u00e9, o tecido combina simplicidade e sofistica\u00e7\u00e3o, tornando-o ideal para complementar qualquer ambiente com originalidade, eleg\u00e2ncia e versatilidade. As linhas cuidadosamente trabalhadas e os pormenores de boucl\u00e9 conferem-lhe estrutura e textura.<\/p>\n<p>Dispon\u00edvel em 2 cores, o tecido JAZZ \u00e9 perfeito para estofos e almofadas adequados tanto a interiores como exteriores devido \u00e0s suas caracter\u00edsticas t\u00e9cnicas de resist\u00eancia excecional.   <\/p>\n","protected":false},"excerpt":{"rendered":"<p>JAZZ IN\/OUTDOOR FR \u00e9 um tecido jacquard adequando para usos interior e exterior, com padr\u00e3o de riscas largas. Desenvolvido com fios boucl\u00e9, o tecido combina simplicidade e sofistica\u00e7\u00e3o, tornando-o ideal para complementar qualquer ambiente com originalidade, eleg\u00e2ncia e versatilidade. As linhas cuidadosamente trabalhadas e os pormenores de boucl\u00e9 conferem-lhe estrutura e textura.<\/p>\n<p>Dispon\u00edvel em 2 cores, o tecido JAZZ \u00e9 perfeito para estofos e almofadas adequados tanto a interiores como exteriores devido \u00e0s suas caracter\u00edsticas t\u00e9cnicas de resist\u00eancia excecional.   <\/p>\n","protected":false},"featured_media":224931,"template":"","meta":[],"product_brand":[539],"product_cat":[6145],"product_tag":[],"class_list":{"0":"post-225027","1":"product","2":"type-product","3":"status-publish","4":"has-post-thumbnail","6":"product_brand-aldeco","7":"product_cat-aldeco-2-pt-pt-2","8":"pa_cleanability-8282","9":"pa_composition-ext-92-rpp-8-pl-pt-pt","10":"pa_contract-fabrics-1-pt-pt","11":"pa_indoor-fabrics-1-pt-pt","12":"pa_interior-fabrics-1-pt-pt","13":"pa_line-outdoor-pt-pt","14":"pa_lithfastness-7-8-pt-pt","15":"pa_opportunities-descontinuado","16":"pa_outdoor-outdoor","17":"pa_range-boucle-pt-pt","18":"pa_range-jacquard-pt-pt","19":"pa_rapport-horizontal-_-pt-pt","20":"pa_rapport-vertical-7-5-pt-pt","21":"pa_special-treatments-fabrics-1-pt-pt","22":"pa_sustainable-fabrics-1-pt-pt","25":"first","26":"instock","27":"purchasable","28":"product-type-variable"},"acf":[],"_links":{"self":[{"href":"https:\/\/staging.aldeco.pt\/pt-pt\/wp-json\/wp\/v2\/product\/225027","targetHints":{"allow":["GET"]}}],"collection":[{"href":"https:\/\/staging.aldeco.pt\/pt-pt\/wp-json\/wp\/v2\/product"}],"about":[{"href":"https:\/\/staging.aldeco.pt\/pt-pt\/wp-json\/wp\/v2\/types\/product"}],"version-history":[{"count":1,"href":"https:\/\/staging.aldeco.pt\/pt-pt\/wp-json\/wp\/v2\/product\/225027\/revisions"}],"predecessor-version":[{"id":225112,"href":"https:\/\/staging.aldeco.pt\/pt-pt\/wp-json\/wp\/v2\/product\/225027\/revisions\/225112"}],"wp:featuredmedia":[{"embeddable":true,"href":"https:\/\/staging.aldeco.pt\/pt-pt\/wp-json\/wp\/v2\/media\/224931"}],"wp:attachment":[{"href":"https:\/\/staging.aldeco.pt\/pt-pt\/wp-json\/wp\/v2\/media?parent=225027"}],"wp:term":[{"taxonomy":"product_brand","embeddable":true,"href":"https:\/\/staging.aldeco.pt\/pt-pt\/wp-json\/wp\/v2\/product_brand?post=225027"},{"taxonomy":"product_cat","embeddable":true,"href":"https:\/\/staging.aldeco.pt\/pt-pt\/wp-json\/wp\/v2\/product_cat?post=225027"},{"taxonomy":"product_tag","embeddable":true,"href":"https:\/\/staging.aldeco.pt\/pt-pt\/wp-json\/wp\/v2\/product_tag?post=225027"}],"curies":[{"name":"wp","href":"https:\/\/api.w.org\/{rel}","templated":true}]}}