{"id":225021,"date":"2026-01-14T09:25:18","date_gmt":"2026-01-14T09:25:18","guid":{"rendered":"https:\/\/aldeco.pt\/staging\/product\/foxtrot-stripe-in-outdoor-fr\/"},"modified":"2026-01-15T09:26:47","modified_gmt":"2026-01-15T09:26:47","slug":"foxtrot-stripe-in-outdoor-fr","status":"publish","type":"product","link":"https:\/\/staging.aldeco.pt\/pt-pt\/product\/foxtrot-stripe-in-outdoor-fr\/","title":{"rendered":"FOXTROT STRIPE IN\/OUTDOOR FR"},"content":{"rendered":"<p>FOXTROT IN\/OUTDOOR FR \u00e9 um tecido jacquard para estofo adequado tanto a interiores como exteriores com padr\u00e3o \u00e0s riscas. Este tecido desenvolvido com fios boucl\u00e9 apresenta-se com um desenho de riscas e uma esp\u00e9cie de xadrez subtil, conferindo ao tecido uma apar\u00eancia requintada. A harmonia entre linhas e a estrutura dos fios boucl\u00e9 cria um efeito elegante e moderno, atribuindo personalidade ao tecido sem comprometer a sua versatilidade. FOXTROT \u00e9 extremamente resistente \u00e0 abras\u00e3o e elementos da natureza e dispon\u00edvel em 5 cores. <\/p>\n","protected":false},"excerpt":{"rendered":"<p>FOXTROT IN\/OUTDOOR FR \u00e9 um tecido jacquard para estofo adequado tanto a interiores como exteriores com padr\u00e3o \u00e0s riscas. Este tecido desenvolvido com fios boucl\u00e9 apresenta-se com um desenho de riscas e uma esp\u00e9cie de xadrez subtil, conferindo ao tecido uma apar\u00eancia requintada. A harmonia entre linhas e a estrutura dos fios boucl\u00e9 cria um efeito elegante e moderno, atribuindo personalidade ao tecido sem comprometer a sua versatilidade. FOXTROT \u00e9 extremamente resistente \u00e0 abras\u00e3o e elementos da natureza e dispon\u00edvel em 5 cores. <\/p>\n","protected":false},"featured_media":224937,"template":"","meta":[],"product_brand":[539],"product_cat":[6145],"product_tag":[],"class_list":{"0":"post-225021","1":"product","2":"type-product","3":"status-publish","4":"has-post-thumbnail","6":"product_brand-aldeco","7":"product_cat-aldeco-2-pt-pt-2","8":"pa_cleanability-8282","9":"pa_composition-ext-92-rpp-8-pl-pt-pt","10":"pa_contract-fabrics-1-pt-pt","11":"pa_indoor-fabrics-1-pt-pt","12":"pa_interior-fabrics-1-pt-pt","13":"pa_line-outdoor-pt-pt","14":"pa_lithfastness-7-8-pt-pt","15":"pa_opportunities-descontinuado","16":"pa_outdoor-outdoor","17":"pa_range-boucle-pt-pt","18":"pa_range-jacquard-pt-pt","19":"pa_rapport-horizontal-1-pt-pt","20":"pa_rapport-vertical-6-pt-pt","21":"pa_special-treatments-fabrics-1-pt-pt","22":"pa_sustainable-fabrics-1-pt-pt","25":"first","26":"instock","27":"purchasable","28":"product-type-variable"},"acf":[],"_links":{"self":[{"href":"https:\/\/staging.aldeco.pt\/pt-pt\/wp-json\/wp\/v2\/product\/225021","targetHints":{"allow":["GET"]}}],"collection":[{"href":"https:\/\/staging.aldeco.pt\/pt-pt\/wp-json\/wp\/v2\/product"}],"about":[{"href":"https:\/\/staging.aldeco.pt\/pt-pt\/wp-json\/wp\/v2\/types\/product"}],"version-history":[{"count":1,"href":"https:\/\/staging.aldeco.pt\/pt-pt\/wp-json\/wp\/v2\/product\/225021\/revisions"}],"predecessor-version":[{"id":225111,"href":"https:\/\/staging.aldeco.pt\/pt-pt\/wp-json\/wp\/v2\/product\/225021\/revisions\/225111"}],"wp:featuredmedia":[{"embeddable":true,"href":"https:\/\/staging.aldeco.pt\/pt-pt\/wp-json\/wp\/v2\/media\/224937"}],"wp:attachment":[{"href":"https:\/\/staging.aldeco.pt\/pt-pt\/wp-json\/wp\/v2\/media?parent=225021"}],"wp:term":[{"taxonomy":"product_brand","embeddable":true,"href":"https:\/\/staging.aldeco.pt\/pt-pt\/wp-json\/wp\/v2\/product_brand?post=225021"},{"taxonomy":"product_cat","embeddable":true,"href":"https:\/\/staging.aldeco.pt\/pt-pt\/wp-json\/wp\/v2\/product_cat?post=225021"},{"taxonomy":"product_tag","embeddable":true,"href":"https:\/\/staging.aldeco.pt\/pt-pt\/wp-json\/wp\/v2\/product_tag?post=225021"}],"curies":[{"name":"wp","href":"https:\/\/api.w.org\/{rel}","templated":true}]}}