{"id":225010,"date":"2026-01-14T09:25:57","date_gmt":"2026-01-14T09:25:57","guid":{"rendered":"https:\/\/aldeco.pt\/staging\/product\/colette-in-outdoor\/"},"modified":"2026-01-15T09:25:58","modified_gmt":"2026-01-15T09:25:58","slug":"colette-in-outdoor","status":"publish","type":"product","link":"https:\/\/staging.aldeco.pt\/pt-pt\/product\/colette-in-outdoor\/","title":{"rendered":"COLETTE IN\/OUTDOOR"},"content":{"rendered":"<p>COLETTE IN\/OUTDOOR \u00e9 um tecido jacquard de estofo desenvolvido para oferecer resist\u00eancia e durabilidade em ambientes interiores e exteriores, mantendo uma est\u00e9tica refinada.<\/p>\n<p>O seu padr\u00e3o, aliado \u00e0s suas cores por vezes vibrantes, real\u00e7a o desenho abstrato. Este tecido revela um padr\u00e3o org\u00e2nico e fluido, composto por formas recortadas que se entrela\u00e7am como uma pintura modernista. As linhas suaves delimitam volumes irregulares, criando um jogo equilibrado entre cheios e vazios que confere ritmo e movimento \u00e0 superf\u00edcie. O desenho evoca uma natureza estilizada, reinterpretada de forma gr\u00e1fica e sofisticada, com leveza e harmonia. Colette apresenta um motivo expressivo atual, que alia modernidade e eleg\u00e2ncia numa linguagem visual clara e refinada.<\/p>\n<p>O tecido COLETTE \u00e9 perfeito para adicionar cor, estilo e conforto a estofos e almofadas em qualquer espa\u00e7o do seu projecto, estando dispon\u00edvel em 7 variantes de cor.      <\/p>\n","protected":false},"excerpt":{"rendered":"<p>COLETTE IN\/OUTDOOR \u00e9 um tecido jacquard de estofo desenvolvido para oferecer resist\u00eancia e durabilidade em ambientes interiores e exteriores, mantendo uma est\u00e9tica refinada.<\/p>\n<p>O seu padr\u00e3o, aliado \u00e0s suas cores por vezes vibrantes, real\u00e7a o desenho abstrato. Este tecido revela um padr\u00e3o org\u00e2nico e fluido, composto por formas recortadas que se entrela\u00e7am como uma pintura modernista. As linhas suaves delimitam volumes irregulares, criando um jogo equilibrado entre cheios e vazios que confere ritmo e movimento \u00e0 superf\u00edcie. O desenho evoca uma natureza estilizada, reinterpretada de forma gr\u00e1fica e sofisticada, com leveza e harmonia. Colette apresenta um motivo expressivo atual, que alia modernidade e eleg\u00e2ncia numa linguagem visual clara e refinada.<\/p>\n<p>O tecido COLETTE \u00e9 perfeito para adicionar cor, estilo e conforto a estofos e almofadas em qualquer espa\u00e7o do seu projecto, estando dispon\u00edvel em 7 variantes de cor.      <\/p>\n","protected":false},"featured_media":224949,"template":"","meta":[],"product_brand":[],"product_cat":[6145],"product_tag":[],"class_list":{"0":"post-225010","1":"product","2":"type-product","3":"status-publish","4":"has-post-thumbnail","6":"product_cat-aldeco-2-pt-pt-2","7":"pa_cleanability-8282","8":"pa_composition-ext-90-pp-10-pl-pt-pt","9":"pa_indoor-fabrics-1-pt-pt","10":"pa_interior-fabrics-1-pt-pt","11":"pa_line-outdoor-pt-pt","12":"pa_lithfastness-7-pt-pt","13":"pa_opportunities-descontinuado","14":"pa_outdoor-outdoor","15":"pa_range-jacquard-pt-pt","16":"pa_rapport-horizontal-65-pt-pt","17":"pa_rapport-vertical-85-pt-pt","18":"pa_sustainable-fabrics-0-pt-pt","21":"first","22":"instock","23":"purchasable","24":"product-type-variable"},"acf":[],"_links":{"self":[{"href":"https:\/\/staging.aldeco.pt\/pt-pt\/wp-json\/wp\/v2\/product\/225010","targetHints":{"allow":["GET"]}}],"collection":[{"href":"https:\/\/staging.aldeco.pt\/pt-pt\/wp-json\/wp\/v2\/product"}],"about":[{"href":"https:\/\/staging.aldeco.pt\/pt-pt\/wp-json\/wp\/v2\/types\/product"}],"version-history":[{"count":1,"href":"https:\/\/staging.aldeco.pt\/pt-pt\/wp-json\/wp\/v2\/product\/225010\/revisions"}],"predecessor-version":[{"id":225020,"href":"https:\/\/staging.aldeco.pt\/pt-pt\/wp-json\/wp\/v2\/product\/225010\/revisions\/225020"}],"wp:featuredmedia":[{"embeddable":true,"href":"https:\/\/staging.aldeco.pt\/pt-pt\/wp-json\/wp\/v2\/media\/224949"}],"wp:attachment":[{"href":"https:\/\/staging.aldeco.pt\/pt-pt\/wp-json\/wp\/v2\/media?parent=225010"}],"wp:term":[{"taxonomy":"product_brand","embeddable":true,"href":"https:\/\/staging.aldeco.pt\/pt-pt\/wp-json\/wp\/v2\/product_brand?post=225010"},{"taxonomy":"product_cat","embeddable":true,"href":"https:\/\/staging.aldeco.pt\/pt-pt\/wp-json\/wp\/v2\/product_cat?post=225010"},{"taxonomy":"product_tag","embeddable":true,"href":"https:\/\/staging.aldeco.pt\/pt-pt\/wp-json\/wp\/v2\/product_tag?post=225010"}],"curies":[{"name":"wp","href":"https:\/\/api.w.org\/{rel}","templated":true}]}}