{"id":225004,"date":"2026-01-14T09:26:53","date_gmt":"2026-01-14T09:26:53","guid":{"rendered":"https:\/\/aldeco.pt\/staging\/product\/coralie-in-outdoor-fr\/"},"modified":"2026-01-15T09:25:12","modified_gmt":"2026-01-15T09:25:12","slug":"coralie-in-outdoor-fr","status":"publish","type":"product","link":"https:\/\/staging.aldeco.pt\/pt-pt\/product\/coralie-in-outdoor-fr\/","title":{"rendered":"CORALIE IN\/OUTDOOR FR"},"content":{"rendered":"<p>CORALIE IN\/OUTDOOR FR \u00e9 um tecido jacquard para estofo interior e exterior, composto por fios boucl\u00e9. Este tecido \u00e9 water-repellent (repelente \u00e0 \u00e1gua), garantindo resist\u00eancia e durabilidade em qualquer contexto.<br \/>O seu padr\u00e3o inspira-se na delicadeza dos corais, com relevos que conferem textura, profundidade e movimento. A inspira\u00e7\u00e3o na natureza, combinada com a eleg\u00e2ncia dos fios boucl\u00e9, resulta num tecido exclusivo, cheio de charme e personalidade.<\/p>\n<p>O tecido CORALIE est\u00e1 dispon\u00edvel em 5 diferentes cores e \u00e9 perfeito para acrescentar estilo, frescura e textura a estofos e almofadas    <\/p>\n","protected":false},"excerpt":{"rendered":"<p>CORALIE IN\/OUTDOOR FR \u00e9 um tecido jacquard para estofo interior e exterior, composto por fios boucl\u00e9. Este tecido \u00e9 water-repellent (repelente \u00e0 \u00e1gua), garantindo resist\u00eancia e durabilidade em qualquer contexto.<br \/>O seu padr\u00e3o inspira-se na delicadeza dos corais, com relevos que conferem textura, profundidade e movimento. A inspira\u00e7\u00e3o na natureza, combinada com a eleg\u00e2ncia dos fios boucl\u00e9, resulta num tecido exclusivo, cheio de charme e personalidade.<\/p>\n<p>O tecido CORALIE est\u00e1 dispon\u00edvel em 5 diferentes cores e \u00e9 perfeito para acrescentar estilo, frescura e textura a estofos e almofadas    <\/p>\n","protected":false},"featured_media":224965,"template":"","meta":[],"product_brand":[],"product_cat":[6145],"product_tag":[],"class_list":{"0":"post-225004","1":"product","2":"type-product","3":"status-publish","4":"has-post-thumbnail","6":"product_cat-aldeco-2-pt-pt-2","7":"pa_cleanability-8282","8":"pa_composition-ext-92-rpp-8-pl-pt-pt","9":"pa_contract-fabrics-1-pt-pt","10":"pa_indoor-fabrics-1-pt-pt","11":"pa_interior-fabrics-1-pt-pt","12":"pa_line-outdoor-pt-pt","13":"pa_lithfastness-7-8-pt-pt","14":"pa_outdoor-outdoor","15":"pa_range-boucle-pt-pt","16":"pa_range-jacquard-pt-pt","17":"pa_rapport-horizontal-35-pt-pt","18":"pa_rapport-vertical-33-5-pt-pt","19":"pa_special-treatments-fabrics-1-pt-pt","20":"pa_sustainable-fabrics-1-pt-pt","23":"first","24":"instock","25":"purchasable","26":"product-type-variable"},"acf":[],"_links":{"self":[{"href":"https:\/\/staging.aldeco.pt\/pt-pt\/wp-json\/wp\/v2\/product\/225004","targetHints":{"allow":["GET"]}}],"collection":[{"href":"https:\/\/staging.aldeco.pt\/pt-pt\/wp-json\/wp\/v2\/product"}],"about":[{"href":"https:\/\/staging.aldeco.pt\/pt-pt\/wp-json\/wp\/v2\/types\/product"}],"version-history":[{"count":1,"href":"https:\/\/staging.aldeco.pt\/pt-pt\/wp-json\/wp\/v2\/product\/225004\/revisions"}],"predecessor-version":[{"id":225019,"href":"https:\/\/staging.aldeco.pt\/pt-pt\/wp-json\/wp\/v2\/product\/225004\/revisions\/225019"}],"wp:featuredmedia":[{"embeddable":true,"href":"https:\/\/staging.aldeco.pt\/pt-pt\/wp-json\/wp\/v2\/media\/224965"}],"wp:attachment":[{"href":"https:\/\/staging.aldeco.pt\/pt-pt\/wp-json\/wp\/v2\/media?parent=225004"}],"wp:term":[{"taxonomy":"product_brand","embeddable":true,"href":"https:\/\/staging.aldeco.pt\/pt-pt\/wp-json\/wp\/v2\/product_brand?post=225004"},{"taxonomy":"product_cat","embeddable":true,"href":"https:\/\/staging.aldeco.pt\/pt-pt\/wp-json\/wp\/v2\/product_cat?post=225004"},{"taxonomy":"product_tag","embeddable":true,"href":"https:\/\/staging.aldeco.pt\/pt-pt\/wp-json\/wp\/v2\/product_tag?post=225004"}],"curies":[{"name":"wp","href":"https:\/\/api.w.org\/{rel}","templated":true}]}}