{"id":225002,"date":"2026-01-14T09:27:34","date_gmt":"2026-01-14T09:27:34","guid":{"rendered":"https:\/\/aldeco.pt\/staging\/product\/ecru-in-outdoor-fr\/"},"modified":"2026-01-15T09:24:27","modified_gmt":"2026-01-15T09:24:27","slug":"ecru-in-outdoor-fr","status":"publish","type":"product","link":"https:\/\/staging.aldeco.pt\/pt-pt\/product\/ecru-in-outdoor-fr\/","title":{"rendered":"ECRU IN\/OUTDOOR FR"},"content":{"rendered":"<p>ECRU IN\/OUTDOOR FR \u00e9 um tecido jacquard para estofos interiores e exteriores dispon\u00edvel numa \u00fanica cor, o natural.<br \/>\nDesenvolvido com fios boucl\u00e9 que lhe conferem uma textura delicada, ECRU \u00e9 a base dos desenhos da cole\u00e7\u00e3o de in\/outdoor VEVA II, funcionando como liso que real\u00e7a e valoriza os padr\u00f5es.<br \/>\nSimples, refinado e equilibrado, o ECRU \u00e9 perfeito para complementar a restante colec\u00e7\u00e3o, acrescentando harmonia a cada espa\u00e7o, mantendo as caracter\u00edsticas t\u00e9cnicas que destacam esta colec\u00e7\u00e3o, como a repel\u00eancia \u00e0 \u00e1gua.<\/p>\n","protected":false},"excerpt":{"rendered":"<p>ECRU IN\/OUTDOOR FR \u00e9 um tecido jacquard para estofos interiores e exteriores dispon\u00edvel numa \u00fanica cor, o natural.<br \/>\nDesenvolvido com fios boucl\u00e9 que lhe conferem uma textura delicada, ECRU \u00e9 a base dos desenhos da cole\u00e7\u00e3o de in\/outdoor VEVA II, funcionando como liso que real\u00e7a e valoriza os padr\u00f5es.<br \/>\nSimples, refinado e equilibrado, o ECRU \u00e9 perfeito para complementar a restante colec\u00e7\u00e3o, acrescentando harmonia a cada espa\u00e7o, mantendo as caracter\u00edsticas t\u00e9cnicas que destacam esta colec\u00e7\u00e3o, como a repel\u00eancia \u00e0 \u00e1gua.<\/p>\n","protected":false},"featured_media":224977,"template":"","meta":[],"product_brand":[],"product_cat":[6145],"product_tag":[],"class_list":{"0":"post-225002","1":"product","2":"type-product","3":"status-publish","4":"has-post-thumbnail","6":"product_cat-aldeco-2-pt-pt-2","7":"pa_composition-ext-92-rpp-8-pl-pt-pt","8":"pa_contract-fabrics-1-pt-pt","9":"pa_indoor-fabrics-1-pt-pt","10":"pa_interior-fabrics-1-pt-pt","11":"pa_lithfastness-7-pt-pt","12":"pa_outdoor-outdoor","13":"pa_range-boucle-pt-pt","14":"pa_range-jacquard-pt-pt","15":"pa_rapport-horizontal-_-pt-pt","16":"pa_rapport-vertical-_-pt-pt","17":"pa_special-treatments-fabrics-1-pt-pt","18":"pa_sustainable-fabrics-1-pt-pt","21":"first","22":"instock","23":"purchasable","24":"product-type-variable"},"acf":[],"_links":{"self":[{"href":"https:\/\/staging.aldeco.pt\/pt-pt\/wp-json\/wp\/v2\/product\/225002","targetHints":{"allow":["GET"]}}],"collection":[{"href":"https:\/\/staging.aldeco.pt\/pt-pt\/wp-json\/wp\/v2\/product"}],"about":[{"href":"https:\/\/staging.aldeco.pt\/pt-pt\/wp-json\/wp\/v2\/types\/product"}],"version-history":[{"count":1,"href":"https:\/\/staging.aldeco.pt\/pt-pt\/wp-json\/wp\/v2\/product\/225002\/revisions"}],"predecessor-version":[{"id":225018,"href":"https:\/\/staging.aldeco.pt\/pt-pt\/wp-json\/wp\/v2\/product\/225002\/revisions\/225018"}],"wp:featuredmedia":[{"embeddable":true,"href":"https:\/\/staging.aldeco.pt\/pt-pt\/wp-json\/wp\/v2\/media\/224977"}],"wp:attachment":[{"href":"https:\/\/staging.aldeco.pt\/pt-pt\/wp-json\/wp\/v2\/media?parent=225002"}],"wp:term":[{"taxonomy":"product_brand","embeddable":true,"href":"https:\/\/staging.aldeco.pt\/pt-pt\/wp-json\/wp\/v2\/product_brand?post=225002"},{"taxonomy":"product_cat","embeddable":true,"href":"https:\/\/staging.aldeco.pt\/pt-pt\/wp-json\/wp\/v2\/product_cat?post=225002"},{"taxonomy":"product_tag","embeddable":true,"href":"https:\/\/staging.aldeco.pt\/pt-pt\/wp-json\/wp\/v2\/product_tag?post=225002"}],"curies":[{"name":"wp","href":"https:\/\/api.w.org\/{rel}","templated":true}]}}