{"id":224996,"date":"2026-01-14T09:27:40","date_gmt":"2026-01-14T09:27:40","guid":{"rendered":"https:\/\/aldeco.pt\/staging\/product\/bristol-stripe-in-outdoor-fr\/"},"modified":"2026-03-04T11:17:11","modified_gmt":"2026-03-04T11:17:11","slug":"bristol-stripe-in-outdoor-fr","status":"publish","type":"product","link":"https:\/\/staging.aldeco.pt\/pt-pt\/product\/bristol-stripe-in-outdoor-fr\/","title":{"rendered":"BRISTOL STRIPE IN\/OUTDOOR FR"},"content":{"rendered":"<p>BRISTOL IN\/OUTDOOR FR \u00e9 um tecido jacquard para uso interior e exterior com um padr\u00e3o de risca fina, composto por fios boucl\u00e9.<br \/>Este tecido combina uma textura agrad\u00e1vel com uma elevada resist\u00eancia aos elementos como \u00e1gua, cloro, salitre e luz solar, carater\u00edsticas que o tornam ideal tanto para espa\u00e7os interiores como exteriores.<br \/>A elegante risca de BRISTOL manifesta-se no seu padr\u00e3o que se desenrola numa coreografia de linhas e texturas, onde os fios boucl\u00e9 lhe conferem movimento e profundidade. O contraste entre a geometria das riscas e a vivacidade dos relevos resulta num tecido com presen\u00e7a e car\u00e1cter.<br \/>Dispon\u00edvel em 3 cores, BRISTOL \u00e9 perfeito para acrescentar textura, conforto e harmonia a qualquer espa\u00e7o.    <\/p>\n","protected":false},"excerpt":{"rendered":"<p>BRISTOL IN\/OUTDOOR FR \u00e9 um tecido jacquard para uso interior e exterior com um padr\u00e3o de risca fina, composto por fios boucl\u00e9.<br \/>Este tecido combina uma textura agrad\u00e1vel com uma elevada resist\u00eancia aos elementos como \u00e1gua, cloro, salitre e luz solar, carater\u00edsticas que o tornam ideal tanto para espa\u00e7os interiores como exteriores.<br \/>A elegante risca de BRISTOL manifesta-se no seu padr\u00e3o que se desenrola numa coreografia de linhas e texturas, onde os fios boucl\u00e9 lhe conferem movimento e profundidade. O contraste entre a geometria das riscas e a vivacidade dos relevos resulta num tecido com presen\u00e7a e car\u00e1cter.<br \/>Dispon\u00edvel em 3 cores, BRISTOL \u00e9 perfeito para acrescentar textura, conforto e harmonia a qualquer espa\u00e7o.    <\/p>\n","protected":false},"featured_media":225453,"template":"","meta":[],"product_brand":[],"product_cat":[6145],"product_tag":[],"class_list":{"0":"post-224996","1":"product","2":"type-product","3":"status-publish","4":"has-post-thumbnail","6":"product_cat-aldeco-2-pt-pt-2","7":"pa_cleanability-8282","8":"pa_composition-ext-92-rpp-8-pl-pt-pt","9":"pa_contract-fabrics-1-pt-pt","10":"pa_indoor-fabrics-1-pt-pt","11":"pa_interior-fabrics-1-pt-pt","12":"pa_line-outdoor-pt-pt","13":"pa_lithfastness-7-8-pt-pt","14":"pa_outdoor-outdoor","15":"pa_range-boucle-pt-pt","16":"pa_range-jacquard-pt-pt","17":"pa_rapport-horizontal-_-pt-pt","18":"pa_rapport-vertical-2-pt-pt","19":"pa_special-treatments-fabrics-1-pt-pt","20":"pa_sustainable-fabrics-1-pt-pt","23":"first","24":"instock","25":"purchasable","26":"product-type-variable"},"acf":[],"_links":{"self":[{"href":"https:\/\/staging.aldeco.pt\/pt-pt\/wp-json\/wp\/v2\/product\/224996","targetHints":{"allow":["GET"]}}],"collection":[{"href":"https:\/\/staging.aldeco.pt\/pt-pt\/wp-json\/wp\/v2\/product"}],"about":[{"href":"https:\/\/staging.aldeco.pt\/pt-pt\/wp-json\/wp\/v2\/types\/product"}],"version-history":[{"count":1,"href":"https:\/\/staging.aldeco.pt\/pt-pt\/wp-json\/wp\/v2\/product\/224996\/revisions"}],"predecessor-version":[{"id":225000,"href":"https:\/\/staging.aldeco.pt\/pt-pt\/wp-json\/wp\/v2\/product\/224996\/revisions\/225000"}],"wp:featuredmedia":[{"embeddable":true,"href":"https:\/\/staging.aldeco.pt\/pt-pt\/wp-json\/wp\/v2\/media\/225453"}],"wp:attachment":[{"href":"https:\/\/staging.aldeco.pt\/pt-pt\/wp-json\/wp\/v2\/media?parent=224996"}],"wp:term":[{"taxonomy":"product_brand","embeddable":true,"href":"https:\/\/staging.aldeco.pt\/pt-pt\/wp-json\/wp\/v2\/product_brand?post=224996"},{"taxonomy":"product_cat","embeddable":true,"href":"https:\/\/staging.aldeco.pt\/pt-pt\/wp-json\/wp\/v2\/product_cat?post=224996"},{"taxonomy":"product_tag","embeddable":true,"href":"https:\/\/staging.aldeco.pt\/pt-pt\/wp-json\/wp\/v2\/product_tag?post=224996"}],"curies":[{"name":"wp","href":"https:\/\/api.w.org\/{rel}","templated":true}]}}