{"id":224992,"date":"2026-01-14T09:20:34","date_gmt":"2026-01-14T09:20:34","guid":{"rendered":"https:\/\/aldeco.pt\/staging\/product\/biblioteque-velvet\/"},"modified":"2026-01-15T10:06:39","modified_gmt":"2026-01-15T10:06:39","slug":"biblioteque-velvet","status":"publish","type":"product","link":"https:\/\/staging.aldeco.pt\/pt-pt\/product\/biblioteque-velvet\/","title":{"rendered":"BIBLIOTEQUE VELVET"},"content":{"rendered":"<p>BIBLIOTEQUE VELVET \u00e9 um veludo jacquard para estofo com um motivo geom\u00e9trico abstrato. Com BIBLIOTEQUE homenageamos a import\u00e2ncia que os livros, as revistas e o teatro desempenharam na vida de Veva. Este veludo jacquard \u00e9 extremamente sofisticado e complexo tecnicamente. As formas geom\u00e9tricas desfilam ordeiramente como livros com as suas lombadas alinhadas com cores variadas no tecido. Este look rico e luxuoso \u00e9 conseguido recorrendo \u00e0 t\u00e9cnica de ombr\u00e9, ao contraste entre cheio e vazio conseguido com o uso do cut pile numa base alinhada, al\u00e9m do uso de um fio chenille encorpado o que lhe confere uma tridimensionalidade acrescida.<br \/>O veludo ombr\u00e9 \u00e9 um tecido que apresenta uma transi\u00e7\u00e3o suave e gradual entre duas cores, criando um efeito &#8220;degrad\u00e9&#8221;. A palavra ombr\u00e9 provem do franc\u00eas e significa &#8220;sombreado&#8221;. Este efeito \u00e9 conseguido atrav\u00e9s de uma t\u00e9cnica intrincada de tecelagem que lhe confere num aspeto degrad\u00e9, tornando o tecido visualmente rico e luxuoso. Deixe-se seduzir pelas 3 combina\u00e7\u00f5es de cores nas quais BIBLIOTEQUE se encontra dispon\u00edvel.        <\/p>\n","protected":false},"excerpt":{"rendered":"<p>BIBLIOTEQUE VELVET \u00e9 um veludo jacquard para estofo com um motivo geom\u00e9trico abstrato. Com BIBLIOTEQUE homenageamos a import\u00e2ncia que os livros, as revistas e o teatro desempenharam na vida de Veva. Este veludo jacquard \u00e9 extremamente sofisticado e complexo tecnicamente. As formas geom\u00e9tricas desfilam ordeiramente como livros com as suas lombadas alinhadas com cores variadas no tecido. Este look rico e luxuoso \u00e9 conseguido recorrendo \u00e0 t\u00e9cnica de ombr\u00e9, ao contraste entre cheio e vazio conseguido com o uso do cut pile numa base alinhada, al\u00e9m do uso de um fio chenille encorpado o que lhe confere uma tridimensionalidade acrescida.<br \/>O veludo ombr\u00e9 \u00e9 um tecido que apresenta uma transi\u00e7\u00e3o suave e gradual entre duas cores, criando um efeito &#8220;degrad\u00e9&#8221;. A palavra ombr\u00e9 provem do franc\u00eas e significa &#8220;sombreado&#8221;. Este efeito \u00e9 conseguido atrav\u00e9s de uma t\u00e9cnica intrincada de tecelagem que lhe confere num aspeto degrad\u00e9, tornando o tecido visualmente rico e luxuoso. Deixe-se seduzir pelas 3 combina\u00e7\u00f5es de cores nas quais BIBLIOTEQUE se encontra dispon\u00edvel.        <\/p>\n","protected":false},"featured_media":225435,"template":"","meta":[],"product_brand":[539],"product_cat":[6145],"product_tag":[],"class_list":{"0":"post-224992","1":"product","2":"type-product","3":"status-publish","4":"has-post-thumbnail","6":"product_brand-aldeco","7":"product_cat-aldeco-2-pt-pt-2","8":"pa_cleanability-8282","9":"pa_composition-ext-58-vi-38-pl-3-li-1-rco-pt-pt","10":"pa_interior-fabrics-1-pt-pt","11":"pa_line-veludo","12":"pa_lithfastness-9680","13":"pa_outdoor-0-pt-pt","14":"pa_range-jacquard-pt-pt","15":"pa_range-veludo","16":"pa_rapport-horizontal-35-pt-pt","17":"pa_rapport-vertical-15-4-pt-pt","18":"pa_sustainable-fabrics-1-pt-pt","21":"first","22":"instock","23":"purchasable","24":"product-type-variable"},"acf":[],"_links":{"self":[{"href":"https:\/\/staging.aldeco.pt\/pt-pt\/wp-json\/wp\/v2\/product\/224992","targetHints":{"allow":["GET"]}}],"collection":[{"href":"https:\/\/staging.aldeco.pt\/pt-pt\/wp-json\/wp\/v2\/product"}],"about":[{"href":"https:\/\/staging.aldeco.pt\/pt-pt\/wp-json\/wp\/v2\/types\/product"}],"version-history":[{"count":1,"href":"https:\/\/staging.aldeco.pt\/pt-pt\/wp-json\/wp\/v2\/product\/224992\/revisions"}],"predecessor-version":[{"id":225001,"href":"https:\/\/staging.aldeco.pt\/pt-pt\/wp-json\/wp\/v2\/product\/224992\/revisions\/225001"}],"wp:featuredmedia":[{"embeddable":true,"href":"https:\/\/staging.aldeco.pt\/pt-pt\/wp-json\/wp\/v2\/media\/225435"}],"wp:attachment":[{"href":"https:\/\/staging.aldeco.pt\/pt-pt\/wp-json\/wp\/v2\/media?parent=224992"}],"wp:term":[{"taxonomy":"product_brand","embeddable":true,"href":"https:\/\/staging.aldeco.pt\/pt-pt\/wp-json\/wp\/v2\/product_brand?post=224992"},{"taxonomy":"product_cat","embeddable":true,"href":"https:\/\/staging.aldeco.pt\/pt-pt\/wp-json\/wp\/v2\/product_cat?post=224992"},{"taxonomy":"product_tag","embeddable":true,"href":"https:\/\/staging.aldeco.pt\/pt-pt\/wp-json\/wp\/v2\/product_tag?post=224992"}],"curies":[{"name":"wp","href":"https:\/\/api.w.org\/{rel}","templated":true}]}}