{"id":224061,"date":"2025-07-28T14:25:08","date_gmt":"2025-07-28T14:25:08","guid":{"rendered":"https:\/\/aldeco.pt\/staging\/product\/stylo-fr\/"},"modified":"2025-07-28T14:25:08","modified_gmt":"2025-07-28T14:25:08","slug":"stylo-fr","status":"publish","type":"product","link":"https:\/\/staging.aldeco.pt\/pt-pt\/product\/stylo-fr\/","title":{"rendered":"STYLO FR"},"content":{"rendered":"<p>STYLO FR \u00e9 um tecido de cortina com transpar\u00eancia e um aspecto mais opaco. A combina\u00e7\u00e3o da textura dos dois fios nas cores mais escuras confere-lhe uma maior profundidade e riqueza, tornando Stylo um tecido cativante com um look denim. A sua composi\u00e7\u00e3o \u00e9 maioritariamente de poli\u00e9ster reciclado GRS inerente ign\u00edfugo. O GRS \u00e9 o Global Recycled Standard, uma norma que fornece a rastreabilidade total dos materiais reciclados at\u00e9 ao tecido final. Este tecido \u00e9 produzido de acordo com a ISO 14001, o sistema de gest\u00e3o ambiental criado para melhorar a efici\u00eancia dos recursos, sendo por isso um tecido ecol\u00f3gico e sustent\u00e1vel. \u00c9 um tecido muito largo, ideal para projectos de contract com tetos altos e cumpre com v\u00e1rias normas ign\u00edfugas internacionais de cortina. Stylo \u00e9 um tecido lav\u00e1vel segundo a norma americana de lavagem hospitalar AATCC 96. Est\u00e1 dispon\u00edvel em 19 cores desde os tons mais neutros e delicados aos mais intensos.       <\/p>\n","protected":false},"excerpt":{"rendered":"<p>STYLO FR \u00e9 um tecido de cortina com transpar\u00eancia e um aspecto mais opaco. A combina\u00e7\u00e3o da textura dos dois fios nas cores mais escuras confere-lhe uma maior profundidade e riqueza, tornando Stylo um tecido cativante com um look denim. A sua composi\u00e7\u00e3o \u00e9 maioritariamente de poli\u00e9ster reciclado GRS inerente ign\u00edfugo. O GRS \u00e9 o Global Recycled Standard, uma norma que fornece a rastreabilidade total dos materiais reciclados at\u00e9 ao tecido final. Este tecido \u00e9 produzido de acordo com a ISO 14001, o sistema de gest\u00e3o ambiental criado para melhorar a efici\u00eancia dos recursos, sendo por isso um tecido ecol\u00f3gico e sustent\u00e1vel. \u00c9 um tecido muito largo, ideal para projectos de contract com tetos altos e cumpre com v\u00e1rias normas ign\u00edfugas internacionais de cortina. Stylo \u00e9 um tecido lav\u00e1vel segundo a norma americana de lavagem hospitalar AATCC 96. Est\u00e1 dispon\u00edvel em 19 cores desde os tons mais neutros e delicados aos mais intensos.       <\/p>\n<h2>STYLO FR \u00e9 um tecido de cortina com transpar\u00eancia e um aspecto mais opaco. A combina\u00e7\u00e3o da textura dos dois fios nas cores mais escuras confere-lhe uma maior profundidade e riqueza, tornando Stylo um tecido cativante com um look denim. <\/h2>\n<p><img fetchpriority=\"high\" decoding=\"async\" class=\"alignnone wp-image-224057 size-medium\" src=\"https:\/\/aldeco.pt\/staging\/wp-content\/uploads\/2025\/07\/ALDECO_STYLO-FR_01-Putty-1-300x300.jpg\" alt=\"STYLO FR - Aldeco\" width=\"300\" height=\"300\"><\/p>\n<p><a href=\"https:\/\/aldeco.pt\/staging\/product\/stylo-fr\/?attribute_pa_colour=beige&amp;attribute_pa_aldeco-color=01-putty\">https:\/\/aldeco.pt\/staging\/product\/stylo-fr\/?attribute_pa_colour=beige&amp;attribute_pa_aldeco-color=01-putty<\/a><\/p>\n<p><a href=\"https:\/\/www.instagram.com\/aldeco_interiorfabrics\/\">https:\/\/www.instagram.com\/aldeco_interiorfabrics\/<\/a><\/p>\n","protected":false},"featured_media":223083,"template":"","meta":[],"product_brand":[],"product_cat":[],"product_tag":[],"class_list":{"0":"post-224061","1":"product","2":"type-product","3":"status-publish","4":"has-post-thumbnail","6":"pa_cleanability-8282","7":"pa_composition-ext-51-rpl-fr-49-pl-fr-pt-pt","8":"pa_contract-fabrics-1-pt-pt","9":"pa_interior-fabrics-1-pt-pt","10":"pa_lithfastness-4-5-pt-pt-2","11":"pa_opportunities-descontinuado","12":"pa_range-liso","13":"pa_special-treatments-fabrics-1-pt-pt","14":"pa_sustainable-fabrics-1-pt-pt","17":"first","18":"instock","19":"shipping-taxable","20":"purchasable","21":"product-type-variable"},"acf":[],"_links":{"self":[{"href":"https:\/\/staging.aldeco.pt\/pt-pt\/wp-json\/wp\/v2\/product\/224061","targetHints":{"allow":["GET"]}}],"collection":[{"href":"https:\/\/staging.aldeco.pt\/pt-pt\/wp-json\/wp\/v2\/product"}],"about":[{"href":"https:\/\/staging.aldeco.pt\/pt-pt\/wp-json\/wp\/v2\/types\/product"}],"version-history":[{"count":0,"href":"https:\/\/staging.aldeco.pt\/pt-pt\/wp-json\/wp\/v2\/product\/224061\/revisions"}],"wp:featuredmedia":[{"embeddable":true,"href":"https:\/\/staging.aldeco.pt\/pt-pt\/wp-json\/wp\/v2\/media\/223083"}],"wp:attachment":[{"href":"https:\/\/staging.aldeco.pt\/pt-pt\/wp-json\/wp\/v2\/media?parent=224061"}],"wp:term":[{"taxonomy":"product_brand","embeddable":true,"href":"https:\/\/staging.aldeco.pt\/pt-pt\/wp-json\/wp\/v2\/product_brand?post=224061"},{"taxonomy":"product_cat","embeddable":true,"href":"https:\/\/staging.aldeco.pt\/pt-pt\/wp-json\/wp\/v2\/product_cat?post=224061"},{"taxonomy":"product_tag","embeddable":true,"href":"https:\/\/staging.aldeco.pt\/pt-pt\/wp-json\/wp\/v2\/product_tag?post=224061"}],"curies":[{"name":"wp","href":"https:\/\/api.w.org\/{rel}","templated":true}]}}