{"id":224004,"date":"2025-07-25T15:36:16","date_gmt":"2025-07-25T15:36:16","guid":{"rendered":"https:\/\/aldeco.pt\/staging\/product\/solunar-fr\/"},"modified":"2025-07-25T15:36:16","modified_gmt":"2025-07-25T15:36:16","slug":"solunar-fr","status":"publish","type":"product","link":"https:\/\/staging.aldeco.pt\/pt-pt\/product\/solunar-fr\/","title":{"rendered":"SOLUNAR FR"},"content":{"rendered":"<p>SOLUNAR FR \u00e9 um tecido dimout para cortinas largo com certificado de absor\u00e7\u00e3o de som muito elevado. Este tecido possui numa das faces um look natural seco e neutro com uma textura alinhada, um n\u00facleo interior negro o que lhe confere uma grande opacidade e a outra face duma bela sarja. Este tecido apresenta-se nesta dualidade como um tecido reciclado, extremamente t\u00e9cnico e com certifica\u00e7\u00e3o ign\u00edfuga em v\u00e1rios standards internacionais de resist\u00eancia \u00e0 chama. Este Dimout \u00e9 composto por 56% de poli\u00e9ster reciclado inerente ign\u00edfugo e o restante de poli\u00e9ster inerente regular. Cumpre com a norma OEKO-TEX Standard 100, n\u00e3o contem subst\u00e2ncias nocivas para o ser humano nem para o meio ambiente e tem selo GRS, o GRS \u00e9 o Global Recycled Standard, uma norma que fornece a rastreabilidade total dos materiais reciclados at\u00e9 ao tecido final. Este tecido \u00e9 produzido de acordo com a ISO 14001, o sistema de gest\u00e3o ambiental criado para melhorar a efici\u00eancia dos recursos, sendo por isso um tecido ecol\u00f3gico e sustent\u00e1vel. Est\u00e1 dispon\u00edvel em 25 cores elegantes.       <\/p>\n","protected":false},"excerpt":{"rendered":"<p>SOLUNAR FR \u00e9 um tecido dimout para cortinas largo com certificado de absor\u00e7\u00e3o de som muito elevado. Este tecido possui numa das faces um look natural seco e neutro com uma textura alinhada, um n\u00facleo interior negro o que lhe confere uma grande opacidade e a outra face duma bela sarja. Este tecido apresenta-se nesta dualidade como um tecido reciclado, extremamente t\u00e9cnico e com certifica\u00e7\u00e3o ign\u00edfuga em v\u00e1rios standards internacionais de resist\u00eancia \u00e0 chama. Este Dimout \u00e9 composto por 56% de poli\u00e9ster reciclado inerente ign\u00edfugo e o restante de poli\u00e9ster inerente regular. Cumpre com a norma OEKO-TEX Standard 100, n\u00e3o contem subst\u00e2ncias nocivas para o ser humano nem para o meio ambiente e tem selo GRS, o GRS \u00e9 o Global Recycled Standard, uma norma que fornece a rastreabilidade total dos materiais reciclados at\u00e9 ao tecido final. Este tecido \u00e9 produzido de acordo com a ISO 14001, o sistema de gest\u00e3o ambiental criado para melhorar a efici\u00eancia dos recursos, sendo por isso um tecido ecol\u00f3gico e sustent\u00e1vel. Est\u00e1 dispon\u00edvel em 25 cores elegantes.       <\/p>\n<h2>SOLUNAR FR \u00e9 um tecido dimout para cortinas largo com certificado de absor\u00e7\u00e3o de som muito elevado.<\/h2>\n<p><img fetchpriority=\"high\" decoding=\"async\" class=\"alignnone wp-image-223999 size-medium\" src=\"https:\/\/aldeco.pt\/staging\/wp-content\/uploads\/2025\/07\/ALDECO_SOLUNAR-FR_01-Pebble-1-300x300.jpg\" alt=\"SOLUNAR FR - Aldeco\" width=\"300\" height=\"300\"><\/p>\n<p><a href=\"https:\/\/aldeco.pt\/staging\/product\/solunar-fr-25\/?attribute_pa_colour=greige&amp;attribute_pa_aldeco-color=01-pebble\">https:\/\/aldeco.pt\/staging\/product\/solunar-fr-25\/?attribute_pa_colour=greige&amp;attribute_pa_aldeco-color=01-pebble<\/a><\/p>\n<p><a href=\"https:\/\/www.instagram.com\/aldeco_interiorfabrics\/\">https:\/\/www.instagram.com\/aldeco_interiorfabrics\/<\/a><\/p>\n","protected":false},"featured_media":222986,"template":"","meta":[],"product_brand":[],"product_cat":[6153],"product_tag":[],"class_list":{"0":"post-224004","1":"product","2":"type-product","3":"status-publish","4":"has-post-thumbnail","6":"product_cat-aldeco-smarter-pt-pt","7":"pa_cleanability-8282","8":"pa_composition-ext-56-rpl-fr-44-pl-fr-pt-pt","9":"pa_contract-fabrics-1-pt-pt","10":"pa_interior-fabrics-1-pt-pt","11":"pa_line-tecidos","12":"pa_lithfastness-5-pt-pt","13":"pa_opportunities-descontinuado","14":"pa_range-dimout-pt-pt","15":"pa_range-dobby-pt-pt","16":"pa_rapport-horizontal-0-pt-pt","17":"pa_rapport-vertical-0-pt-pt","18":"pa_special-treatments-fabrics-1-pt-pt","19":"pa_sustainable-fabrics-1-pt-pt","22":"first","23":"instock","24":"purchasable","25":"product-type-variable"},"acf":[],"_links":{"self":[{"href":"https:\/\/staging.aldeco.pt\/pt-pt\/wp-json\/wp\/v2\/product\/224004","targetHints":{"allow":["GET"]}}],"collection":[{"href":"https:\/\/staging.aldeco.pt\/pt-pt\/wp-json\/wp\/v2\/product"}],"about":[{"href":"https:\/\/staging.aldeco.pt\/pt-pt\/wp-json\/wp\/v2\/types\/product"}],"version-history":[{"count":0,"href":"https:\/\/staging.aldeco.pt\/pt-pt\/wp-json\/wp\/v2\/product\/224004\/revisions"}],"wp:featuredmedia":[{"embeddable":true,"href":"https:\/\/staging.aldeco.pt\/pt-pt\/wp-json\/wp\/v2\/media\/222986"}],"wp:attachment":[{"href":"https:\/\/staging.aldeco.pt\/pt-pt\/wp-json\/wp\/v2\/media?parent=224004"}],"wp:term":[{"taxonomy":"product_brand","embeddable":true,"href":"https:\/\/staging.aldeco.pt\/pt-pt\/wp-json\/wp\/v2\/product_brand?post=224004"},{"taxonomy":"product_cat","embeddable":true,"href":"https:\/\/staging.aldeco.pt\/pt-pt\/wp-json\/wp\/v2\/product_cat?post=224004"},{"taxonomy":"product_tag","embeddable":true,"href":"https:\/\/staging.aldeco.pt\/pt-pt\/wp-json\/wp\/v2\/product_tag?post=224004"}],"curies":[{"name":"wp","href":"https:\/\/api.w.org\/{rel}","templated":true}]}}