{"id":223981,"date":"2025-07-25T15:32:29","date_gmt":"2025-07-25T15:32:29","guid":{"rendered":"https:\/\/aldeco.pt\/staging\/product\/sestri-fr\/"},"modified":"2025-07-25T15:32:29","modified_gmt":"2025-07-25T15:32:29","slug":"sestri-fr","status":"publish","type":"product","link":"https:\/\/staging.aldeco.pt\/pt-pt\/product\/sestri-fr\/","title":{"rendered":"SESTRI FR"},"content":{"rendered":"<p>SESTRI FR \u00e9 um tecido jacquard ideal para cortinas, reposteiros e decora\u00e7\u00e3o. Este tecido sanforizado com 145 cm apresenta um maravilhoso padr\u00e3o discreto. Com uma estrutura intrigante e luxuosa como como uma tela pesada e suave. SESTRI pode ser combinado perfeitamente com SAVANT, um padr\u00e3o mineral semelhante a m\u00e1rmore com a mesma qualidade, estrutura e cores. Ambos s\u00e3o lav\u00e1veis segundo a norma americana hospitalar AATCC 96. SESTRI \u00e9 fabricado com 71% de fio de poli\u00e9ster inerente ign\u00edfugo reciclado GRS. GRS \u00e9 a Global Recycled Standard, uma refer\u00eancia na rastreabilidade total dos materiais reciclados utilizados at\u00e9 ao tecido final. Isto garante a sua sustentabilidade.<br \/>Al\u00e9m disso, possui a norma OEKO-TEX 100, sendo ambientalmente seguro e n\u00e3o prejudicial para a sa\u00fade humana. \u00c9 um produto neutro, ecologicamente seguro e produzido de acordo com a norma ISO 1400, um sistema de gest\u00e3o ambiental que visa melhorar a efici\u00eancia dos recursos. Sestri visa refor\u00e7ar a nossa aposta na sustentabilidade. Est\u00e1 dispon\u00edvel em 8 cores profundas muito elegantes.          <\/p>\n","protected":false},"excerpt":{"rendered":"<p>SESTRI FR \u00e9 um tecido jacquard ideal para cortinas, reposteiros e decora\u00e7\u00e3o. Este tecido sanforizado com 145 cm apresenta um maravilhoso padr\u00e3o discreto. Com uma estrutura intrigante e luxuosa como como uma tela pesada e suave. SESTRI pode ser combinado perfeitamente com SAVANT, um padr\u00e3o mineral semelhante a m\u00e1rmore com a mesma qualidade, estrutura e cores. Ambos s\u00e3o lav\u00e1veis segundo a norma americana hospitalar AATCC 96. SESTRI \u00e9 fabricado com 71% de fio de poli\u00e9ster inerente ign\u00edfugo reciclado GRS. GRS \u00e9 a Global Recycled Standard, uma refer\u00eancia na rastreabilidade total dos materiais reciclados utilizados at\u00e9 ao tecido final. Isto garante a sua sustentabilidade.<br \/>Al\u00e9m disso, possui a norma OEKO-TEX 100, sendo ambientalmente seguro e n\u00e3o prejudicial para a sa\u00fade humana. \u00c9 um produto neutro, ecologicamente seguro e produzido de acordo com a norma ISO 1400, um sistema de gest\u00e3o ambiental que visa melhorar a efici\u00eancia dos recursos. Sestri visa refor\u00e7ar a nossa aposta na sustentabilidade. Est\u00e1 dispon\u00edvel em 8 cores profundas muito elegantes.          <\/p>\n<h2>SESTRI FR \u00e9 um tecido jacquard ideal para cortinas, reposteiros e decora\u00e7\u00e3o. Este tecido sanforizado com 145 cm apresenta um maravilhoso padr\u00e3o discreto. Com uma estrutura intrigante e luxuosa como como uma tela pesada e suave. <\/h2>\n<p><img fetchpriority=\"high\" decoding=\"async\" class=\"alignnone wp-image-223977 size-medium\" src=\"https:\/\/aldeco.pt\/staging\/wp-content\/uploads\/2025\/07\/ALDECO_SESTRI-FR_01-Fossil-1-300x300.jpg\" alt=\"SESTRI FR - Aldeco\" width=\"300\" height=\"300\"><\/p>\n<p><a href=\"https:\/\/aldeco.pt\/staging\/product\/sestri-fr\/?attribute_pa_colour=gray&amp;attribute_pa_aldeco-color=01-fossil\">https:\/\/aldeco.pt\/staging\/product\/sestri-fr\/?attribute_pa_colour=gray&amp;attribute_pa_aldeco-color=01-fossil<\/a><\/p>\n<p><a href=\"https:\/\/www.instagram.com\/aldeco_interiorfabrics\/\">https:\/\/www.instagram.com\/aldeco_interiorfabrics\/<\/a><\/p>\n","protected":false},"featured_media":223140,"template":"","meta":[],"product_brand":[],"product_cat":[6153],"product_tag":[],"class_list":{"0":"post-223981","1":"product","2":"type-product","3":"status-publish","4":"has-post-thumbnail","6":"product_cat-aldeco-smarter-pt-pt","7":"pa_cleanability-8282","8":"pa_composition-ext-71-rpl-fr-29-pl-fr-pt-pt","9":"pa_contract-fabrics-1-pt-pt","10":"pa_interior-fabrics-1-pt-pt","11":"pa_line-tecidos","12":"pa_lithfastness-4-5-pt-pt-2","13":"pa_opportunities-descontinuado","14":"pa_range-jacquard-pt-pt","15":"pa_range-sanforizado","16":"pa_rapport-horizontal-29-pt-pt","17":"pa_rapport-vertical-42-pt-pt","18":"pa_special-treatments-fabrics-1-pt-pt","19":"pa_sustainable-fabrics-1-pt-pt","22":"first","23":"instock","24":"purchasable","25":"product-type-variable"},"acf":[],"_links":{"self":[{"href":"https:\/\/staging.aldeco.pt\/pt-pt\/wp-json\/wp\/v2\/product\/223981","targetHints":{"allow":["GET"]}}],"collection":[{"href":"https:\/\/staging.aldeco.pt\/pt-pt\/wp-json\/wp\/v2\/product"}],"about":[{"href":"https:\/\/staging.aldeco.pt\/pt-pt\/wp-json\/wp\/v2\/types\/product"}],"version-history":[{"count":0,"href":"https:\/\/staging.aldeco.pt\/pt-pt\/wp-json\/wp\/v2\/product\/223981\/revisions"}],"wp:featuredmedia":[{"embeddable":true,"href":"https:\/\/staging.aldeco.pt\/pt-pt\/wp-json\/wp\/v2\/media\/223140"}],"wp:attachment":[{"href":"https:\/\/staging.aldeco.pt\/pt-pt\/wp-json\/wp\/v2\/media?parent=223981"}],"wp:term":[{"taxonomy":"product_brand","embeddable":true,"href":"https:\/\/staging.aldeco.pt\/pt-pt\/wp-json\/wp\/v2\/product_brand?post=223981"},{"taxonomy":"product_cat","embeddable":true,"href":"https:\/\/staging.aldeco.pt\/pt-pt\/wp-json\/wp\/v2\/product_cat?post=223981"},{"taxonomy":"product_tag","embeddable":true,"href":"https:\/\/staging.aldeco.pt\/pt-pt\/wp-json\/wp\/v2\/product_tag?post=223981"}],"curies":[{"name":"wp","href":"https:\/\/api.w.org\/{rel}","templated":true}]}}