{"id":223911,"date":"2025-07-25T15:32:19","date_gmt":"2025-07-25T15:32:19","guid":{"rendered":"https:\/\/aldeco.pt\/staging\/product\/sensusous-velvet-fr\/"},"modified":"2025-07-30T15:39:04","modified_gmt":"2025-07-30T15:39:04","slug":"sensusous-velvet-fr","status":"publish","type":"product","link":"https:\/\/staging.aldeco.pt\/pt-pt\/product\/sensusous-velvet-fr\/","title":{"rendered":"SENSUSOUS VELVET FR"},"content":{"rendered":"<p>SENSUSOUS FR \u00e9 um veludo exclusivo, muito resistente para estofos de elevada performance. Este veludo apresenta cores fortes e saturadas para criar um efeito mate profundo e uma sensa\u00e7\u00e3o natural.  SENSUSOUS FR \u00e9 um veludo exclusivo, muito resistente para estofos de elevada performance. Este veludo apresenta cores fortes e saturadas para criar um efeito mate profundo e uma sensa\u00e7\u00e3o natural. \u00c9 um veludo multifuncional glorioso e luxuoso e pode ser utilizado para cortinas, estofos, decora\u00e7\u00e3o, projetos residenciais, n\u00e1uticos e contract, al\u00e9m de possuir certifica\u00e7\u00e3o de absor\u00e7\u00e3o de som. Tem uma caracter\u00edstica incr\u00edvel: pode ser lavado a 74 graus Celsius, cumprindo a norma hospitalar americana de lavagem AATTC 96, e \u00e9 feito de 54% de fio de poli\u00e9ster FR inerente reciclado GRS. \u00c9 um veludo muito forte com uma resist\u00eancia \u00e0 abras\u00e3o muito elevada e excelentes resultados no pilling, obtendo mais de 80.000 ciclos no teste de Martindale. Sensusous \u00e9 resistente ao fogo de acordo com as normas mais exigentes, incluindo o CRIB 5. Este tecido tamb\u00e9m est\u00e1 em conformidade com a norma OEKO-TEX 100, \u00e9 ambientalmente seguro e n\u00e3o \u00e9 prejudicial para a sa\u00fade humana. \u00c9 produzido de acordo com a norma ISO 14001, o sistema de gest\u00e3o ambiental produzido para melhorar a efici\u00eancia dos recursos. Este excelente veludo est\u00e1 dispon\u00edvel em 30 cores.      <\/p>\n","protected":false},"excerpt":{"rendered":"<p>SENSUSOUS FR \u00e9 um veludo exclusivo, muito resistente para estofos de elevada performance. Este veludo apresenta cores fortes e saturadas para criar um efeito mate profundo e uma sensa\u00e7\u00e3o natural.  SENSUSOUS FR \u00e9 um veludo exclusivo, muito resistente para estofos de elevada performance. Este veludo apresenta cores fortes e saturadas para criar um efeito mate profundo e uma sensa\u00e7\u00e3o natural. \u00c9 um veludo multifuncional glorioso e luxuoso e pode ser utilizado para cortinas, estofos, decora\u00e7\u00e3o, projetos residenciais, n\u00e1uticos e contract, al\u00e9m de possuir certifica\u00e7\u00e3o de absor\u00e7\u00e3o de som. Tem uma caracter\u00edstica incr\u00edvel: pode ser lavado a 74 graus Celsius, cumprindo a norma hospitalar americana de lavagem AATTC 96, e \u00e9 feito de 54% de fio de poli\u00e9ster FR inerente reciclado GRS. \u00c9 um veludo muito forte com uma resist\u00eancia \u00e0 abras\u00e3o muito elevada e excelentes resultados no pilling, obtendo mais de 80.000 ciclos no teste de Martindale. Sensusous \u00e9 resistente ao fogo de acordo com as normas mais exigentes, incluindo o CRIB 5. Este tecido tamb\u00e9m est\u00e1 em conformidade com a norma OEKO-TEX 100, \u00e9 ambientalmente seguro e n\u00e3o \u00e9 prejudicial para a sa\u00fade humana. \u00c9 produzido de acordo com a norma ISO 14001, o sistema de gest\u00e3o ambiental produzido para melhorar a efici\u00eancia dos recursos. Este excelente veludo est\u00e1 dispon\u00edvel em 30 cores.      <\/p>\n<h2>SENSUSOUS FR \u00e9 um veludo exclusivo, muito resistente para estofos de elevada performance. Este veludo apresenta cores fortes e saturadas para criar um efeito mate profundo e uma sensa\u00e7\u00e3o natural. <\/h2>\n<p><img fetchpriority=\"high\" decoding=\"async\" class=\"alignnone wp-image-223906 size-medium\" src=\"https:\/\/aldeco.pt\/staging\/wp-content\/uploads\/2025\/07\/ALDECO_SENSUOUS-FR_01-Shark-1-300x300.jpg\" alt=\"SENSUOUS FR - Aldeco\" width=\"300\" height=\"300\"><\/p>\n<p><a href=\"https:\/\/aldeco.pt\/staging\/product\/sensusous-velvet-fr-30\/?attribute_pa_aldeco-color=01-shark\">https:\/\/aldeco.pt\/staging\/product\/sensusous-velvet-fr-30\/?attribute_pa_aldeco-color=01-shark<\/a><\/p>\n<p><a href=\"https:\/\/www.instagram.com\/aldeco_interiorfabrics\/\">https:\/\/www.instagram.com\/aldeco_interiorfabrics\/<\/a><\/p>\n","protected":false},"featured_media":222872,"template":"","meta":[],"product_brand":[],"product_cat":[6153],"product_tag":[],"class_list":{"0":"post-223911","1":"product","2":"type-product","3":"status-publish","4":"has-post-thumbnail","6":"product_cat-aldeco-smarter-pt-pt","7":"pa_cleanability-8282","8":"pa_composition-ext-54-rpl-fr-46-pl-fr-pt-pt","9":"pa_contract-fabrics-1-pt-pt","10":"pa_interior-fabrics-1-pt-pt","11":"pa_line-tecidos","12":"pa_lithfastness-5-pt-pt","13":"pa_opportunities-descontinuado","14":"pa_range-dobby-pt-pt","15":"pa_range-veludo","16":"pa_rapport-horizontal-0-pt-pt","17":"pa_rapport-vertical-0-pt-pt","18":"pa_special-treatments-fabrics-1-pt-pt","19":"pa_sustainable-fabrics-1-pt-pt","22":"first","23":"instock","24":"purchasable","25":"product-type-variable"},"acf":[],"_links":{"self":[{"href":"https:\/\/staging.aldeco.pt\/pt-pt\/wp-json\/wp\/v2\/product\/223911","targetHints":{"allow":["GET"]}}],"collection":[{"href":"https:\/\/staging.aldeco.pt\/pt-pt\/wp-json\/wp\/v2\/product"}],"about":[{"href":"https:\/\/staging.aldeco.pt\/pt-pt\/wp-json\/wp\/v2\/types\/product"}],"version-history":[{"count":2,"href":"https:\/\/staging.aldeco.pt\/pt-pt\/wp-json\/wp\/v2\/product\/223911\/revisions"}],"predecessor-version":[{"id":223944,"href":"https:\/\/staging.aldeco.pt\/pt-pt\/wp-json\/wp\/v2\/product\/223911\/revisions\/223944"}],"wp:featuredmedia":[{"embeddable":true,"href":"https:\/\/staging.aldeco.pt\/pt-pt\/wp-json\/wp\/v2\/media\/222872"}],"wp:attachment":[{"href":"https:\/\/staging.aldeco.pt\/pt-pt\/wp-json\/wp\/v2\/media?parent=223911"}],"wp:term":[{"taxonomy":"product_brand","embeddable":true,"href":"https:\/\/staging.aldeco.pt\/pt-pt\/wp-json\/wp\/v2\/product_brand?post=223911"},{"taxonomy":"product_cat","embeddable":true,"href":"https:\/\/staging.aldeco.pt\/pt-pt\/wp-json\/wp\/v2\/product_cat?post=223911"},{"taxonomy":"product_tag","embeddable":true,"href":"https:\/\/staging.aldeco.pt\/pt-pt\/wp-json\/wp\/v2\/product_tag?post=223911"}],"curies":[{"name":"wp","href":"https:\/\/api.w.org\/{rel}","templated":true}]}}