{"id":223853,"date":"2025-07-25T15:25:20","date_gmt":"2025-07-25T15:25:20","guid":{"rendered":"https:\/\/aldeco.pt\/staging\/product\/savvy-fr\/"},"modified":"2025-07-25T15:25:20","modified_gmt":"2025-07-25T15:25:20","slug":"savvy-fr","status":"publish","type":"product","link":"https:\/\/staging.aldeco.pt\/pt-pt\/product\/savvy-fr\/","title":{"rendered":"SAVVY FR"},"content":{"rendered":"<p>SAVVY FR \u00e9 um belo tecido com textura de linho e toque suave para cortinas. Esta qualidade, com um aspeto e toque muito naturais, apresenta uma ca\u00edsa perfeita e \u00e9 fabricada em fio 100% poli\u00e9ster reciclado GRS, inerente retardante de fogo. \u00c9 lav\u00e1vel a 74\u00b0 e cumpre a norma de lavagem hospitalar americana AATCC 96. Savvy \u00e9 um tecido transparente muito largo, com 305 cm de largura e 25 cores delicadas. O espectro de cores abrange desde as naturais at\u00e9 \u00e0s cores mais profundas com azuis requintados. O GRS \u00e9 o Global Recycled Standard, uma norma que fornece a rastreabilidade total dos materiais reciclados at\u00e9 ao tecido final. Este tecido est\u00e1 tamb\u00e9m em conformidade com a Norma OEKO-TEX 100, sendo ambientalmente seguro para a sa\u00fade humana e meio ambiente. \u00c9 produzido de acordo com a ISO 14001, o sistema de gest\u00e3o ambiental criado para melhorar a efici\u00eancia dos recursos.       <\/p>\n","protected":false},"excerpt":{"rendered":"<p>SAVVY FR \u00e9 um belo tecido com textura de linho e toque suave para cortinas. Esta qualidade, com um aspeto e toque muito naturais, apresenta uma ca\u00edsa perfeita e \u00e9 fabricada em fio 100% poli\u00e9ster reciclado GRS, inerente retardante de fogo. \u00c9 lav\u00e1vel a 74\u00b0 e cumpre a norma de lavagem hospitalar americana AATCC 96. Savvy \u00e9 um tecido transparente muito largo, com 305 cm de largura e 25 cores delicadas. O espectro de cores abrange desde as naturais at\u00e9 \u00e0s cores mais profundas com azuis requintados. O GRS \u00e9 o Global Recycled Standard, uma norma que fornece a rastreabilidade total dos materiais reciclados at\u00e9 ao tecido final. Este tecido est\u00e1 tamb\u00e9m em conformidade com a Norma OEKO-TEX 100, sendo ambientalmente seguro para a sa\u00fade humana e meio ambiente. \u00c9 produzido de acordo com a ISO 14001, o sistema de gest\u00e3o ambiental criado para melhorar a efici\u00eancia dos recursos.       <\/p>\n<h2>SAVVY FR \u00e9 um belo tecido com textura de linho e toque suave para cortinas. Esta qualidade, com um aspeto e toque muito naturais, apresenta uma ca\u00edsa perfeita e \u00e9 fabricada em fio 100% poli\u00e9ster reciclado GRS, inerente retardante de fogo. <\/h2>\n<p><img fetchpriority=\"high\" decoding=\"async\" class=\"alignnone wp-image-223849 size-medium\" src=\"https:\/\/aldeco.pt\/staging\/wp-content\/uploads\/2025\/07\/ALDECO_SAVVY-FR_01-Dove-1-300x300.jpg\" alt=\"SAVVY FR - Aldeco\" width=\"300\" height=\"300\"><\/p>\n<p><a href=\"https:\/\/aldeco.pt\/staging\/product\/savvy-fr\/?attribute_pa_aldeco-color=01-dove&amp;attribute_pa_colour=gray\">https:\/\/aldeco.pt\/staging\/product\/savvy-fr\/?attribute_pa_aldeco-color=01-dove&amp;attribute_pa_colour=gray<\/a><\/p>\n<p><a href=\"https:\/\/www.instagram.com\/aldeco_interiorfabrics\/\">https:\/\/www.instagram.com\/aldeco_interiorfabrics\/<\/a><\/p>\n","protected":false},"featured_media":222768,"template":"","meta":[],"product_brand":[],"product_cat":[6153],"product_tag":[],"class_list":{"0":"post-223853","1":"product","2":"type-product","3":"status-publish","4":"has-post-thumbnail","6":"product_cat-aldeco-smarter-pt-pt","7":"pa_cleanability-8282","8":"pa_composition-ext-100-rpl-fr-pt-pt","9":"pa_contract-fabrics-1-pt-pt","10":"pa_interior-fabrics-1-pt-pt","11":"pa_line-tecidos","12":"pa_lithfastness-5-pt-pt","13":"pa_opportunities-descontinuado","14":"pa_range-liso","15":"pa_rapport-horizontal-0-pt-pt","16":"pa_rapport-vertical-0-pt-pt","17":"pa_special-treatments-fabrics-1-pt-pt","18":"pa_sustainable-fabrics-1-pt-pt","21":"first","22":"instock","23":"purchasable","24":"product-type-variable"},"acf":[],"_links":{"self":[{"href":"https:\/\/staging.aldeco.pt\/pt-pt\/wp-json\/wp\/v2\/product\/223853","targetHints":{"allow":["GET"]}}],"collection":[{"href":"https:\/\/staging.aldeco.pt\/pt-pt\/wp-json\/wp\/v2\/product"}],"about":[{"href":"https:\/\/staging.aldeco.pt\/pt-pt\/wp-json\/wp\/v2\/types\/product"}],"version-history":[{"count":0,"href":"https:\/\/staging.aldeco.pt\/pt-pt\/wp-json\/wp\/v2\/product\/223853\/revisions"}],"wp:featuredmedia":[{"embeddable":true,"href":"https:\/\/staging.aldeco.pt\/pt-pt\/wp-json\/wp\/v2\/media\/222768"}],"wp:attachment":[{"href":"https:\/\/staging.aldeco.pt\/pt-pt\/wp-json\/wp\/v2\/media?parent=223853"}],"wp:term":[{"taxonomy":"product_brand","embeddable":true,"href":"https:\/\/staging.aldeco.pt\/pt-pt\/wp-json\/wp\/v2\/product_brand?post=223853"},{"taxonomy":"product_cat","embeddable":true,"href":"https:\/\/staging.aldeco.pt\/pt-pt\/wp-json\/wp\/v2\/product_cat?post=223853"},{"taxonomy":"product_tag","embeddable":true,"href":"https:\/\/staging.aldeco.pt\/pt-pt\/wp-json\/wp\/v2\/product_tag?post=223853"}],"curies":[{"name":"wp","href":"https:\/\/api.w.org\/{rel}","templated":true}]}}