{"id":223829,"date":"2025-07-25T15:24:23","date_gmt":"2025-07-25T15:24:23","guid":{"rendered":"https:\/\/aldeco.pt\/staging\/product\/savant-fr\/"},"modified":"2025-07-31T15:36:20","modified_gmt":"2025-07-31T15:36:20","slug":"savant-fr","status":"publish","type":"product","link":"https:\/\/staging.aldeco.pt\/pt-pt\/product\/savant-fr\/","title":{"rendered":"SAVANT FR"},"content":{"rendered":"<p>SAVANT FR \u00e9 um tecido jacquard ideal para cortinas, reposteiros e decora\u00e7\u00e3o. Este tecido com 145 cm representa a natureza com um padr\u00e3o inspirado nas pedras m\u00e1rmores italianas.  Apresenta-se com look org\u00e2nico e luxuoso como um mineral rico e suave. Savant pode ser combinado perfeitamente com SESTRI, um padr\u00e3o mais discreto com a mesma qualidade, estrutura e cores. Ambos s\u00e3o lav\u00e1veis segundo a norma americana hospitalar AATCC 96. Savant \u00e9 fabricado com 70% de fio de poli\u00e9ster inerente ign\u00edfugo reciclado GRS. GRS \u00e9 a Global Recycled Standard, uma refer\u00eancia na rastreabilidade total dos materiais reciclados utilizados at\u00e9 ao tecido final. Isto garante a sua sustentabilidade. Al\u00e9m disso, possui a norma OEKO-TEX 100, sendo ambientalmente seguro e n\u00e3o prejudicial para a sa\u00fade humana. \u00c9 um produto neutro, ecologicamente seguro e produzido de acordo com a norma ISO 1400, um sistema de gest\u00e3o ambiental que visa melhorar a efici\u00eancia dos recursos. Savant visa refor\u00e7ar a nossa aposta na sustentabilidade. Est\u00e1 dispon\u00edvel em 8 cores profundas muito elegantes.         <\/p>\n","protected":false},"excerpt":{"rendered":"<p>SAVANT FR \u00e9 um tecido jacquard ideal para cortinas, reposteiros e decora\u00e7\u00e3o. Este tecido com 145 cm representa a natureza com um padr\u00e3o inspirado nas pedras m\u00e1rmores italianas.  Apresenta-se com look org\u00e2nico e luxuoso como um mineral rico e suave. Savant pode ser combinado perfeitamente com SESTRI, um padr\u00e3o mais discreto com a mesma qualidade, estrutura e cores. Ambos s\u00e3o lav\u00e1veis segundo a norma americana hospitalar AATCC 96. Savant \u00e9 fabricado com 70% de fio de poli\u00e9ster inerente ign\u00edfugo reciclado GRS. GRS \u00e9 a Global Recycled Standard, uma refer\u00eancia na rastreabilidade total dos materiais reciclados utilizados at\u00e9 ao tecido final. Isto garante a sua sustentabilidade. Al\u00e9m disso, possui a norma OEKO-TEX 100, sendo ambientalmente seguro e n\u00e3o prejudicial para a sa\u00fade humana. \u00c9 um produto neutro, ecologicamente seguro e produzido de acordo com a norma ISO 1400, um sistema de gest\u00e3o ambiental que visa melhorar a efici\u00eancia dos recursos. Savant visa refor\u00e7ar a nossa aposta na sustentabilidade. Est\u00e1 dispon\u00edvel em 8 cores profundas muito elegantes.         <\/p>\n<h2>SAVANT FR \u00e9 um tecido jacquard ideal para cortinas, reposteiros e decora\u00e7\u00e3o. Este tecido com 145 cm representa a natureza com um padr\u00e3o inspirado nas pedras m\u00e1rmores italianas. <\/h2>\n<p><img fetchpriority=\"high\" decoding=\"async\" class=\"alignnone wp-image-223825 size-medium\" src=\"https:\/\/aldeco.pt\/staging\/wp-content\/uploads\/2025\/07\/ALDECO_SAVANT-FR_02-Fresco-2-300x300.jpg\" alt=\"SAVANT FR - Aldeco\" width=\"300\" height=\"300\"><\/p>\n<p><a href=\"https:\/\/aldeco.pt\/staging\/product\/savant-fr\/?attribute_pa_colour=gray&amp;attribute_pa_aldeco-color=02-fresco\">https:\/\/aldeco.pt\/staging\/product\/savant-fr\/?attribute_pa_colour=gray&amp;attribute_pa_aldeco-color=02-fresco<\/a><\/p>\n<p><a href=\"https:\/\/www.instagram.com\/aldeco_interiorfabrics\/\">https:\/\/www.instagram.com\/aldeco_interiorfabrics\/<\/a><\/p>\n","protected":false},"featured_media":222741,"template":"","meta":[],"product_brand":[],"product_cat":[6153],"product_tag":[],"class_list":{"0":"post-223829","1":"product","2":"type-product","3":"status-publish","4":"has-post-thumbnail","6":"product_cat-aldeco-smarter-pt-pt","7":"pa_cleanability-8282","8":"pa_composition-ext-70-rpl-fr-30-pl-fr-pt-pt","9":"pa_contract-fabrics-1-pt-pt","10":"pa_interior-fabrics-1-pt-pt","11":"pa_line-tecidos","12":"pa_lithfastness-6-pt-pt","13":"pa_opportunities-descontinuado","14":"pa_range-jacquard-pt-pt","15":"pa_rapport-horizontal-29-pt-pt","16":"pa_rapport-vertical-42-pt-pt","17":"pa_special-treatments-fabrics-1-pt-pt","18":"pa_sustainable-fabrics-1-pt-pt","21":"first","22":"instock","23":"purchasable","24":"product-type-variable"},"acf":[],"_links":{"self":[{"href":"https:\/\/staging.aldeco.pt\/pt-pt\/wp-json\/wp\/v2\/product\/223829","targetHints":{"allow":["GET"]}}],"collection":[{"href":"https:\/\/staging.aldeco.pt\/pt-pt\/wp-json\/wp\/v2\/product"}],"about":[{"href":"https:\/\/staging.aldeco.pt\/pt-pt\/wp-json\/wp\/v2\/types\/product"}],"version-history":[{"count":1,"href":"https:\/\/staging.aldeco.pt\/pt-pt\/wp-json\/wp\/v2\/product\/223829\/revisions"}],"predecessor-version":[{"id":224116,"href":"https:\/\/staging.aldeco.pt\/pt-pt\/wp-json\/wp\/v2\/product\/223829\/revisions\/224116"}],"wp:featuredmedia":[{"embeddable":true,"href":"https:\/\/staging.aldeco.pt\/pt-pt\/wp-json\/wp\/v2\/media\/222741"}],"wp:attachment":[{"href":"https:\/\/staging.aldeco.pt\/pt-pt\/wp-json\/wp\/v2\/media?parent=223829"}],"wp:term":[{"taxonomy":"product_brand","embeddable":true,"href":"https:\/\/staging.aldeco.pt\/pt-pt\/wp-json\/wp\/v2\/product_brand?post=223829"},{"taxonomy":"product_cat","embeddable":true,"href":"https:\/\/staging.aldeco.pt\/pt-pt\/wp-json\/wp\/v2\/product_cat?post=223829"},{"taxonomy":"product_tag","embeddable":true,"href":"https:\/\/staging.aldeco.pt\/pt-pt\/wp-json\/wp\/v2\/product_tag?post=223829"}],"curies":[{"name":"wp","href":"https:\/\/api.w.org\/{rel}","templated":true}]}}