{"id":223796,"date":"2025-07-25T15:22:52","date_gmt":"2025-07-25T15:22:52","guid":{"rendered":"https:\/\/aldeco.pt\/staging\/product\/saiph-fr\/"},"modified":"2025-07-31T15:32:58","modified_gmt":"2025-07-31T15:32:58","slug":"saiph-fr","status":"publish","type":"product","link":"https:\/\/staging.aldeco.pt\/pt-pt\/product\/saiph-fr\/","title":{"rendered":"SAIPH FR"},"content":{"rendered":"<p>SAIPH FR \u00e9 um tecido boucl\u00e9 suave muito estruturado ideal para estofo. Este tecido reciclado apresenta um desenho de espiga, \u00e9 extremamente resistente \u00e0 abras\u00e3o e possui certifica\u00e7\u00e3o para as mais exigentes normas internacionais de resist\u00eancia ao fogo incluindo CRIB 5. De aspecto moderno e natural, \u00e9 um tecido ecol\u00f3gico e vers\u00e1til composto quase inteiramente por poli\u00e9ster inerente ign\u00edfugo reciclado cumprindo com o Global Recycled Standard Post-Consumer, as suas fibras s\u00e3o obtidas atrav\u00e9s da reciclagem de mat\u00e9rias reutilizadas. Este tecido pode ser utilizado em ambientes residenciais, contract e mar\u00edtimo, gra\u00e7as \u00e0s suas caracter\u00edsticas t\u00e9cnicas que lhe conferem tamb\u00e9m propriedades de absor\u00e7\u00e3o de som. SAIPH tem um aspecto mate e intemporal e pode ser combinado com o tecido liso Sabik, que apresenta a mesma estrutura com um look s\u00f3lido. Ambos est\u00e3o dispon\u00edveis em 12 cores profundas muito atuais.      <\/p>\n","protected":false},"excerpt":{"rendered":"<p>SAIPH FR \u00e9 um tecido boucl\u00e9 suave muito estruturado ideal para estofo. Este tecido reciclado apresenta um desenho de espiga, \u00e9 extremamente resistente \u00e0 abras\u00e3o e possui certifica\u00e7\u00e3o para as mais exigentes normas internacionais de resist\u00eancia ao fogo incluindo CRIB 5. De aspecto moderno e natural, \u00e9 um tecido ecol\u00f3gico e vers\u00e1til composto quase inteiramente por poli\u00e9ster inerente ign\u00edfugo reciclado cumprindo com o Global Recycled Standard Post-Consumer, as suas fibras s\u00e3o obtidas atrav\u00e9s da reciclagem de mat\u00e9rias reutilizadas. Este tecido pode ser utilizado em ambientes residenciais, contract e mar\u00edtimo, gra\u00e7as \u00e0s suas caracter\u00edsticas t\u00e9cnicas que lhe conferem tamb\u00e9m propriedades de absor\u00e7\u00e3o de som. SAIPH tem um aspecto mate e intemporal e pode ser combinado com o tecido liso Sabik, que apresenta a mesma estrutura com um look s\u00f3lido. Ambos est\u00e3o dispon\u00edveis em 12 cores profundas muito atuais.      <\/p>\n<h2>SAIPH FR \u00e9 um tecido boucl\u00e9 suave muito estruturado ideal para estofo.<\/h2>\n<p><img fetchpriority=\"high\" decoding=\"async\" class=\"alignnone wp-image-223782 size-medium\" src=\"https:\/\/aldeco.pt\/staging\/wp-content\/uploads\/2025\/07\/ALDECO_SAIPH-FR_02-Sand-1-300x300.jpg\" alt=\"SAIPH FR - Aldeco\" width=\"300\" height=\"300\"><\/p>\n<p><a href=\"https:\/\/aldeco.pt\/staging\/product\/saiph-fr\/?attribute_pa_colour=greige&amp;attribute_pa_aldeco-color=02-sand\">https:\/\/aldeco.pt\/staging\/product\/saiph-fr\/?attribute_pa_colour=greige&amp;attribute_pa_aldeco-color=02-sand<\/a><\/p>\n<p><a href=\"https:\/\/www.instagram.com\/aldeco_interiorfabrics\/\">https:\/\/www.instagram.com\/aldeco_interiorfabrics\/<\/a><\/p>\n","protected":false},"featured_media":222705,"template":"","meta":[],"product_brand":[],"product_cat":[6153],"product_tag":[],"class_list":{"0":"post-223796","1":"product","2":"type-product","3":"status-publish","4":"has-post-thumbnail","6":"product_cat-aldeco-smarter-pt-pt","7":"pa_cleanability-8282","8":"pa_composition-ext-95-rpl-fr-5-pl-fr-pt-pt","9":"pa_contract-fabrics-1-pt-pt","10":"pa_interior-fabrics-1-pt-pt","11":"pa_line-tecidos","12":"pa_lithfastness-4-pt-pt","13":"pa_opportunities-descontinuado","14":"pa_range-boucle-pt-pt","15":"pa_range-jacquard-pt-pt","16":"pa_rapport-horizontal-5-5-pt-pt","17":"pa_rapport-vertical-2-pt-pt","18":"pa_special-treatments-fabrics-1-pt-pt","19":"pa_sustainable-fabrics-1-pt-pt","22":"first","23":"instock","24":"purchasable","25":"product-type-variable"},"acf":[],"_links":{"self":[{"href":"https:\/\/staging.aldeco.pt\/pt-pt\/wp-json\/wp\/v2\/product\/223796","targetHints":{"allow":["GET"]}}],"collection":[{"href":"https:\/\/staging.aldeco.pt\/pt-pt\/wp-json\/wp\/v2\/product"}],"about":[{"href":"https:\/\/staging.aldeco.pt\/pt-pt\/wp-json\/wp\/v2\/types\/product"}],"version-history":[{"count":1,"href":"https:\/\/staging.aldeco.pt\/pt-pt\/wp-json\/wp\/v2\/product\/223796\/revisions"}],"predecessor-version":[{"id":224115,"href":"https:\/\/staging.aldeco.pt\/pt-pt\/wp-json\/wp\/v2\/product\/223796\/revisions\/224115"}],"wp:featuredmedia":[{"embeddable":true,"href":"https:\/\/staging.aldeco.pt\/pt-pt\/wp-json\/wp\/v2\/media\/222705"}],"wp:attachment":[{"href":"https:\/\/staging.aldeco.pt\/pt-pt\/wp-json\/wp\/v2\/media?parent=223796"}],"wp:term":[{"taxonomy":"product_brand","embeddable":true,"href":"https:\/\/staging.aldeco.pt\/pt-pt\/wp-json\/wp\/v2\/product_brand?post=223796"},{"taxonomy":"product_cat","embeddable":true,"href":"https:\/\/staging.aldeco.pt\/pt-pt\/wp-json\/wp\/v2\/product_cat?post=223796"},{"taxonomy":"product_tag","embeddable":true,"href":"https:\/\/staging.aldeco.pt\/pt-pt\/wp-json\/wp\/v2\/product_tag?post=223796"}],"curies":[{"name":"wp","href":"https:\/\/api.w.org\/{rel}","templated":true}]}}