{"id":223756,"date":"2025-07-25T15:21:26","date_gmt":"2025-07-25T15:21:26","guid":{"rendered":"https:\/\/aldeco.pt\/staging\/product\/sabik-fr\/"},"modified":"2025-07-25T15:21:26","modified_gmt":"2025-07-25T15:21:26","slug":"sabik-fr","status":"publish","type":"product","link":"https:\/\/staging.aldeco.pt\/pt-pt\/product\/sabik-fr\/","title":{"rendered":"SABIK FR"},"content":{"rendered":"<p>SABIK FR \u00e9 um tecido boucl\u00e9 muito estruturado ideal para estofo. Este tecido reciclado \u00e9 extremamente resistente \u00e0 abras\u00e3o e possui certifica\u00e7\u00e3o para as mais exigentes normas internacionais de resist\u00eancia ao fogo. De aspecto moderno e natural, \u00e9 um tecido ecol\u00f3gico e vers\u00e1til composto quase inteiramente por poli\u00e9ster inerente ign\u00edfugo reciclado cumprindo com o Global Recycled Standard Post-Consumer, as suas fibras s\u00e3o obtidas atrav\u00e9s da reciclagem de mat\u00e9rias reutilizadas. Este tecido pode ser utilizado em ambientes residenciais, contract e mar\u00edtimo, gra\u00e7as \u00e0s suas caracter\u00edsticas t\u00e9cnicas que lhe conferem tamb\u00e9m propriedades de absor\u00e7\u00e3o de som. Sabik tem um aspecto mate, suave e s\u00f3lido e pode ser combinado com o artigo SAIPH, que apresenta a mesma estrutura com um padr\u00e3o espinhado (herringbone). Ambos est\u00e3o dispon\u00edveis em 12 cores muito atuais.      <\/p>\n","protected":false},"excerpt":{"rendered":"<p>SABIK FR \u00e9 um tecido boucl\u00e9 muito estruturado ideal para estofo. Este tecido reciclado \u00e9 extremamente resistente \u00e0 abras\u00e3o e possui certifica\u00e7\u00e3o para as mais exigentes normas internacionais de resist\u00eancia ao fogo. De aspecto moderno e natural, \u00e9 um tecido ecol\u00f3gico e vers\u00e1til composto quase inteiramente por poli\u00e9ster inerente ign\u00edfugo reciclado cumprindo com o Global Recycled Standard Post-Consumer, as suas fibras s\u00e3o obtidas atrav\u00e9s da reciclagem de mat\u00e9rias reutilizadas. Este tecido pode ser utilizado em ambientes residenciais, contract e mar\u00edtimo, gra\u00e7as \u00e0s suas caracter\u00edsticas t\u00e9cnicas que lhe conferem tamb\u00e9m propriedades de absor\u00e7\u00e3o de som. Sabik tem um aspecto mate, suave e s\u00f3lido e pode ser combinado com o artigo SAIPH, que apresenta a mesma estrutura com um padr\u00e3o espinhado (herringbone). Ambos est\u00e3o dispon\u00edveis em 12 cores muito atuais.      <\/p>\n<h2>SABIK FR \u00e9 um tecido boucl\u00e9 muito estruturado ideal para estofo&#8230;<\/h2>\n<p><img fetchpriority=\"high\" decoding=\"async\" class=\"alignnone wp-image-223752 size-medium\" src=\"https:\/\/aldeco.pt\/staging\/wp-content\/uploads\/2025\/07\/ALDECO_SABIK-FR_01-Dune-1-300x300.jpg\" alt=\"SABIK FR - Aldeco\" width=\"300\" height=\"300\"><\/p>\n<p><a href=\"https:\/\/aldeco.pt\/staging\/product\/sabik-fr\/?attribute_pa_colour=greige&amp;attribute_pa_aldeco-color=01-dune\">https:\/\/aldeco.pt\/staging\/product\/sabik-fr\/?attribute_pa_colour=greige&amp;attribute_pa_aldeco-color=01-dune<\/a><\/p>\n<p><a href=\"https:\/\/www.instagram.com\/aldeco_interiorfabrics\/\">https:\/\/www.instagram.com\/aldeco_interiorfabrics\/<\/a><\/p>\n","protected":false},"featured_media":222669,"template":"","meta":[],"product_brand":[],"product_cat":[6153],"product_tag":[],"class_list":{"0":"post-223756","1":"product","2":"type-product","3":"status-publish","4":"has-post-thumbnail","6":"product_cat-aldeco-smarter-pt-pt","7":"pa_cleanability-8282","8":"pa_composition-ext-96-rpl-fr-4-pl-fr-pt-pt","9":"pa_contract-fabrics-1-pt-pt","10":"pa_interior-fabrics-1-pt-pt","11":"pa_line-tecidos","12":"pa_lithfastness-6-pt-pt","13":"pa_opportunities-descontinuado","14":"pa_range-boucle-pt-pt","15":"pa_range-jacquard-pt-pt","16":"pa_rapport-horizontal-0-pt-pt","17":"pa_rapport-vertical-0-pt-pt","18":"pa_special-treatments-fabrics-1-pt-pt","19":"pa_sustainable-fabrics-1-pt-pt","22":"first","23":"instock","24":"purchasable","25":"product-type-variable"},"acf":[],"_links":{"self":[{"href":"https:\/\/staging.aldeco.pt\/pt-pt\/wp-json\/wp\/v2\/product\/223756","targetHints":{"allow":["GET"]}}],"collection":[{"href":"https:\/\/staging.aldeco.pt\/pt-pt\/wp-json\/wp\/v2\/product"}],"about":[{"href":"https:\/\/staging.aldeco.pt\/pt-pt\/wp-json\/wp\/v2\/types\/product"}],"version-history":[{"count":0,"href":"https:\/\/staging.aldeco.pt\/pt-pt\/wp-json\/wp\/v2\/product\/223756\/revisions"}],"wp:featuredmedia":[{"embeddable":true,"href":"https:\/\/staging.aldeco.pt\/pt-pt\/wp-json\/wp\/v2\/media\/222669"}],"wp:attachment":[{"href":"https:\/\/staging.aldeco.pt\/pt-pt\/wp-json\/wp\/v2\/media?parent=223756"}],"wp:term":[{"taxonomy":"product_brand","embeddable":true,"href":"https:\/\/staging.aldeco.pt\/pt-pt\/wp-json\/wp\/v2\/product_brand?post=223756"},{"taxonomy":"product_cat","embeddable":true,"href":"https:\/\/staging.aldeco.pt\/pt-pt\/wp-json\/wp\/v2\/product_cat?post=223756"},{"taxonomy":"product_tag","embeddable":true,"href":"https:\/\/staging.aldeco.pt\/pt-pt\/wp-json\/wp\/v2\/product_tag?post=223756"}],"curies":[{"name":"wp","href":"https:\/\/api.w.org\/{rel}","templated":true}]}}