{"id":223742,"date":"2025-07-25T15:20:21","date_gmt":"2025-07-25T15:20:21","guid":{"rendered":"https:\/\/aldeco.pt\/staging\/product\/re-new-fr\/"},"modified":"2025-07-31T15:30:54","modified_gmt":"2025-07-31T15:30:54","slug":"re-new-fr","status":"publish","type":"product","link":"https:\/\/staging.aldeco.pt\/pt-pt\/product\/re-new-fr\/","title":{"rendered":"RE-NEW FR"},"content":{"rendered":"<p>RE-NEW FR \u00e9 um tecido Dimout encantador, como RE-BOOT, cada um com nove op\u00e7\u00f5es de cores. Os pr\u00f3prios nomes indicam a fonte de fornecimento: mais de 50% de poli\u00e9ster reciclado inerente, RE-NEW tem um toque natural e seco agrad\u00e1vel e um aspeto ligeiramente met\u00e1lico glamoroso. \u00c9 lav\u00e1vel a alta temperatura, cumprindo a norma americana de lavagem hospitalar. RE-NEW \u00e9 um tecido f\u00e1cil de cuidar e sustent\u00e1vel, em conformidade com a certifica\u00e7\u00e3o OEKO-TEX 100 e n\u00e3o cont\u00e9m subst\u00e2ncias nocivas para a sa\u00fade humana.  <\/p>\n","protected":false},"excerpt":{"rendered":"<p>RE-NEW FR \u00e9 um tecido Dimout encantador, como RE-BOOT, cada um com nove op\u00e7\u00f5es de cores. Os pr\u00f3prios nomes indicam a fonte de fornecimento: mais de 50% de poli\u00e9ster reciclado inerente, RE-NEW tem um toque natural e seco agrad\u00e1vel e um aspeto ligeiramente met\u00e1lico glamoroso. \u00c9 lav\u00e1vel a alta temperatura, cumprindo a norma americana de lavagem hospitalar. RE-NEW \u00e9 um tecido f\u00e1cil de cuidar e sustent\u00e1vel, em conformidade com a certifica\u00e7\u00e3o OEKO-TEX 100 e n\u00e3o cont\u00e9m subst\u00e2ncias nocivas para a sa\u00fade humana.  <\/p>\n<h2>RE-NEW FR \u00e9 um tecido Dimout encantador, como RE-BOOT, cada um com nove op\u00e7\u00f5es de cores.<\/h2>\n<p><img fetchpriority=\"high\" decoding=\"async\" class=\"alignnone wp-image-223728 size-medium\" src=\"https:\/\/aldeco.pt\/staging\/wp-content\/uploads\/2025\/07\/ALDECO_RE-NEW-FR_01-Stone-2-300x300.jpg\" alt=\"RE-NEW FR - Aldeco\" width=\"300\" height=\"300\"><\/p>\n<p><a href=\"https:\/\/aldeco.pt\/staging\/product\/re-new-fr\/?attribute_pa_colour=greige&amp;attribute_pa_aldeco-color=01-stone\">https:\/\/aldeco.pt\/staging\/product\/re-new-fr\/?attribute_pa_colour=greige&amp;attribute_pa_aldeco-color=01-stone<\/a><\/p>\n<p><a href=\"https:\/\/www.instagram.com\/aldeco_interiorfabrics\/\">https:\/\/www.instagram.com\/aldeco_interiorfabrics\/<\/a><\/p>\n","protected":false},"featured_media":222639,"template":"","meta":[],"product_brand":[],"product_cat":[6153],"product_tag":[],"class_list":{"0":"post-223742","1":"product","2":"type-product","3":"status-publish","4":"has-post-thumbnail","6":"product_cat-aldeco-smarter-pt-pt","7":"pa_composition-ext-54-rpl-fr-46-pl-fr-pt-pt","8":"pa_contract-fabrics-1-pt-pt","9":"pa_interior-fabrics-1-pt-pt","10":"pa_line-tecidos","11":"pa_lithfastness-5-pt-pt","12":"pa_opportunities-descontinuado","13":"pa_range-dimout-pt-pt","14":"pa_range-dobby-pt-pt","15":"pa_rapport-horizontal-0-pt-pt","16":"pa_rapport-vertical-0-pt-pt","17":"pa_special-treatments-fabrics-1-pt-pt","18":"pa_sustainable-fabrics-1-pt-pt","21":"first","22":"instock","23":"purchasable","24":"product-type-variable"},"acf":[],"_links":{"self":[{"href":"https:\/\/staging.aldeco.pt\/pt-pt\/wp-json\/wp\/v2\/product\/223742","targetHints":{"allow":["GET"]}}],"collection":[{"href":"https:\/\/staging.aldeco.pt\/pt-pt\/wp-json\/wp\/v2\/product"}],"about":[{"href":"https:\/\/staging.aldeco.pt\/pt-pt\/wp-json\/wp\/v2\/types\/product"}],"version-history":[{"count":1,"href":"https:\/\/staging.aldeco.pt\/pt-pt\/wp-json\/wp\/v2\/product\/223742\/revisions"}],"predecessor-version":[{"id":224114,"href":"https:\/\/staging.aldeco.pt\/pt-pt\/wp-json\/wp\/v2\/product\/223742\/revisions\/224114"}],"wp:featuredmedia":[{"embeddable":true,"href":"https:\/\/staging.aldeco.pt\/pt-pt\/wp-json\/wp\/v2\/media\/222639"}],"wp:attachment":[{"href":"https:\/\/staging.aldeco.pt\/pt-pt\/wp-json\/wp\/v2\/media?parent=223742"}],"wp:term":[{"taxonomy":"product_brand","embeddable":true,"href":"https:\/\/staging.aldeco.pt\/pt-pt\/wp-json\/wp\/v2\/product_brand?post=223742"},{"taxonomy":"product_cat","embeddable":true,"href":"https:\/\/staging.aldeco.pt\/pt-pt\/wp-json\/wp\/v2\/product_cat?post=223742"},{"taxonomy":"product_tag","embeddable":true,"href":"https:\/\/staging.aldeco.pt\/pt-pt\/wp-json\/wp\/v2\/product_tag?post=223742"}],"curies":[{"name":"wp","href":"https:\/\/api.w.org\/{rel}","templated":true}]}}