{"id":223690,"date":"2025-07-25T15:18:03","date_gmt":"2025-07-25T15:18:03","guid":{"rendered":"https:\/\/aldeco.pt\/staging\/product\/re-delis-fr\/"},"modified":"2025-07-31T13:55:31","modified_gmt":"2025-07-31T13:55:31","slug":"re-delis-fr","status":"publish","type":"product","link":"https:\/\/staging.aldeco.pt\/pt-pt\/product\/re-delis-fr\/","title":{"rendered":"RE-DELIS FR"},"content":{"rendered":"<p>RE-DELIS FR \u00e9 um tecido de poli\u00e9ster reciclado lav\u00e1vel vers\u00e1til. Este tecido largo de aspecto mate e natural \u00e9 retardante de fogo em v\u00e1rias normas internacionais.  Trata-se de um resistente e tecido pesado com propriedades ac\u00fasticas ideal para m\u00faltiplas utiliza\u00e7\u00f5es como estofo, cortina, reposteiro, decora\u00e7\u00e3o e contract. Possui certifica\u00e7\u00e3o OEKO-TEX, n\u00e3o cont\u00e9m subst\u00e2ncias nocivas para a sa\u00fade humana nem para o ambiente.<br \/>Est\u00e1 dispon\u00edvel em 18 cores s\u00f3lidas.  <\/p>\n","protected":false},"excerpt":{"rendered":"<p>RE-DELIS FR \u00e9 um tecido de poli\u00e9ster reciclado lav\u00e1vel vers\u00e1til. Este tecido largo de aspecto mate e natural \u00e9 retardante de fogo em v\u00e1rias normas internacionais.  Trata-se de um resistente e tecido pesado com propriedades ac\u00fasticas ideal para m\u00faltiplas utiliza\u00e7\u00f5es como estofo, cortina, reposteiro, decora\u00e7\u00e3o e contract. Possui certifica\u00e7\u00e3o OEKO-TEX, n\u00e3o cont\u00e9m subst\u00e2ncias nocivas para a sa\u00fade humana nem para o ambiente.<br \/>Est\u00e1 dispon\u00edvel em 18 cores s\u00f3lidas.  <\/p>\n<h2>RE-DELIS FR \u00e9 um tecido de poli\u00e9ster reciclado lav\u00e1vel vers\u00e1til. Este tecido largo de aspecto mate e natural \u00e9 retardante de fogo em v\u00e1rias normas internacionais. <\/h2>\n<p><img fetchpriority=\"high\" decoding=\"async\" class=\"alignnone wp-image-223685 size-medium\" src=\"https:\/\/aldeco.pt\/staging\/wp-content\/uploads\/2025\/07\/ALDECO_RE-DELIS-FR_01-Aluminium-1-300x300.jpg\" alt=\"RE-DELIS FR - Aldeco\" width=\"300\" height=\"300\"><\/p>\n<p><a href=\"https:\/\/aldeco.pt\/staging\/product\/re-delis-fr\/?attribute_pa_colour=gray&amp;attribute_pa_aldeco-color=01-aluminium\">https:\/\/aldeco.pt\/staging\/product\/re-delis-fr\/?attribute_pa_colour=gray&amp;attribute_pa_aldeco-color=01-aluminium<\/a><\/p>\n<p><a href=\"https:\/\/www.instagram.com\/aldeco_interiorfabrics\/\">https:\/\/www.instagram.com\/aldeco_interiorfabrics\/<\/a><\/p>\n","protected":false},"featured_media":222585,"template":"","meta":[],"product_brand":[],"product_cat":[6153],"product_tag":[],"class_list":{"0":"post-223690","1":"product","2":"type-product","3":"status-publish","4":"has-post-thumbnail","6":"product_cat-aldeco-smarter-pt-pt","7":"pa_cleanability-8282","8":"pa_composition-ext-52-rpl-fr-48-pl-fr-pt-pt","9":"pa_contract-fabrics-1-pt-pt","10":"pa_interior-fabrics-1-pt-pt","11":"pa_line-tecidos","12":"pa_lithfastness-5-pt-pt","13":"pa_opportunities-descontinuado","14":"pa_range-liso","15":"pa_rapport-horizontal-0-pt-pt","16":"pa_rapport-vertical-0-pt-pt","17":"pa_special-treatments-fabrics-1-pt-pt","18":"pa_sustainable-fabrics-1-pt-pt","21":"first","22":"instock","23":"purchasable","24":"product-type-variable"},"acf":[],"_links":{"self":[{"href":"https:\/\/staging.aldeco.pt\/pt-pt\/wp-json\/wp\/v2\/product\/223690","targetHints":{"allow":["GET"]}}],"collection":[{"href":"https:\/\/staging.aldeco.pt\/pt-pt\/wp-json\/wp\/v2\/product"}],"about":[{"href":"https:\/\/staging.aldeco.pt\/pt-pt\/wp-json\/wp\/v2\/types\/product"}],"version-history":[{"count":1,"href":"https:\/\/staging.aldeco.pt\/pt-pt\/wp-json\/wp\/v2\/product\/223690\/revisions"}],"predecessor-version":[{"id":224113,"href":"https:\/\/staging.aldeco.pt\/pt-pt\/wp-json\/wp\/v2\/product\/223690\/revisions\/224113"}],"wp:featuredmedia":[{"embeddable":true,"href":"https:\/\/staging.aldeco.pt\/pt-pt\/wp-json\/wp\/v2\/media\/222585"}],"wp:attachment":[{"href":"https:\/\/staging.aldeco.pt\/pt-pt\/wp-json\/wp\/v2\/media?parent=223690"}],"wp:term":[{"taxonomy":"product_brand","embeddable":true,"href":"https:\/\/staging.aldeco.pt\/pt-pt\/wp-json\/wp\/v2\/product_brand?post=223690"},{"taxonomy":"product_cat","embeddable":true,"href":"https:\/\/staging.aldeco.pt\/pt-pt\/wp-json\/wp\/v2\/product_cat?post=223690"},{"taxonomy":"product_tag","embeddable":true,"href":"https:\/\/staging.aldeco.pt\/pt-pt\/wp-json\/wp\/v2\/product_tag?post=223690"}],"curies":[{"name":"wp","href":"https:\/\/api.w.org\/{rel}","templated":true}]}}