{"id":223665,"date":"2025-07-25T15:16:57","date_gmt":"2025-07-25T15:16:57","guid":{"rendered":"https:\/\/aldeco.pt\/staging\/product\/re-boot-fr\/"},"modified":"2025-07-31T12:03:40","modified_gmt":"2025-07-31T12:03:40","slug":"re-boot-fr","status":"publish","type":"product","link":"https:\/\/staging.aldeco.pt\/pt-pt\/product\/re-boot-fr\/","title":{"rendered":"RE-BOOT FR"},"content":{"rendered":"<p>RE-BOOT FR \u00e9 um ador\u00e1vel tecido texturado Dimout, lav\u00e1vel e fabricado a partir de uma mistura de poli\u00e9ster, como o RE-NEW, ambos com 9 op\u00e7\u00f5es de coloridos. Os pr\u00f3prios nomes indicam a fonte de fornecimento destes dimouts: mais de 50% de poli\u00e9ster reciclado inerente combinado com poli\u00e9ster regular inerente para obter um aspeto ligeiramente metalizado glamoroso. \u00c9 lav\u00e1vel a alta temperatura, cumprindo a norma americana de lavagem hospitalar. O RE-BOOT \u00e9 por isso um tecido de f\u00e1cil lavagem e sustent\u00e1vel, em conformidade com a norma Global Recycled Standard e OEKO-TEX 100, n\u00e3o cont\u00e9m subst\u00e2ncias nocivas para a sa\u00fade humana nem para o ambiente. Possui qualidades e certificado de isolamento ac\u00fastico e est\u00e1 em conformidade com diversas normas internacionais de retardantes de fogo.   <\/p>\n","protected":false},"excerpt":{"rendered":"<p>RE-BOOT FR \u00e9 um ador\u00e1vel tecido texturado Dimout, lav\u00e1vel e fabricado a partir de uma mistura de poli\u00e9ster, como o RE-NEW, ambos com 9 op\u00e7\u00f5es de coloridos. Os pr\u00f3prios nomes indicam a fonte de fornecimento destes dimouts: mais de 50% de poli\u00e9ster reciclado inerente combinado com poli\u00e9ster regular inerente para obter um aspeto ligeiramente metalizado glamoroso. \u00c9 lav\u00e1vel a alta temperatura, cumprindo a norma americana de lavagem hospitalar. O RE-BOOT \u00e9 por isso um tecido de f\u00e1cil lavagem e sustent\u00e1vel, em conformidade com a norma Global Recycled Standard e OEKO-TEX 100, n\u00e3o cont\u00e9m subst\u00e2ncias nocivas para a sa\u00fade humana nem para o ambiente. Possui qualidades e certificado de isolamento ac\u00fastico e est\u00e1 em conformidade com diversas normas internacionais de retardantes de fogo.   <\/p>\n<h2>RE-BOOT FR \u00e9 um ador\u00e1vel tecido texturado Dimout, lav\u00e1vel e fabricado a partir de uma mistura de poli\u00e9ster, como o RE-NEW, ambos com 9 op\u00e7\u00f5es de coloridos.<\/h2>\n<p><img fetchpriority=\"high\" decoding=\"async\" class=\"alignnone wp-image-223660 size-medium\" src=\"https:\/\/aldeco.pt\/staging\/wp-content\/uploads\/2025\/07\/ALDECO_RE-BOOT-FR_01-Zinc-1-300x300.jpg\" alt=\"RE-BOOT FR - Aldeco\" width=\"300\" height=\"300\"><\/p>\n<p><a href=\"https:\/\/aldeco.pt\/staging\/product\/re-boot-fr\/?attribute_pa_colour=greige&amp;attribute_pa_aldeco-color=01-zinc\">https:\/\/aldeco.pt\/staging\/product\/re-boot-fr\/?attribute_pa_colour=greige&amp;attribute_pa_aldeco-color=01-zinc<\/a><\/p>\n<p><a href=\"https:\/\/www.instagram.com\/aldeco_interiorfabrics\/\">https:\/\/www.instagram.com\/aldeco_interiorfabrics\/<\/a><\/p>\n","protected":false},"featured_media":222558,"template":"","meta":[],"product_brand":[],"product_cat":[6153],"product_tag":[],"class_list":{"0":"post-223665","1":"product","2":"type-product","3":"status-publish","4":"has-post-thumbnail","6":"product_cat-aldeco-smarter-pt-pt","7":"pa_cleanability-8282","8":"pa_composition-ext-53-rpl-fr-43pl-fr-pt-pt","9":"pa_contract-fabrics-1-pt-pt","10":"pa_interior-fabrics-1-pt-pt","11":"pa_line-tecidos","12":"pa_lithfastness-5-pt-pt","13":"pa_opportunities-descontinuado","14":"pa_range-dimout-pt-pt","15":"pa_range-dobby-pt-pt","16":"pa_rapport-horizontal-0-pt-pt","17":"pa_rapport-vertical-0-pt-pt","18":"pa_special-treatments-fabrics-1-pt-pt","19":"pa_sustainable-fabrics-1-pt-pt","22":"first","23":"instock","24":"purchasable","25":"product-type-variable"},"acf":[],"_links":{"self":[{"href":"https:\/\/staging.aldeco.pt\/pt-pt\/wp-json\/wp\/v2\/product\/223665","targetHints":{"allow":["GET"]}}],"collection":[{"href":"https:\/\/staging.aldeco.pt\/pt-pt\/wp-json\/wp\/v2\/product"}],"about":[{"href":"https:\/\/staging.aldeco.pt\/pt-pt\/wp-json\/wp\/v2\/types\/product"}],"version-history":[{"count":1,"href":"https:\/\/staging.aldeco.pt\/pt-pt\/wp-json\/wp\/v2\/product\/223665\/revisions"}],"predecessor-version":[{"id":224112,"href":"https:\/\/staging.aldeco.pt\/pt-pt\/wp-json\/wp\/v2\/product\/223665\/revisions\/224112"}],"wp:featuredmedia":[{"embeddable":true,"href":"https:\/\/staging.aldeco.pt\/pt-pt\/wp-json\/wp\/v2\/media\/222558"}],"wp:attachment":[{"href":"https:\/\/staging.aldeco.pt\/pt-pt\/wp-json\/wp\/v2\/media?parent=223665"}],"wp:term":[{"taxonomy":"product_brand","embeddable":true,"href":"https:\/\/staging.aldeco.pt\/pt-pt\/wp-json\/wp\/v2\/product_brand?post=223665"},{"taxonomy":"product_cat","embeddable":true,"href":"https:\/\/staging.aldeco.pt\/pt-pt\/wp-json\/wp\/v2\/product_cat?post=223665"},{"taxonomy":"product_tag","embeddable":true,"href":"https:\/\/staging.aldeco.pt\/pt-pt\/wp-json\/wp\/v2\/product_tag?post=223665"}],"curies":[{"name":"wp","href":"https:\/\/api.w.org\/{rel}","templated":true}]}}