{"id":223530,"date":"2025-07-25T15:14:09","date_gmt":"2025-07-25T15:14:09","guid":{"rendered":"https:\/\/aldeco.pt\/staging\/product\/moon-velvet-fr\/"},"modified":"2025-07-31T11:38:18","modified_gmt":"2025-07-31T11:38:18","slug":"moon-velvet-fr","status":"publish","type":"product","link":"https:\/\/staging.aldeco.pt\/pt-pt\/product\/moon-velvet-fr\/","title":{"rendered":"MOON VELVET FR"},"content":{"rendered":"<p>Moon Velvet FR \u00e9 um veludo t\u00e9cnico sumptuoso com aspecto de veludo de viscose, dispon\u00edvel em 39 belas cores.\u200e Moon Velvet FR \u00e9 um veludo t\u00e9cnico sumptuoso com aspecto de veludo de viscose, dispon\u00edvel em 39 belas cores.\u200e O p\u00ealo \u00e9 luxuoso, macio e dur\u00e1vel, o que faz de Moon uma op\u00e7\u00e3o glamorosa para estofos de luxo em qualquer projecto de contract ou residencial.\u200e A composi\u00e7\u00e3o de poli\u00e9ster ign\u00edfugo inerente confere-lhe uma resist\u00eancia \u00fanica e versatilidade ilimitadas, cumprindo com v\u00e1rias normas anto fogo internacionais, a norma OEKO-TEX, n\u00e3o possui substancias qu\u00edmicas nocivas para o ser humano e para o ambiente. Este veludo incr\u00edvel pode ser utilizado em estofo de alto rendimento, decora\u00e7\u00e3o, cortinas, hotelaria e at\u00e9 mesmo teatros gra\u00e7as \u00e0s suas caracter\u00edsticas ac\u00fasticas de absor\u00e7\u00e3o de som. Trata-se de um veludo lav\u00e1vel de acordo com a exigente norma americana hospitalar ATCC96, pois mantem o seu aspecto elegante, suave de forma simplesmente impressionante.   <\/p>\n","protected":false},"excerpt":{"rendered":"<p>Moon Velvet FR \u00e9 um veludo t\u00e9cnico sumptuoso com aspecto de veludo de viscose, dispon\u00edvel em 39 belas cores.\u200e Moon Velvet FR \u00e9 um veludo t\u00e9cnico sumptuoso com aspecto de veludo de viscose, dispon\u00edvel em 39 belas cores.\u200e O p\u00ealo \u00e9 luxuoso, macio e dur\u00e1vel, o que faz de Moon uma op\u00e7\u00e3o glamorosa para estofos de luxo em qualquer projecto de contract ou residencial.\u200e A composi\u00e7\u00e3o de poli\u00e9ster ign\u00edfugo inerente confere-lhe uma resist\u00eancia \u00fanica e versatilidade ilimitadas, cumprindo com v\u00e1rias normas anto fogo internacionais, a norma OEKO-TEX, n\u00e3o possui substancias qu\u00edmicas nocivas para o ser humano e para o ambiente. Este veludo incr\u00edvel pode ser utilizado em estofo de alto rendimento, decora\u00e7\u00e3o, cortinas, hotelaria e at\u00e9 mesmo teatros gra\u00e7as \u00e0s suas caracter\u00edsticas ac\u00fasticas de absor\u00e7\u00e3o de som. Trata-se de um veludo lav\u00e1vel de acordo com a exigente norma americana hospitalar ATCC96, pois mantem o seu aspecto elegante, suave de forma simplesmente impressionante.   <\/p>\n<h2>Moon Velvet FR \u00e9 um veludo t\u00e9cnico sumptuoso com aspecto de veludo de viscose, dispon\u00edvel em 39 belas cores.\u200e<\/h2>\n<p><img fetchpriority=\"high\" decoding=\"async\" class=\"alignnone wp-image-223525 size-medium\" src=\"https:\/\/aldeco.pt\/staging\/wp-content\/uploads\/2025\/07\/ALDECO_Moon-Velvet_01-Strawberry-1-300x300.jpg\" alt=\"Moon Velvet FR - Aldeco\" width=\"300\" height=\"300\"><\/p>\n<p><a href=\"https:\/\/aldeco.pt\/staging\/product\/moon-velvet-fr-39\/?attribute_pa_colour=red&amp;attribute_pa_aldeco-color=01-strawberry\">https:\/\/aldeco.pt\/staging\/product\/moon-velvet-fr-39\/?attribute_pa_colour=red&amp;attribute_pa_aldeco-color=01-strawberry<\/a><\/p>\n<p><a href=\"https:\/\/www.instagram.com\/aldeco_interiorfabrics\/\">https:\/\/www.instagram.com\/aldeco_interiorfabrics\/<\/a><\/p>\n<p>&nbsp;<\/p>\n","protected":false},"featured_media":222441,"template":"","meta":[],"product_brand":[],"product_cat":[6153],"product_tag":[],"class_list":{"0":"post-223530","1":"product","2":"type-product","3":"status-publish","4":"has-post-thumbnail","6":"product_cat-aldeco-smarter-pt-pt","7":"pa_cleanability-8282","8":"pa_composition-ext-100-pl-fr-pt-pt","9":"pa_contract-fabrics-1-pt-pt","10":"pa_interior-fabrics-1-pt-pt","11":"pa_line-tecidos","12":"pa_lithfastness-5-pt-pt","13":"pa_opportunities-descontinuado","14":"pa_range-veludo","15":"pa_rapport-horizontal-0-pt-pt","16":"pa_rapport-vertical-0-pt-pt","17":"pa_special-treatments-fabrics-1-pt-pt","18":"pa_sustainable-fabrics-1-pt-pt","21":"first","22":"instock","23":"purchasable","24":"product-type-variable"},"acf":[],"_links":{"self":[{"href":"https:\/\/staging.aldeco.pt\/pt-pt\/wp-json\/wp\/v2\/product\/223530","targetHints":{"allow":["GET"]}}],"collection":[{"href":"https:\/\/staging.aldeco.pt\/pt-pt\/wp-json\/wp\/v2\/product"}],"about":[{"href":"https:\/\/staging.aldeco.pt\/pt-pt\/wp-json\/wp\/v2\/types\/product"}],"version-history":[{"count":2,"href":"https:\/\/staging.aldeco.pt\/pt-pt\/wp-json\/wp\/v2\/product\/223530\/revisions"}],"predecessor-version":[{"id":224111,"href":"https:\/\/staging.aldeco.pt\/pt-pt\/wp-json\/wp\/v2\/product\/223530\/revisions\/224111"}],"wp:featuredmedia":[{"embeddable":true,"href":"https:\/\/staging.aldeco.pt\/pt-pt\/wp-json\/wp\/v2\/media\/222441"}],"wp:attachment":[{"href":"https:\/\/staging.aldeco.pt\/pt-pt\/wp-json\/wp\/v2\/media?parent=223530"}],"wp:term":[{"taxonomy":"product_brand","embeddable":true,"href":"https:\/\/staging.aldeco.pt\/pt-pt\/wp-json\/wp\/v2\/product_brand?post=223530"},{"taxonomy":"product_cat","embeddable":true,"href":"https:\/\/staging.aldeco.pt\/pt-pt\/wp-json\/wp\/v2\/product_cat?post=223530"},{"taxonomy":"product_tag","embeddable":true,"href":"https:\/\/staging.aldeco.pt\/pt-pt\/wp-json\/wp\/v2\/product_tag?post=223530"}],"curies":[{"name":"wp","href":"https:\/\/api.w.org\/{rel}","templated":true}]}}