{"id":223461,"date":"2025-07-25T15:06:27","date_gmt":"2025-07-25T15:06:27","guid":{"rendered":"https:\/\/aldeco.pt\/staging\/product\/gossy-fr\/"},"modified":"2025-07-31T11:20:18","modified_gmt":"2025-07-31T11:20:18","slug":"gossy-fr","status":"publish","type":"product","link":"https:\/\/staging.aldeco.pt\/pt-pt\/product\/gossy-fr\/","title":{"rendered":"GOSSY FR"},"content":{"rendered":"<p>Gossy FR \u00e9 um tecido liso e transparente com um aspeto natural para cortina que se integra em qualquer esquema de design de interiores.\u200e \u00c9 composto por 100% poli\u00e9ster ign\u00edfugo cumprindo com v\u00e1rias normas anti fogo internacionais. Este tecido alinhado cumpre com a norma OEKO-TEX 100, n\u00e3o possui subst\u00e2ncias nocivas para o ser humano e meio-ambiente e est\u00e1 dispon\u00edvel em cerca de 30 tons muito naturais. <\/p>\n","protected":false},"excerpt":{"rendered":"<p>Gossy FR \u00e9 um tecido liso e transparente com um aspeto natural para cortina que se integra em qualquer esquema de design de interiores.\u200e \u00c9 composto por 100% poli\u00e9ster ign\u00edfugo cumprindo com v\u00e1rias normas anti fogo internacionais. Este tecido alinhado cumpre com a norma OEKO-TEX 100, n\u00e3o possui subst\u00e2ncias nocivas para o ser humano e meio-ambiente e est\u00e1 dispon\u00edvel em cerca de 30 tons muito naturais. <\/p>\n<h2>Gossy FR \u00e9 um tecido liso e transparente com um aspeto natural para cortina que se integra em qualquer esquema de design de interiores.\u200e<\/h2>\n<p><img fetchpriority=\"high\" decoding=\"async\" class=\"alignnone wp-image-223457 size-medium\" src=\"https:\/\/aldeco.pt\/staging\/wp-content\/uploads\/2025\/07\/ALDECO_Gossy-FR_06-Aqua-1-300x300.jpg\" alt=\"Gossy FR - Aldeco\" width=\"300\" height=\"300\"><\/p>\n<p><a href=\"https:\/\/aldeco.pt\/staging\/product\/gossy-fr\/?attribute_pa_colour=silver&amp;attribute_pa_aldeco-color=01-silver\">https:\/\/aldeco.pt\/staging\/product\/gossy-fr\/?attribute_pa_colour=silver&amp;attribute_pa_aldeco-color=01-silver<\/a><\/p>\n<p><a href=\"https:\/\/www.instagram.com\/aldeco_interiorfabrics\/\">https:\/\/www.instagram.com\/aldeco_interiorfabrics\/<\/a><\/p>\n","protected":false},"featured_media":222396,"template":"","meta":[],"product_brand":[],"product_cat":[6153],"product_tag":[],"class_list":{"0":"post-223461","1":"product","2":"type-product","3":"status-publish","4":"has-post-thumbnail","6":"product_cat-aldeco-smarter-pt-pt","7":"pa_cleanability-8282","8":"pa_composition-ext-100-pl-fr-pt-pt","9":"pa_contract-fabrics-1-pt-pt","10":"pa_interior-fabrics-1-pt-pt","11":"pa_line-tecidos","12":"pa_lithfastness-5-6-pt-pt-2","13":"pa_opportunities-descontinuado","14":"pa_range-liso","15":"pa_rapport-horizontal-0-pt-pt","16":"pa_rapport-vertical-0-pt-pt","17":"pa_special-treatments-fabrics-1-pt-pt","18":"pa_sustainable-fabrics-1-pt-pt","21":"first","22":"instock","23":"purchasable","24":"product-type-variable"},"acf":[],"_links":{"self":[{"href":"https:\/\/staging.aldeco.pt\/pt-pt\/wp-json\/wp\/v2\/product\/223461","targetHints":{"allow":["GET"]}}],"collection":[{"href":"https:\/\/staging.aldeco.pt\/pt-pt\/wp-json\/wp\/v2\/product"}],"about":[{"href":"https:\/\/staging.aldeco.pt\/pt-pt\/wp-json\/wp\/v2\/types\/product"}],"version-history":[{"count":1,"href":"https:\/\/staging.aldeco.pt\/pt-pt\/wp-json\/wp\/v2\/product\/223461\/revisions"}],"predecessor-version":[{"id":224110,"href":"https:\/\/staging.aldeco.pt\/pt-pt\/wp-json\/wp\/v2\/product\/223461\/revisions\/224110"}],"wp:featuredmedia":[{"embeddable":true,"href":"https:\/\/staging.aldeco.pt\/pt-pt\/wp-json\/wp\/v2\/media\/222396"}],"wp:attachment":[{"href":"https:\/\/staging.aldeco.pt\/pt-pt\/wp-json\/wp\/v2\/media?parent=223461"}],"wp:term":[{"taxonomy":"product_brand","embeddable":true,"href":"https:\/\/staging.aldeco.pt\/pt-pt\/wp-json\/wp\/v2\/product_brand?post=223461"},{"taxonomy":"product_cat","embeddable":true,"href":"https:\/\/staging.aldeco.pt\/pt-pt\/wp-json\/wp\/v2\/product_cat?post=223461"},{"taxonomy":"product_tag","embeddable":true,"href":"https:\/\/staging.aldeco.pt\/pt-pt\/wp-json\/wp\/v2\/product_tag?post=223461"}],"curies":[{"name":"wp","href":"https:\/\/api.w.org\/{rel}","templated":true}]}}