{"id":223395,"date":"2025-07-25T15:02:42","date_gmt":"2025-07-25T15:02:42","guid":{"rendered":"https:\/\/aldeco.pt\/staging\/product\/life-wlb-fr\/"},"modified":"2025-07-25T15:02:42","modified_gmt":"2025-07-25T15:02:42","slug":"life-wlb-fr","status":"publish","type":"product","link":"https:\/\/staging.aldeco.pt\/pt-pt\/product\/life-wlb-fr\/","title":{"rendered":"LIFE WLB FR"},"content":{"rendered":"<p>Life FR WLB \u00e9 um voile produzido de 100% poli\u00e9ster. \u00c9 um tecido transparente absolutamente intemporal e, devido \u00e0 sua simplicidade e aspeto limpo, \u00e9 um daqueles tecidos indispens\u00e1veis. \u00c9 lav\u00e1vel e \u00e9 inerentemente resistente \u00e0 chama (FR), o que significa que cumpre todas as normas internacionais de prote\u00e7\u00e3o contra o fogo al\u00e9m de ser um \u00f3timo produto para contract. Possui certifica\u00e7\u00e3o OEKO-TEX 100, n\u00e3o possui qu\u00edmicos nocivos na sua composi\u00e7\u00e3o. Por isso, \u00e9 seguro para as pessoas, animais e para o planeta. A produ\u00e7\u00e3o \u00e9 realizada com certifica\u00e7\u00e3o ISO 14001, garantindo o menor impacto ambiental poss\u00edvel no fabrico do tecido. Possui fio de chumbo ecol\u00f3gico para uma ca\u00edda perfeita e est\u00e1 dispon\u00edvel em 30 tons.      <\/p>\n<p>&nbsp;<\/p>\n","protected":false},"excerpt":{"rendered":"<p>Life FR WLB \u00e9 um voile produzido de 100% poli\u00e9ster. \u00c9 um tecido transparente absolutamente intemporal e, devido \u00e0 sua simplicidade e aspeto limpo, \u00e9 um daqueles tecidos indispens\u00e1veis. \u00c9 lav\u00e1vel e \u00e9 inerentemente resistente \u00e0 chama (FR), o que significa que cumpre todas as normas internacionais de prote\u00e7\u00e3o contra o fogo al\u00e9m de ser um \u00f3timo produto para contract. Possui certifica\u00e7\u00e3o OEKO-TEX 100, n\u00e3o possui qu\u00edmicos nocivos na sua composi\u00e7\u00e3o. Por isso, \u00e9 seguro para as pessoas, animais e para o planeta. A produ\u00e7\u00e3o \u00e9 realizada com certifica\u00e7\u00e3o ISO 14001, garantindo o menor impacto ambiental poss\u00edvel no fabrico do tecido. Possui fio de chumbo ecol\u00f3gico para uma ca\u00edda perfeita e est\u00e1 dispon\u00edvel em 30 tons.      <\/p>\n<h2>Life FR WLB \u00e9 um voile produzido de 100% poli\u00e9ster. \u00c9 um tecido transparente absolutamente intemporal e, devido \u00e0 sua simplicidade e aspeto limpo, \u00e9 um daqueles tecidos indispens\u00e1veis. <\/h2>\n<p><img fetchpriority=\"high\" decoding=\"async\" class=\"alignnone wp-image-223390 size-medium\" src=\"https:\/\/aldeco.pt\/staging\/wp-content\/uploads\/2025\/07\/ALDECO_Life-FR_01-Sand-1-300x300.jpg\" alt=\"Life WLB FR - Aldeco\" width=\"300\" height=\"300\"><\/p>\n<p><a href=\"https:\/\/aldeco.pt\/staging\/product\/life-wlb-fr\/?attribute_pa_aldeco-color=01-sand&amp;attribute_pa_colour=beige\">https:\/\/aldeco.pt\/staging\/product\/life-wlb-fr\/?attribute_pa_aldeco-color=01-sand&amp;attribute_pa_colour=beige<\/a><\/p>\n<p><a href=\"https:\/\/www.instagram.com\/aldeco_interiorfabrics\/\">https:\/\/www.instagram.com\/aldeco_interiorfabrics\/<\/a><\/p>\n","protected":false},"featured_media":222207,"template":"","meta":[],"product_brand":[],"product_cat":[6153],"product_tag":[],"class_list":{"0":"post-223395","1":"product","2":"type-product","3":"status-publish","4":"has-post-thumbnail","6":"product_cat-aldeco-smarter-pt-pt","7":"pa_cleanability-8282","8":"pa_composition-ext-100-pl-fr-pt-pt","9":"pa_contract-fabrics-1-pt-pt","10":"pa_interior-fabrics-1-pt-pt","11":"pa_line-tecidos","12":"pa_lithfastness-6-pt-pt","13":"pa_opportunities-descontinuado","14":"pa_range-liso","15":"pa_rapport-horizontal-0-pt-pt","16":"pa_rapport-vertical-0-pt-pt","17":"pa_special-treatments-fabrics-1-pt-pt","18":"pa_sustainable-fabrics-1-pt-pt","21":"first","22":"instock","23":"purchasable","24":"product-type-variable"},"acf":[],"_links":{"self":[{"href":"https:\/\/staging.aldeco.pt\/pt-pt\/wp-json\/wp\/v2\/product\/223395","targetHints":{"allow":["GET"]}}],"collection":[{"href":"https:\/\/staging.aldeco.pt\/pt-pt\/wp-json\/wp\/v2\/product"}],"about":[{"href":"https:\/\/staging.aldeco.pt\/pt-pt\/wp-json\/wp\/v2\/types\/product"}],"version-history":[{"count":0,"href":"https:\/\/staging.aldeco.pt\/pt-pt\/wp-json\/wp\/v2\/product\/223395\/revisions"}],"wp:featuredmedia":[{"embeddable":true,"href":"https:\/\/staging.aldeco.pt\/pt-pt\/wp-json\/wp\/v2\/media\/222207"}],"wp:attachment":[{"href":"https:\/\/staging.aldeco.pt\/pt-pt\/wp-json\/wp\/v2\/media?parent=223395"}],"wp:term":[{"taxonomy":"product_brand","embeddable":true,"href":"https:\/\/staging.aldeco.pt\/pt-pt\/wp-json\/wp\/v2\/product_brand?post=223395"},{"taxonomy":"product_cat","embeddable":true,"href":"https:\/\/staging.aldeco.pt\/pt-pt\/wp-json\/wp\/v2\/product_cat?post=223395"},{"taxonomy":"product_tag","embeddable":true,"href":"https:\/\/staging.aldeco.pt\/pt-pt\/wp-json\/wp\/v2\/product_tag?post=223395"}],"curies":[{"name":"wp","href":"https:\/\/api.w.org\/{rel}","templated":true}]}}