{"id":223326,"date":"2025-07-25T14:58:48","date_gmt":"2025-07-25T14:58:48","guid":{"rendered":"https:\/\/aldeco.pt\/staging\/product\/genial-fr\/"},"modified":"2025-07-31T11:14:36","modified_gmt":"2025-07-31T11:14:36","slug":"genial-fr","status":"publish","type":"product","link":"https:\/\/staging.aldeco.pt\/pt-pt\/product\/genial-fr\/","title":{"rendered":"GENIAL FR"},"content":{"rendered":"<p>Genial FR \u00e9 um tecido largo para cortinas e reposteiros texturado. A de largura dupla aliada a uma excitante paleta de cores variada, torna-o ideal para grandes janelas e projetos exigentes.  Genial FR \u00e9 um tecido largo para cortinas e reposteiros texturado. A de largura dupla aliada a uma excitante paleta de cores variada, torna-o ideal para grandes janelas e projetos exigentes. Este tecido de poli\u00e9ster inerente ign\u00edfugo possui certifica\u00e7\u00e3o para v\u00e1rias normas internacionais de resist\u00eancia ao fogo, incluindo n\u00e1utico, cumpre com a norma OEKO-TEX, n\u00e3o possui subst\u00e2ncias nocivas para o ser humano e meio ambiente e \u00e9 ac\u00fastico, possui propriedades isolantes do som. As suas caracter\u00edsticas t\u00e9cnicas tornam Genial FR um tecido extremamente t\u00e9cnico e simultaneamente elegante para ambientes contract e residenciais. Encontra-se dispon\u00edvel em mais de 30 cores.  <\/p>\n","protected":false},"excerpt":{"rendered":"<p>Genial FR \u00e9 um tecido largo para cortinas e reposteiros texturado. A de largura dupla aliada a uma excitante paleta de cores variada, torna-o ideal para grandes janelas e projetos exigentes.  Genial FR \u00e9 um tecido largo para cortinas e reposteiros texturado. A de largura dupla aliada a uma excitante paleta de cores variada, torna-o ideal para grandes janelas e projetos exigentes. Este tecido de poli\u00e9ster inerente ign\u00edfugo possui certifica\u00e7\u00e3o para v\u00e1rias normas internacionais de resist\u00eancia ao fogo, incluindo n\u00e1utico, cumpre com a norma OEKO-TEX, n\u00e3o possui subst\u00e2ncias nocivas para o ser humano e meio ambiente e \u00e9 ac\u00fastico, possui propriedades isolantes do som. As suas caracter\u00edsticas t\u00e9cnicas tornam Genial FR um tecido extremamente t\u00e9cnico e simultaneamente elegante para ambientes contract e residenciais. Encontra-se dispon\u00edvel em mais de 30 cores.  <\/p>\n<h1>Genial FR \u00e9 um tecido largo para cortinas e reposteiros texturado. A de largura dupla aliada a uma excitante paleta de cores variada, torna-o ideal para grandes janelas e projetos exigentes. <\/h1>\n<p><img fetchpriority=\"high\" decoding=\"async\" class=\"alignnone wp-image-223321 size-medium\" src=\"https:\/\/aldeco.pt\/staging\/wp-content\/uploads\/2025\/07\/ALDECO_Genial-FR_02-Feather-1-300x300.jpg\" alt=\"Genial FR - Aldeco\" width=\"300\" height=\"300\"><\/p>\n<p><a href=\"https:\/\/aldeco.pt\/staging\/product\/genial-fr\/?attribute_pa_colour=taupe&amp;attribute_pa_aldeco-color=01-pelican\">https:\/\/aldeco.pt\/staging\/product\/genial-fr\/?attribute_pa_colour=taupe&amp;attribute_pa_aldeco-color=01-pelican<\/a><\/p>\n<p><a href=\"https:\/\/www.instagram.com\/aldeco_interiorfabrics\/\">https:\/\/www.instagram.com\/aldeco_interiorfabrics\/<\/a><\/p>\n<p>&nbsp;<\/p>\n","protected":false},"featured_media":222099,"template":"","meta":[],"product_brand":[],"product_cat":[6153],"product_tag":[],"class_list":{"0":"post-223326","1":"product","2":"type-product","3":"status-publish","4":"has-post-thumbnail","6":"product_cat-aldeco-smarter-pt-pt","7":"pa_cleanability-8282","8":"pa_composition-ext-100-pl-fr-pt-pt","9":"pa_contract-fabrics-1-pt-pt","10":"pa_interior-fabrics-1-pt-pt","11":"pa_line-tecidos","12":"pa_lithfastness-5-pt-pt","13":"pa_opportunities-descontinuado","14":"pa_range-dobby-pt-pt","15":"pa_rapport-horizontal-0-pt-pt","16":"pa_rapport-vertical-0-pt-pt","17":"pa_special-treatments-fabrics-1-pt-pt","18":"pa_sustainable-fabrics-1-pt-pt","21":"first","22":"instock","23":"purchasable","24":"product-type-variable"},"acf":[],"_links":{"self":[{"href":"https:\/\/staging.aldeco.pt\/pt-pt\/wp-json\/wp\/v2\/product\/223326","targetHints":{"allow":["GET"]}}],"collection":[{"href":"https:\/\/staging.aldeco.pt\/pt-pt\/wp-json\/wp\/v2\/product"}],"about":[{"href":"https:\/\/staging.aldeco.pt\/pt-pt\/wp-json\/wp\/v2\/types\/product"}],"version-history":[{"count":1,"href":"https:\/\/staging.aldeco.pt\/pt-pt\/wp-json\/wp\/v2\/product\/223326\/revisions"}],"predecessor-version":[{"id":224109,"href":"https:\/\/staging.aldeco.pt\/pt-pt\/wp-json\/wp\/v2\/product\/223326\/revisions\/224109"}],"wp:featuredmedia":[{"embeddable":true,"href":"https:\/\/staging.aldeco.pt\/pt-pt\/wp-json\/wp\/v2\/media\/222099"}],"wp:attachment":[{"href":"https:\/\/staging.aldeco.pt\/pt-pt\/wp-json\/wp\/v2\/media?parent=223326"}],"wp:term":[{"taxonomy":"product_brand","embeddable":true,"href":"https:\/\/staging.aldeco.pt\/pt-pt\/wp-json\/wp\/v2\/product_brand?post=223326"},{"taxonomy":"product_cat","embeddable":true,"href":"https:\/\/staging.aldeco.pt\/pt-pt\/wp-json\/wp\/v2\/product_cat?post=223326"},{"taxonomy":"product_tag","embeddable":true,"href":"https:\/\/staging.aldeco.pt\/pt-pt\/wp-json\/wp\/v2\/product_tag?post=223326"}],"curies":[{"name":"wp","href":"https:\/\/api.w.org\/{rel}","templated":true}]}}