{"id":223265,"date":"2025-07-25T14:55:18","date_gmt":"2025-07-25T14:55:18","guid":{"rendered":"https:\/\/aldeco.pt\/staging\/product\/bright-fr\/"},"modified":"2025-07-25T14:55:18","modified_gmt":"2025-07-25T14:55:18","slug":"bright-fr","status":"publish","type":"product","link":"https:\/\/staging.aldeco.pt\/pt-pt\/product\/bright-fr\/","title":{"rendered":"BRIGHT FR"},"content":{"rendered":"<p>Bright FR \u00e9 um tecido reciclado transparente largo (306 cm), com look de linho e textura natural sofisticada. Sustent\u00e1vel, \u00e9 composto por 55% poli\u00e9ster reciclado com certificado GRS e 45% poli\u00e9ster ign\u00edfugo regular, integrando a gama ecol\u00f3gica e ideal para cortinas em espa\u00e7os com tetos altos.<br \/>Dispon\u00edvel em 27 cores, combina tons neutros com cores vivas como rosa, amarelo, azul e tons terrosos. Possui um toque suave, excelente caimento e \u00e9 lav\u00e1vel, mantendo as suas propriedades mesmo ap\u00f3s lavagens intensas, conforme a norma americana hospitalar ATCC96.<br \/>Cumpre normas internacionais de resist\u00eancia ao fogo, sendo indicado tanto para uso residencial como contract. Possui certificado Oeko-Tex 100 e \u00e9 produzido industrialmente respeitando a norma ISO 14001, \u00e9 uma escolha est\u00e9tica, funcional e ambientalmente respons\u00e1vel.     <\/p>\n","protected":false},"excerpt":{"rendered":"<p>Bright FR \u00e9 um tecido reciclado transparente largo (306 cm), com look de linho e textura natural sofisticada. Sustent\u00e1vel, \u00e9 composto por 55% poli\u00e9ster reciclado com certificado GRS e 45% poli\u00e9ster ign\u00edfugo regular, integrando a gama ecol\u00f3gica e ideal para cortinas em espa\u00e7os com tetos altos.<br \/>Dispon\u00edvel em 27 cores, combina tons neutros com cores vivas como rosa, amarelo, azul e tons terrosos. Possui um toque suave, excelente caimento e \u00e9 lav\u00e1vel, mantendo as suas propriedades mesmo ap\u00f3s lavagens intensas, conforme a norma americana hospitalar ATCC96.<br \/>Cumpre normas internacionais de resist\u00eancia ao fogo, sendo indicado tanto para uso residencial como contract. Possui certificado Oeko-Tex 100 e \u00e9 produzido industrialmente respeitando a norma ISO 14001, \u00e9 uma escolha est\u00e9tica, funcional e ambientalmente respons\u00e1vel.     <\/p>\n<h1>Bright FR \u00e9 um tecido reciclado transparente largo (306 cm), com look de linho e textura natural sofisticada.<\/h1>\n<p><a href=\"https:\/\/aldeco.pt\/staging\/product\/bright-fr\/?attribute_pa_colour=pearl&amp;attribute_pa_aldeco-color=01-cloud\">https:\/\/aldeco.pt\/staging\/product\/bright-fr\/?attribute_pa_colour=pearl&amp;attribute_pa_aldeco-color=01-cloud<\/a><\/p>\n<p><a href=\"https:\/\/www.instagram.com\/aldeco_interiorfabrics\/\">https:\/\/www.instagram.com\/aldeco_interiorfabrics\/<\/a><\/p>\n<p><img fetchpriority=\"high\" decoding=\"async\" class=\"alignnone wp-image-223261 size-medium\" src=\"https:\/\/aldeco.pt\/staging\/wp-content\/uploads\/2025\/07\/ALDECO_Bright-FR_01-Cloud-1-300x300.jpg\" alt=\"Bright FR - Aldeco\" width=\"300\" height=\"300\"><\/p>\n","protected":false},"featured_media":221818,"template":"","meta":[],"product_brand":[],"product_cat":[6153],"product_tag":[],"class_list":{"0":"post-223265","1":"product","2":"type-product","3":"status-publish","4":"has-post-thumbnail","6":"product_cat-aldeco-smarter-pt-pt","7":"pa_cleanability-8282","8":"pa_composition-ext-55-rpl-45-pl-pt-pt","9":"pa_contract-fabrics-1-pt-pt","10":"pa_interior-fabrics-1-pt-pt","11":"pa_line-tecidos","12":"pa_lithfastness-4-5-pt-pt-2","13":"pa_opportunities-descontinuado","14":"pa_range-dobby-pt-pt","15":"pa_rapport-horizontal-0-pt-pt","16":"pa_rapport-vertical-0-pt-pt","17":"pa_special-treatments-fabrics-1-pt-pt","18":"pa_sustainable-fabrics-1-pt-pt","21":"first","22":"instock","23":"purchasable","24":"product-type-variable"},"acf":[],"_links":{"self":[{"href":"https:\/\/staging.aldeco.pt\/pt-pt\/wp-json\/wp\/v2\/product\/223265","targetHints":{"allow":["GET"]}}],"collection":[{"href":"https:\/\/staging.aldeco.pt\/pt-pt\/wp-json\/wp\/v2\/product"}],"about":[{"href":"https:\/\/staging.aldeco.pt\/pt-pt\/wp-json\/wp\/v2\/types\/product"}],"version-history":[{"count":0,"href":"https:\/\/staging.aldeco.pt\/pt-pt\/wp-json\/wp\/v2\/product\/223265\/revisions"}],"wp:featuredmedia":[{"embeddable":true,"href":"https:\/\/staging.aldeco.pt\/pt-pt\/wp-json\/wp\/v2\/media\/221818"}],"wp:attachment":[{"href":"https:\/\/staging.aldeco.pt\/pt-pt\/wp-json\/wp\/v2\/media?parent=223265"}],"wp:term":[{"taxonomy":"product_brand","embeddable":true,"href":"https:\/\/staging.aldeco.pt\/pt-pt\/wp-json\/wp\/v2\/product_brand?post=223265"},{"taxonomy":"product_cat","embeddable":true,"href":"https:\/\/staging.aldeco.pt\/pt-pt\/wp-json\/wp\/v2\/product_cat?post=223265"},{"taxonomy":"product_tag","embeddable":true,"href":"https:\/\/staging.aldeco.pt\/pt-pt\/wp-json\/wp\/v2\/product_tag?post=223265"}],"curies":[{"name":"wp","href":"https:\/\/api.w.org\/{rel}","templated":true}]}}