{"id":220110,"date":"2025-05-19T15:04:28","date_gmt":"2025-05-19T15:04:28","guid":{"rendered":"https:\/\/aldeco.pt\/staging\/product\/almofada-vintage-easy-clean-greige-50x50-p\/"},"modified":"2025-05-19T15:04:28","modified_gmt":"2025-05-19T15:04:28","slug":"almofada-vintage-easy-clean-greige-50x50-p","status":"publish","type":"product","link":"https:\/\/staging.aldeco.pt\/pt-pt\/product\/almofada-vintage-easy-clean-greige-50x50-p\/","title":{"rendered":"ALMOFADA VINTAGE EASY CLEAN Greige 50X50 P"},"content":{"rendered":"<p>Almofada decorativa quadrada com vivo Sandeman Easy Clean piping. VINTAGE EASY CLEAN FR \u00e9 um tecido jacquard reconhecido pelo seu padr\u00e3o geom\u00e9trico. Destaca-se pelo seu microdesign geom\u00e9trico com uma inspira\u00e7\u00e3o \u00e9tnica, permitindo a sua coordena\u00e7\u00e3o com outras texturas como um falso liso.  Esta almofada tem fecho oculto e est\u00e1 dispon\u00edvel em diversas combina\u00e7\u00f5es de cores, com ou sem enchimento.<\/p>\n","protected":false},"excerpt":{"rendered":"<p>Almofada decorativa quadrada com vivo Sandeman Easy Clean piping. VINTAGE EASY CLEAN FR \u00e9 um tecido jacquard reconhecido pelo seu padr\u00e3o geom\u00e9trico. Destaca-se pelo seu microdesign geom\u00e9trico com uma inspira\u00e7\u00e3o \u00e9tnica, permitindo a sua coordena\u00e7\u00e3o com outras texturas como um falso liso.  Esta almofada tem fecho oculto e est\u00e1 dispon\u00edvel em diversas combina\u00e7\u00f5es de cores, com ou sem enchimento.<\/p>\n<h1>Almofada Vintage Easy Clean Fr \u00e9 um tecido jacquard reconhecido pelo seu padr\u00e3o geom\u00e9trico.<\/h1>\n<p><img fetchpriority=\"high\" decoding=\"async\" class=\"alignnone wp-image-219599 size-medium\" src=\"https:\/\/aldeco.pt\/staging\/wp-content\/uploads\/2025\/05\/CUSHION-VINTAGE-EASY-CLEAN-Greige-50X50-P-300x241.jpg\" alt=\"ALMOFADA VINTAGE EASY CLEAN Greige - Aldeco\" width=\"300\" height=\"241\"><\/p>\n<p><a href=\"https:\/\/aldeco.pt\/staging\/product\/cushion-vintage-easy-clean-greige-50x50-p\/?attribute_pa_colour=greige&amp;attribute_pa_aldeco-color=01-greige\">https:\/\/aldeco.pt\/staging\/product\/cushion-vintage-easy-clean-greige-50&#215;50-p\/?attribute_pa_colour=greige&amp;attribute_pa_aldeco-color=01-greige<\/a><\/p>\n<p><a href=\"https:\/\/www.instagram.com\/aldeco_interiorfabrics\/\">https:\/\/www.instagram.com\/aldeco_interiorfabrics\/<\/a><\/p>\n<p>&nbsp;<\/p>\n","protected":false},"featured_media":219600,"template":"","meta":[],"product_brand":[],"product_cat":[6145],"product_tag":[],"class_list":{"0":"post-220110","1":"product","2":"type-product","3":"status-publish","4":"has-post-thumbnail","6":"product_cat-aldeco-2-pt-pt-2","7":"pa_composition-ext-49-rpl-21-rpp-17-pl-7-rco-6-of-pt-pt","8":"pa_line-almofadas","9":"pa_opportunities-descontinuado","10":"pa_range-jacquard-pt-pt","13":"first","14":"instock","15":"purchasable","16":"product-type-variable"},"acf":[],"_links":{"self":[{"href":"https:\/\/staging.aldeco.pt\/pt-pt\/wp-json\/wp\/v2\/product\/220110","targetHints":{"allow":["GET"]}}],"collection":[{"href":"https:\/\/staging.aldeco.pt\/pt-pt\/wp-json\/wp\/v2\/product"}],"about":[{"href":"https:\/\/staging.aldeco.pt\/pt-pt\/wp-json\/wp\/v2\/types\/product"}],"version-history":[{"count":0,"href":"https:\/\/staging.aldeco.pt\/pt-pt\/wp-json\/wp\/v2\/product\/220110\/revisions"}],"wp:featuredmedia":[{"embeddable":true,"href":"https:\/\/staging.aldeco.pt\/pt-pt\/wp-json\/wp\/v2\/media\/219600"}],"wp:attachment":[{"href":"https:\/\/staging.aldeco.pt\/pt-pt\/wp-json\/wp\/v2\/media?parent=220110"}],"wp:term":[{"taxonomy":"product_brand","embeddable":true,"href":"https:\/\/staging.aldeco.pt\/pt-pt\/wp-json\/wp\/v2\/product_brand?post=220110"},{"taxonomy":"product_cat","embeddable":true,"href":"https:\/\/staging.aldeco.pt\/pt-pt\/wp-json\/wp\/v2\/product_cat?post=220110"},{"taxonomy":"product_tag","embeddable":true,"href":"https:\/\/staging.aldeco.pt\/pt-pt\/wp-json\/wp\/v2\/product_tag?post=220110"}],"curies":[{"name":"wp","href":"https:\/\/api.w.org\/{rel}","templated":true}]}}