{"id":220061,"date":"2025-05-19T15:03:44","date_gmt":"2025-05-19T15:03:44","guid":{"rendered":"https:\/\/aldeco.pt\/staging\/product\/almofada-vinha-bronze-50x50-p\/"},"modified":"2025-05-19T15:03:44","modified_gmt":"2025-05-19T15:03:44","slug":"almofada-vinha-bronze-50x50-p","status":"publish","type":"product","link":"https:\/\/staging.aldeco.pt\/pt-pt\/product\/almofada-vinha-bronze-50x50-p\/","title":{"rendered":"ALMOFADA VINHA Bronze 50X50 P"},"content":{"rendered":"<p>Almofada decorativa quadrada com vivo Sandeman Easy Clean piping. VINHA \u00e9 um tecido jacquard com base em cetim. O seu design abstrato evoca os cachos de uvas nas vinhas, distribu\u00eddos de forma aparentemente irregular.  Esta almofada tem fecho oculto e est\u00e1 dispon\u00edvel em diversas combina\u00e7\u00f5es de cores, com ou sem enchimento.<\/p>\n","protected":false},"excerpt":{"rendered":"<p>Almofada decorativa quadrada com vivo Sandeman Easy Clean piping. VINHA \u00e9 um tecido jacquard com base em cetim. O seu design abstrato evoca os cachos de uvas nas vinhas, distribu\u00eddos de forma aparentemente irregular.  Esta almofada tem fecho oculto e est\u00e1 dispon\u00edvel em diversas combina\u00e7\u00f5es de cores, com ou sem enchimento.<\/p>\n<h1>Almofada Vinha \u00e9 um tecido jacquard com base em cetim. O seu design abstrato evoca os cachos de uvas nas vinhas&#8230; <\/h1>\n<p><img fetchpriority=\"high\" decoding=\"async\" class=\"alignnone wp-image-219563 size-medium\" src=\"https:\/\/aldeco.pt\/staging\/wp-content\/uploads\/2025\/05\/CUSHION-VINHA-Bronze-50X50-P-300x241.jpg\" alt=\"ALMOFADA VINHA Bronze - Aldeco\" width=\"300\" height=\"241\"><\/p>\n<p><a href=\"https:\/\/aldeco.pt\/staging\/product\/cushion-vinha-bronze-50x50-p\/?attribute_pa_colour=gold&amp;attribute_pa_aldeco-color=01-bronze\">https:\/\/aldeco.pt\/staging\/product\/cushion-vinha-bronze-50&#215;50-p\/?attribute_pa_colour=gold&amp;attribute_pa_aldeco-color=01-bronze<\/a><\/p>\n<p><a href=\"https:\/\/www.instagram.com\/aldeco_interiorfabrics\/\">https:\/\/www.instagram.com\/aldeco_interiorfabrics\/<\/a><\/p>\n","protected":false},"featured_media":219564,"template":"","meta":[],"product_brand":[],"product_cat":[6145],"product_tag":[],"class_list":{"0":"post-220061","1":"product","2":"type-product","3":"status-publish","4":"has-post-thumbnail","6":"product_cat-aldeco-2-pt-pt-2","7":"pa_composition-ext-46-pl-28-li-11-bci-co-15-rpl-pt-pt","8":"pa_line-almofadas","9":"pa_opportunities-descontinuado","10":"pa_range-cetim","13":"first","14":"instock","15":"purchasable","16":"product-type-variable"},"acf":[],"_links":{"self":[{"href":"https:\/\/staging.aldeco.pt\/pt-pt\/wp-json\/wp\/v2\/product\/220061","targetHints":{"allow":["GET"]}}],"collection":[{"href":"https:\/\/staging.aldeco.pt\/pt-pt\/wp-json\/wp\/v2\/product"}],"about":[{"href":"https:\/\/staging.aldeco.pt\/pt-pt\/wp-json\/wp\/v2\/types\/product"}],"version-history":[{"count":0,"href":"https:\/\/staging.aldeco.pt\/pt-pt\/wp-json\/wp\/v2\/product\/220061\/revisions"}],"wp:featuredmedia":[{"embeddable":true,"href":"https:\/\/staging.aldeco.pt\/pt-pt\/wp-json\/wp\/v2\/media\/219564"}],"wp:attachment":[{"href":"https:\/\/staging.aldeco.pt\/pt-pt\/wp-json\/wp\/v2\/media?parent=220061"}],"wp:term":[{"taxonomy":"product_brand","embeddable":true,"href":"https:\/\/staging.aldeco.pt\/pt-pt\/wp-json\/wp\/v2\/product_brand?post=220061"},{"taxonomy":"product_cat","embeddable":true,"href":"https:\/\/staging.aldeco.pt\/pt-pt\/wp-json\/wp\/v2\/product_cat?post=220061"},{"taxonomy":"product_tag","embeddable":true,"href":"https:\/\/staging.aldeco.pt\/pt-pt\/wp-json\/wp\/v2\/product_tag?post=220061"}],"curies":[{"name":"wp","href":"https:\/\/api.w.org\/{rel}","templated":true}]}}