{"id":220045,"date":"2025-05-19T15:03:17","date_gmt":"2025-05-19T15:03:17","guid":{"rendered":"https:\/\/aldeco.pt\/staging\/product\/almofada-vallado-autumn-harvest-50x50-p\/"},"modified":"2025-05-19T15:03:17","modified_gmt":"2025-05-19T15:03:17","slug":"almofada-vallado-autumn-harvest-50x50-p","status":"publish","type":"product","link":"https:\/\/staging.aldeco.pt\/pt-pt\/product\/almofada-vallado-autumn-harvest-50x50-p\/","title":{"rendered":"ALMOFADA VALLADO Autumn Harvest 50X50 P"},"content":{"rendered":"<p>Almofada decorativa quadrada com vivo Sandeman Easy Clean piping. Vallado \u00e9 um cetim de algod\u00e3o bordado com pontos variados e ricos. Inspirada numa das vinhas mais lend\u00e1rias da regi\u00e3o demarcada do Douro, Vallado presta homenagem \u00e0 tradi\u00e7\u00e3o vin\u00edcola duriense e \u00e0s vinhas em socalcos que definem esta paisagem t\u00e3o caracter\u00edstica. Esta almofada tem fecho oculto e est\u00e1 dispon\u00edvel em diversas combina\u00e7\u00f5es de cores, com ou sem enchimento.<\/p>\n","protected":false},"excerpt":{"rendered":"<p>Almofada decorativa quadrada com vivo Sandeman Easy Clean piping. Vallado \u00e9 um cetim de algod\u00e3o bordado com pontos variados e ricos. Inspirada numa das vinhas mais lend\u00e1rias da regi\u00e3o demarcada do Douro, Vallado presta homenagem \u00e0 tradi\u00e7\u00e3o vin\u00edcola duriense e \u00e0s vinhas em socalcos que definem esta paisagem t\u00e3o caracter\u00edstica. Esta almofada tem fecho oculto e est\u00e1 dispon\u00edvel em diversas combina\u00e7\u00f5es de cores, com ou sem enchimento.<\/p>\n<h1>Almofada Vallado \u00e9 um cetim de algod\u00e3o bordado com pontos variados e ricos. O seu nome inspira-se numa das vinhas mais lend\u00e1rias&#8230; <\/h1>\n<p><img fetchpriority=\"high\" decoding=\"async\" class=\"alignnone wp-image-219539 size-medium\" src=\"https:\/\/aldeco.pt\/staging\/wp-content\/uploads\/2025\/05\/CUSHION-VALLADO-Autumn-Harvest-50X50-P-300x241.jpg\" alt=\"ALMOFADA VALLADO Autumn Harvest - Aldeco\" width=\"300\" height=\"241\"><\/p>\n<p><a href=\"https:\/\/aldeco.pt\/staging\/product\/cushion-vallado-autumn-harvest-50x50-p\/?attribute_pa_colour=multicolour&amp;attribute_pa_aldeco-color=01-autumn-harvest\">https:\/\/aldeco.pt\/staging\/product\/cushion-vallado-autumn-harvest-50&#215;50-p\/?attribute_pa_colour=multicolour&amp;attribute_pa_aldeco-color=01-autumn-harvest<\/a><\/p>\n<p><a href=\"https:\/\/www.instagram.com\/aldeco_interiorfabrics\/\">https:\/\/www.instagram.com\/aldeco_interiorfabrics\/<\/a><\/p>\n","protected":false},"featured_media":219540,"template":"","meta":[],"product_brand":[],"product_cat":[6145],"product_tag":[],"class_list":{"0":"post-220045","1":"product","2":"type-product","3":"status-publish","4":"has-post-thumbnail","6":"product_cat-aldeco-2-pt-pt-2","7":"pa_composition-ext-100-co-bordado-100-pl","8":"pa_line-almofadas","9":"pa_opportunities-descontinuado","10":"pa_range-bordado","11":"pa_range-cetim","14":"first","15":"instock","16":"purchasable","17":"product-type-variable"},"acf":[],"_links":{"self":[{"href":"https:\/\/staging.aldeco.pt\/pt-pt\/wp-json\/wp\/v2\/product\/220045","targetHints":{"allow":["GET"]}}],"collection":[{"href":"https:\/\/staging.aldeco.pt\/pt-pt\/wp-json\/wp\/v2\/product"}],"about":[{"href":"https:\/\/staging.aldeco.pt\/pt-pt\/wp-json\/wp\/v2\/types\/product"}],"version-history":[{"count":0,"href":"https:\/\/staging.aldeco.pt\/pt-pt\/wp-json\/wp\/v2\/product\/220045\/revisions"}],"wp:featuredmedia":[{"embeddable":true,"href":"https:\/\/staging.aldeco.pt\/pt-pt\/wp-json\/wp\/v2\/media\/219540"}],"wp:attachment":[{"href":"https:\/\/staging.aldeco.pt\/pt-pt\/wp-json\/wp\/v2\/media?parent=220045"}],"wp:term":[{"taxonomy":"product_brand","embeddable":true,"href":"https:\/\/staging.aldeco.pt\/pt-pt\/wp-json\/wp\/v2\/product_brand?post=220045"},{"taxonomy":"product_cat","embeddable":true,"href":"https:\/\/staging.aldeco.pt\/pt-pt\/wp-json\/wp\/v2\/product_cat?post=220045"},{"taxonomy":"product_tag","embeddable":true,"href":"https:\/\/staging.aldeco.pt\/pt-pt\/wp-json\/wp\/v2\/product_tag?post=220045"}],"curies":[{"name":"wp","href":"https:\/\/api.w.org\/{rel}","templated":true}]}}