{"id":220034,"date":"2025-05-19T15:02:46","date_gmt":"2025-05-19T15:02:46","guid":{"rendered":"https:\/\/aldeco.pt\/staging\/product\/almofada-tweedy-natural-white-30\/"},"modified":"2025-05-19T15:02:46","modified_gmt":"2025-05-19T15:02:46","slug":"almofada-tweedy-natural-white-30","status":"publish","type":"product","link":"https:\/\/staging.aldeco.pt\/pt-pt\/product\/almofada-tweedy-natural-white-30\/","title":{"rendered":"ALMOFADA TWEEDY Natural White 30"},"content":{"rendered":"<p>Adicione um elemento divertido e igualmente luxuoso ao seu sof\u00e1 ou cama com a almofada decorativa em forma de bola Apresentamos TWEEDY, um tecido 100% reciclado, com um efeito altamente estruturado e um ligeiro efeito mesclado em algumas das tonalidades. Esta almofada muito trendy com fecho oculto est\u00e1 dispon\u00edvel em diversas combina\u00e7\u00f5es de cores, com ou sem enchimento.<\/p>\n","protected":false},"excerpt":{"rendered":"<p>Adicione um elemento divertido e igualmente luxuoso ao seu sof\u00e1 ou cama com a almofada decorativa em forma de bola Apresentamos TWEEDY, um tecido 100% reciclado, com um efeito altamente estruturado e um ligeiro efeito mesclado em algumas das tonalidades. Esta almofada muito trendy com fecho oculto est\u00e1 dispon\u00edvel em diversas combina\u00e7\u00f5es de cores, com ou sem enchimento.<\/p>\n<h1>Almofada Tweedy \u00e9 confecionada com um tecido 100% reciclado, com um efeito muito estruturado e um ligeiro efeito mesclado em algumas das variantes de cor.<\/h1>\n<p><img fetchpriority=\"high\" decoding=\"async\" class=\"alignnone wp-image-219533 size-medium\" src=\"https:\/\/aldeco.pt\/staging\/wp-content\/uploads\/2025\/05\/CUSHION-TWEEDY-Natural-White-30-300x241.jpg\" alt=\"ALMOFADA TWEEDY Natural White - Aldeco\" width=\"300\" height=\"241\"><\/p>\n<p><a href=\"https:\/\/aldeco.pt\/staging\/product\/cushion-tweedy-natural-white-30\/?attribute_pa_colour=ivory&amp;attribute_pa_aldeco-color=01-natural-white\">https:\/\/aldeco.pt\/staging\/product\/cushion-tweedy-natural-white-30\/?attribute_pa_colour=ivory&amp;attribute_pa_aldeco-color=01-natural-white<\/a><\/p>\n<p><a href=\"https:\/\/www.instagram.com\/aldeco_interiorfabrics\/\">https:\/\/www.instagram.com\/aldeco_interiorfabrics\/<\/a><\/p>\n","protected":false},"featured_media":219534,"template":"","meta":[],"product_brand":[],"product_cat":[6145],"product_tag":[],"class_list":{"0":"post-220034","1":"product","2":"type-product","3":"status-publish","4":"has-post-thumbnail","6":"product_cat-aldeco-2-pt-pt-2","7":"pa_composition-ext-100-rpl-pt-pt","8":"pa_line-almofadas","9":"pa_opportunities-descontinuado","10":"pa_range-liso","13":"first","14":"instock","15":"purchasable","16":"product-type-variable"},"acf":[],"_links":{"self":[{"href":"https:\/\/staging.aldeco.pt\/pt-pt\/wp-json\/wp\/v2\/product\/220034","targetHints":{"allow":["GET"]}}],"collection":[{"href":"https:\/\/staging.aldeco.pt\/pt-pt\/wp-json\/wp\/v2\/product"}],"about":[{"href":"https:\/\/staging.aldeco.pt\/pt-pt\/wp-json\/wp\/v2\/types\/product"}],"version-history":[{"count":0,"href":"https:\/\/staging.aldeco.pt\/pt-pt\/wp-json\/wp\/v2\/product\/220034\/revisions"}],"wp:featuredmedia":[{"embeddable":true,"href":"https:\/\/staging.aldeco.pt\/pt-pt\/wp-json\/wp\/v2\/media\/219534"}],"wp:attachment":[{"href":"https:\/\/staging.aldeco.pt\/pt-pt\/wp-json\/wp\/v2\/media?parent=220034"}],"wp:term":[{"taxonomy":"product_brand","embeddable":true,"href":"https:\/\/staging.aldeco.pt\/pt-pt\/wp-json\/wp\/v2\/product_brand?post=220034"},{"taxonomy":"product_cat","embeddable":true,"href":"https:\/\/staging.aldeco.pt\/pt-pt\/wp-json\/wp\/v2\/product_cat?post=220034"},{"taxonomy":"product_tag","embeddable":true,"href":"https:\/\/staging.aldeco.pt\/pt-pt\/wp-json\/wp\/v2\/product_tag?post=220034"}],"curies":[{"name":"wp","href":"https:\/\/api.w.org\/{rel}","templated":true}]}}