{"id":220021,"date":"2025-05-19T15:02:28","date_gmt":"2025-05-19T15:02:28","guid":{"rendered":"https:\/\/aldeco.pt\/staging\/product\/almofada-taylor-velvet-linen-black-60x30-p\/"},"modified":"2025-05-19T15:02:28","modified_gmt":"2025-05-19T15:02:28","slug":"almofada-taylor-velvet-linen-black-60x30-p","status":"publish","type":"product","link":"https:\/\/staging.aldeco.pt\/pt-pt\/product\/almofada-taylor-velvet-linen-black-60x30-p\/","title":{"rendered":"ALMOFADA TAYLOR VELVET Linen Black 60X30 P"},"content":{"rendered":"<p>Almofada decorativa rectangular com vivo no tecido Sandeman Easy Clean. TAYLORS \u00e9 um elegante veludo jacquard que combina na produ\u00e7\u00e3o a t\u00e9cnica de cut pile (p\u00ealo cortado) com fios boucl\u00e9 na base. O requinte do veludo de pelo combina-se com o fio boucl\u00e9, distribu\u00eddo ao longo de riscas onduladas.  Esta almofada tem fecho oculto e est\u00e1 dispon\u00edvel em diversas combina\u00e7\u00f5es de cores, com ou sem enchimento.<\/p>\n","protected":false},"excerpt":{"rendered":"<p>Almofada decorativa rectangular com vivo no tecido Sandeman Easy Clean. TAYLORS \u00e9 um elegante veludo jacquard que combina na produ\u00e7\u00e3o a t\u00e9cnica de cut pile (p\u00ealo cortado) com fios boucl\u00e9 na base. O requinte do veludo de pelo combina-se com o fio boucl\u00e9, distribu\u00eddo ao longo de riscas onduladas.  Esta almofada tem fecho oculto e est\u00e1 dispon\u00edvel em diversas combina\u00e7\u00f5es de cores, com ou sem enchimento.<\/p>\n<h1>Almofada Taylors \u00e9 um elegante veludo jacquard que combina a t\u00e9cnica de pelo cortado com uma base boucl\u00e9.<\/h1>\n<p><img fetchpriority=\"high\" decoding=\"async\" class=\"alignnone wp-image-219521 size-medium\" src=\"https:\/\/aldeco.pt\/staging\/wp-content\/uploads\/2025\/05\/CUSHION-TAYLOR-VELVET-Linen-Black-60X30-P-300x241.jpg\" alt=\"ALMOFADA TAYLOR VELVET Linen Black - Aldeco\" width=\"300\" height=\"241\"><\/p>\n<p><a href=\"https:\/\/aldeco.pt\/staging\/product\/cushion-taylor-velvet-linen-black-60x30-p\/?attribute_pa_aldeco-color=02-linen-black&amp;attribute_pa_colour=black\">https:\/\/aldeco.pt\/staging\/product\/cushion-taylor-velvet-linen-black-60&#215;30-p\/?attribute_pa_aldeco-color=02-linen-black&amp;attribute_pa_colour=black<\/a><\/p>\n<p><a href=\"https:\/\/www.instagram.com\/aldeco_interiorfabrics\/\">https:\/\/www.instagram.com\/aldeco_interiorfabrics\/<\/a><\/p>\n","protected":false},"featured_media":219522,"template":"","meta":[],"product_brand":[],"product_cat":[6145],"product_tag":[],"class_list":{"0":"post-220021","1":"product","2":"type-product","3":"status-publish","4":"has-post-thumbnail","6":"product_cat-aldeco-2-pt-pt-2","7":"pa_composition-ext-54-pl-46-vi-pt-pt","8":"pa_line-almofadas","9":"pa_opportunities-descontinuado","10":"pa_range-jacquard-pt-pt","11":"pa_range-veludo","14":"first","15":"instock","16":"purchasable","17":"product-type-variable"},"acf":[],"_links":{"self":[{"href":"https:\/\/staging.aldeco.pt\/pt-pt\/wp-json\/wp\/v2\/product\/220021","targetHints":{"allow":["GET"]}}],"collection":[{"href":"https:\/\/staging.aldeco.pt\/pt-pt\/wp-json\/wp\/v2\/product"}],"about":[{"href":"https:\/\/staging.aldeco.pt\/pt-pt\/wp-json\/wp\/v2\/types\/product"}],"version-history":[{"count":0,"href":"https:\/\/staging.aldeco.pt\/pt-pt\/wp-json\/wp\/v2\/product\/220021\/revisions"}],"wp:featuredmedia":[{"embeddable":true,"href":"https:\/\/staging.aldeco.pt\/pt-pt\/wp-json\/wp\/v2\/media\/219522"}],"wp:attachment":[{"href":"https:\/\/staging.aldeco.pt\/pt-pt\/wp-json\/wp\/v2\/media?parent=220021"}],"wp:term":[{"taxonomy":"product_brand","embeddable":true,"href":"https:\/\/staging.aldeco.pt\/pt-pt\/wp-json\/wp\/v2\/product_brand?post=220021"},{"taxonomy":"product_cat","embeddable":true,"href":"https:\/\/staging.aldeco.pt\/pt-pt\/wp-json\/wp\/v2\/product_cat?post=220021"},{"taxonomy":"product_tag","embeddable":true,"href":"https:\/\/staging.aldeco.pt\/pt-pt\/wp-json\/wp\/v2\/product_tag?post=220021"}],"curies":[{"name":"wp","href":"https:\/\/api.w.org\/{rel}","templated":true}]}}