{"id":219985,"date":"2025-05-19T15:01:25","date_gmt":"2025-05-19T15:01:25","guid":{"rendered":"https:\/\/aldeco.pt\/staging\/product\/almofada-tawny-linen-60x30-p\/"},"modified":"2025-05-19T15:01:25","modified_gmt":"2025-05-19T15:01:25","slug":"almofada-tawny-linen-60x30-p","status":"publish","type":"product","link":"https:\/\/staging.aldeco.pt\/pt-pt\/product\/almofada-tawny-linen-60x30-p\/","title":{"rendered":"ALMOFADA TAWNY Linen 60X30 P"},"content":{"rendered":"<p>Almofada decorativa rectangular com vivo. Tawny apresenta um design abstrato e uma estrutura composta por linhas paralelas dramaticamente decompostas. Os fios de seda, algod\u00e3o e viscose combinam-se para criar efeitos de desgaste, conferindo simultaneamente um toque sofisticado e elegante ao tecido.  Esta almofada tem fecho oculto e est\u00e1 dispon\u00edvel em diversas combina\u00e7\u00f5es de cores, com ou sem enchimento.<\/p>\n","protected":false},"excerpt":{"rendered":"<p>Almofada decorativa rectangular com vivo. Tawny apresenta um design abstrato e uma estrutura composta por linhas paralelas dramaticamente decompostas. Os fios de seda, algod\u00e3o e viscose combinam-se para criar efeitos de desgaste, conferindo simultaneamente um toque sofisticado e elegante ao tecido.  Esta almofada tem fecho oculto e est\u00e1 dispon\u00edvel em diversas combina\u00e7\u00f5es de cores, com ou sem enchimento.<\/p>\n<h1>Almofada Tawny apresenta um design abstrato e uma estrutura composta por linhas paralelas dramaticamente decompostas.<\/h1>\n<p><img fetchpriority=\"high\" decoding=\"async\" class=\"alignnone wp-image-219557 size-medium\" src=\"https:\/\/aldeco.pt\/staging\/wp-content\/uploads\/2025\/05\/CUSHION-TAWNY-Linen-60X30-P-300x241.jpg\" alt=\"ALMOFADA TAWNY Linen - Aldeco\" width=\"300\" height=\"241\"><\/p>\n<p><a href=\"https:\/\/aldeco.pt\/staging\/product\/cushion-tawny-linen-60x30-p\/?attribute_pa_aldeco-color=01-linen&amp;attribute_pa_colour=ivory\">https:\/\/aldeco.pt\/staging\/product\/cushion-tawny-linen-60&#215;30-p\/?attribute_pa_aldeco-color=01-linen&amp;attribute_pa_colour=ivory<\/a><\/p>\n<p><a href=\"https:\/\/www.instagram.com\/aldeco_interiorfabrics\/\">https:\/\/www.instagram.com\/aldeco_interiorfabrics\/<\/a><\/p>\n","protected":false},"featured_media":219558,"template":"","meta":[],"product_brand":[],"product_cat":[6145],"product_tag":[],"class_list":{"0":"post-219985","1":"product","2":"type-product","3":"status-publish","4":"has-post-thumbnail","6":"product_cat-aldeco-2-pt-pt-2","7":"pa_composition-ext-16-pl-7-si-47-vi-30-bci-co-pt-pt","8":"pa_line-almofadas","9":"pa_opportunities-descontinuado","10":"pa_range-jacquard-pt-pt","13":"first","14":"instock","15":"purchasable","16":"product-type-variable"},"acf":[],"_links":{"self":[{"href":"https:\/\/staging.aldeco.pt\/pt-pt\/wp-json\/wp\/v2\/product\/219985","targetHints":{"allow":["GET"]}}],"collection":[{"href":"https:\/\/staging.aldeco.pt\/pt-pt\/wp-json\/wp\/v2\/product"}],"about":[{"href":"https:\/\/staging.aldeco.pt\/pt-pt\/wp-json\/wp\/v2\/types\/product"}],"version-history":[{"count":0,"href":"https:\/\/staging.aldeco.pt\/pt-pt\/wp-json\/wp\/v2\/product\/219985\/revisions"}],"wp:featuredmedia":[{"embeddable":true,"href":"https:\/\/staging.aldeco.pt\/pt-pt\/wp-json\/wp\/v2\/media\/219558"}],"wp:attachment":[{"href":"https:\/\/staging.aldeco.pt\/pt-pt\/wp-json\/wp\/v2\/media?parent=219985"}],"wp:term":[{"taxonomy":"product_brand","embeddable":true,"href":"https:\/\/staging.aldeco.pt\/pt-pt\/wp-json\/wp\/v2\/product_brand?post=219985"},{"taxonomy":"product_cat","embeddable":true,"href":"https:\/\/staging.aldeco.pt\/pt-pt\/wp-json\/wp\/v2\/product_cat?post=219985"},{"taxonomy":"product_tag","embeddable":true,"href":"https:\/\/staging.aldeco.pt\/pt-pt\/wp-json\/wp\/v2\/product_tag?post=219985"}],"curies":[{"name":"wp","href":"https:\/\/api.w.org\/{rel}","templated":true}]}}