{"id":219927,"date":"2025-05-19T15:00:34","date_gmt":"2025-05-19T15:00:34","guid":{"rendered":"https:\/\/aldeco.pt\/staging\/product\/almofada-shale-stone-antique-wood-50x50-p\/"},"modified":"2025-05-19T15:00:34","modified_gmt":"2025-05-19T15:00:34","slug":"almofada-shale-stone-antique-wood-50x50-p","status":"publish","type":"product","link":"https:\/\/staging.aldeco.pt\/pt-pt\/product\/almofada-shale-stone-antique-wood-50x50-p\/","title":{"rendered":"ALMOFADA SHALE STONE Antique Wood 50X50 P"},"content":{"rendered":"<p>Almofada decorativa quadrada com vivo. SHALE STONE \u00e9 um tecido jacquard com a apar\u00eancia da pedra xisto, cujas camadas revelam a passagem do tempo. Os estratos da pedra conferem um toque majestoso, real\u00e7ando o encanto intemporal de uma textura elegante.  Esta almofada tem fecho oculto e est\u00e1 dispon\u00edvel em diversas combina\u00e7\u00f5es de cores, com ou sem enchimento.<\/p>\n","protected":false},"excerpt":{"rendered":"<p>Almofada decorativa quadrada com vivo. SHALE STONE \u00e9 um tecido jacquard com a apar\u00eancia da pedra xisto, cujas camadas revelam a passagem do tempo. Os estratos da pedra conferem um toque majestoso, real\u00e7ando o encanto intemporal de uma textura elegante.  Esta almofada tem fecho oculto e est\u00e1 dispon\u00edvel em diversas combina\u00e7\u00f5es de cores, com ou sem enchimento.<\/p>\n<h1>Almofada Shale Stone \u00e9 confecionada com um tecido jacquard que reproduz a apar\u00eancia da pedra xisto, cujas camadas refletem a passagem do tempo<\/h1>\n<p><img fetchpriority=\"high\" decoding=\"async\" class=\"alignnone wp-image-219479 size-medium\" src=\"https:\/\/aldeco.pt\/staging\/wp-content\/uploads\/2025\/05\/CUSHION-SHALE-STONE-Antique-Wood-50X50-P-300x241.jpg\" alt=\"ALMOFADA SHALE STONE Antique Wood - Aldeco\" width=\"300\" height=\"241\"><\/p>\n<p><a href=\"https:\/\/aldeco.pt\/staging\/product\/cushion-shale-stone-antique-wood-50x50-p\/?attribute_pa_colour=gold&amp;attribute_pa_aldeco-color=02-antique-wood\">https:\/\/aldeco.pt\/staging\/product\/cushion-shale-stone-antique-wood-50&#215;50-p\/?attribute_pa_colour=gold&amp;attribute_pa_aldeco-color=02-antique-wood<\/a><\/p>\n<p><a href=\"https:\/\/www.instagram.com\/aldeco_interiorfabrics\/\">https:\/\/www.instagram.com\/aldeco_interiorfabrics\/<\/a><\/p>\n","protected":false},"featured_media":219480,"template":"","meta":[],"product_brand":[],"product_cat":[6145],"product_tag":[],"class_list":{"0":"post-219927","1":"product","2":"type-product","3":"status-publish","4":"has-post-thumbnail","6":"product_cat-aldeco-2-pt-pt-2","7":"pa_composition-ext-45-pl-31-bci-co-24-rpl-pt-pt","8":"pa_line-almofadas","9":"pa_opportunities-descontinuado","10":"pa_range-jacquard-pt-pt","13":"first","14":"instock","15":"purchasable","16":"product-type-variable"},"acf":[],"_links":{"self":[{"href":"https:\/\/staging.aldeco.pt\/pt-pt\/wp-json\/wp\/v2\/product\/219927","targetHints":{"allow":["GET"]}}],"collection":[{"href":"https:\/\/staging.aldeco.pt\/pt-pt\/wp-json\/wp\/v2\/product"}],"about":[{"href":"https:\/\/staging.aldeco.pt\/pt-pt\/wp-json\/wp\/v2\/types\/product"}],"version-history":[{"count":0,"href":"https:\/\/staging.aldeco.pt\/pt-pt\/wp-json\/wp\/v2\/product\/219927\/revisions"}],"wp:featuredmedia":[{"embeddable":true,"href":"https:\/\/staging.aldeco.pt\/pt-pt\/wp-json\/wp\/v2\/media\/219480"}],"wp:attachment":[{"href":"https:\/\/staging.aldeco.pt\/pt-pt\/wp-json\/wp\/v2\/media?parent=219927"}],"wp:term":[{"taxonomy":"product_brand","embeddable":true,"href":"https:\/\/staging.aldeco.pt\/pt-pt\/wp-json\/wp\/v2\/product_brand?post=219927"},{"taxonomy":"product_cat","embeddable":true,"href":"https:\/\/staging.aldeco.pt\/pt-pt\/wp-json\/wp\/v2\/product_cat?post=219927"},{"taxonomy":"product_tag","embeddable":true,"href":"https:\/\/staging.aldeco.pt\/pt-pt\/wp-json\/wp\/v2\/product_tag?post=219927"}],"curies":[{"name":"wp","href":"https:\/\/api.w.org\/{rel}","templated":true}]}}