{"id":219903,"date":"2025-05-19T14:59:46","date_gmt":"2025-05-19T14:59:46","guid":{"rendered":"https:\/\/aldeco.pt\/staging\/product\/almofada-sandeman-easy-clean-terracotta-50x50-p\/"},"modified":"2025-05-19T14:59:46","modified_gmt":"2025-05-19T14:59:46","slug":"almofada-sandeman-easy-clean-terracotta-50x50-p","status":"publish","type":"product","link":"https:\/\/staging.aldeco.pt\/pt-pt\/product\/almofada-sandeman-easy-clean-terracotta-50x50-p\/","title":{"rendered":"ALMOFADA SANDEMAN EASY CLEAN Terracotta 50X50 P"},"content":{"rendered":"<p>Almofada decorativa quadrada com vivo. Sandeman Easy Clean FR \u00e9 um tecido de chenille aveludado com um aspeto intemporal, altamente funcional gra\u00e7as ao seu fio, que possui caracter\u00edsticas intr\u00ednsecas de f\u00e1cil limpeza. Apresenta o aspeto e o toque do veludo, sendo macio e ligeiramente texturado.  Esta almofada tem fecho oculto e est\u00e1 dispon\u00edvel em diversas combina\u00e7\u00f5es de cores, com ou sem enchimento.<\/p>\n","protected":false},"excerpt":{"rendered":"<p>Almofada decorativa quadrada com vivo. Sandeman Easy Clean FR \u00e9 um tecido de chenille aveludado com um aspeto intemporal, altamente funcional gra\u00e7as ao seu fio, que possui caracter\u00edsticas intr\u00ednsecas de f\u00e1cil limpeza. Apresenta o aspeto e o toque do veludo, sendo macio e ligeiramente texturado.  Esta almofada tem fecho oculto e est\u00e1 dispon\u00edvel em diversas combina\u00e7\u00f5es de cores, com ou sem enchimento.<\/p>\n<h1>Almofada Sandeman Easy Clean FR \u00e9 um tecido de chenille aveludado com um aspeto intemporal, altamente funcional gra\u00e7as ao seu fio, que possui caracter\u00edsticas intr\u00ednsecas de f\u00e1cil limpeza.<\/h1>\n<p><img fetchpriority=\"high\" decoding=\"async\" class=\"alignnone wp-image-219476 size-medium\" src=\"https:\/\/aldeco.pt\/staging\/wp-content\/uploads\/2025\/05\/CUSHION-SANDEMAN-EASY-CLEAN-Terracotta-50X50-P-300x241.jpg\" alt=\"ALMOFADA SANDEMAN EASY CLEAN Terracotta - Aldeco\" width=\"300\" height=\"241\"><\/p>\n<p><a href=\"https:\/\/aldeco.pt\/staging\/product\/cushion-sandeman-easy-clean-terracotta-50x50-p\/?attribute_pa_colour=terracotta&amp;attribute_pa_aldeco-color=06-terracotta\">https:\/\/aldeco.pt\/staging\/product\/cushion-sandeman-easy-clean-terracotta-50&#215;50-p\/?attribute_pa_colour=terracotta&amp;attribute_pa_aldeco-color=06-terracotta<\/a><\/p>\n<p><a href=\"https:\/\/www.instagram.com\/aldeco_interiorfabrics\/\">https:\/\/www.instagram.com\/aldeco_interiorfabrics\/<\/a><\/p>\n","protected":false},"featured_media":219477,"template":"","meta":[],"product_brand":[],"product_cat":[6145],"product_tag":[],"class_list":{"0":"post-219903","1":"product","2":"type-product","3":"status-publish","4":"has-post-thumbnail","6":"product_cat-aldeco-2-pt-pt-2","7":"pa_composition-ext-75-pl-25-rpl-pt-pt","8":"pa_line-almofadas","9":"pa_opportunities-descontinuado","10":"pa_range-chenile","13":"first","14":"instock","15":"purchasable","16":"product-type-variable"},"acf":[],"_links":{"self":[{"href":"https:\/\/staging.aldeco.pt\/pt-pt\/wp-json\/wp\/v2\/product\/219903","targetHints":{"allow":["GET"]}}],"collection":[{"href":"https:\/\/staging.aldeco.pt\/pt-pt\/wp-json\/wp\/v2\/product"}],"about":[{"href":"https:\/\/staging.aldeco.pt\/pt-pt\/wp-json\/wp\/v2\/types\/product"}],"version-history":[{"count":0,"href":"https:\/\/staging.aldeco.pt\/pt-pt\/wp-json\/wp\/v2\/product\/219903\/revisions"}],"wp:featuredmedia":[{"embeddable":true,"href":"https:\/\/staging.aldeco.pt\/pt-pt\/wp-json\/wp\/v2\/media\/219477"}],"wp:attachment":[{"href":"https:\/\/staging.aldeco.pt\/pt-pt\/wp-json\/wp\/v2\/media?parent=219903"}],"wp:term":[{"taxonomy":"product_brand","embeddable":true,"href":"https:\/\/staging.aldeco.pt\/pt-pt\/wp-json\/wp\/v2\/product_brand?post=219903"},{"taxonomy":"product_cat","embeddable":true,"href":"https:\/\/staging.aldeco.pt\/pt-pt\/wp-json\/wp\/v2\/product_cat?post=219903"},{"taxonomy":"product_tag","embeddable":true,"href":"https:\/\/staging.aldeco.pt\/pt-pt\/wp-json\/wp\/v2\/product_tag?post=219903"}],"curies":[{"name":"wp","href":"https:\/\/api.w.org\/{rel}","templated":true}]}}