{"id":219861,"date":"2025-05-19T14:59:14","date_gmt":"2025-05-19T14:59:14","guid":{"rendered":"https:\/\/aldeco.pt\/staging\/product\/almofada-sandeman-easy-clean-terracotta-30\/"},"modified":"2025-05-23T12:19:44","modified_gmt":"2025-05-23T12:19:44","slug":"almofada-sandeman-easy-clean-terracotta-30","status":"publish","type":"product","link":"https:\/\/staging.aldeco.pt\/pt-pt\/product\/almofada-sandeman-easy-clean-terracotta-30\/","title":{"rendered":"ALMOFADA SANDEMAN EASY CLEAN Terracotta 30"},"content":{"rendered":"<p>Adicione um elemento divertido e igualmente luxuoso ao seu sof\u00e1 ou cama com a almofada decorativa em forma de bola Confeccionada em tecido chenille com um aspeto intemporal e um toque semelhante ao veludo, \u00e9 macia e ligeiramente texturada  Esta almofada muito trendy com fecho oculto est\u00e1 dispon\u00edvel em diversas combina\u00e7\u00f5es de cores, com ou sem enchimento.<\/p>\n","protected":false},"excerpt":{"rendered":"<p>Adicione um elemento divertido e igualmente luxuoso ao seu sof\u00e1 ou cama com a almofada decorativa em forma de bola Confeccionada em tecido chenille com um aspeto intemporal e um toque semelhante ao veludo, \u00e9 macia e ligeiramente texturada  Esta almofada muito trendy com fecho oculto est\u00e1 dispon\u00edvel em diversas combina\u00e7\u00f5es de cores, com ou sem enchimento.<\/p>\n<h1>Almofada Sandeman Easy Clean, adicione um toque l\u00fadico de luxo ao seu sof\u00e1 ou cama com a almofada decorativa em forma de bola.<\/h1>\n<p><img fetchpriority=\"high\" decoding=\"async\" class=\"alignnone wp-image-219473 size-medium\" src=\"https:\/\/aldeco.pt\/staging\/wp-content\/uploads\/2025\/05\/CUSHION-SANDEMAN-EASY-CLEAN-Terracotta-30-300x241.jpg\" alt=\"ALMOFADA SANDEMAN EASY CLEAN - Aldeco\" width=\"300\" height=\"241\"><\/p>\n<p><a href=\"https:\/\/aldeco.pt\/staging\/product\/cushion-sandeman-easy-clean-terracotta-30\/?attribute_pa_colour=terracotta&amp;attribute_pa_aldeco-color=06-terracotta\">https:\/\/aldeco.pt\/staging\/product\/cushion-sandeman-easy-clean-terracotta-30\/?attribute_pa_colour=terracotta&amp;attribute_pa_aldeco-color=06-terracotta<\/a><\/p>\n<p><a href=\"https:\/\/www.instagram.com\/aldeco_interiorfabrics\/\">https:\/\/www.instagram.com\/aldeco_interiorfabrics\/<\/a><\/p>\n","protected":false},"featured_media":219474,"template":"","meta":[],"product_brand":[],"product_cat":[6145],"product_tag":[],"class_list":{"0":"post-219861","1":"product","2":"type-product","3":"status-publish","4":"has-post-thumbnail","6":"product_cat-aldeco-2-pt-pt-2","7":"pa_composition-ext-75-pl-25-rpl-pt-pt","8":"pa_line-almofadas","9":"pa_opportunities-descontinuado","10":"pa_range-chenile","13":"first","14":"instock","15":"purchasable","16":"product-type-variable"},"acf":[],"_links":{"self":[{"href":"https:\/\/staging.aldeco.pt\/pt-pt\/wp-json\/wp\/v2\/product\/219861","targetHints":{"allow":["GET"]}}],"collection":[{"href":"https:\/\/staging.aldeco.pt\/pt-pt\/wp-json\/wp\/v2\/product"}],"about":[{"href":"https:\/\/staging.aldeco.pt\/pt-pt\/wp-json\/wp\/v2\/types\/product"}],"version-history":[{"count":1,"href":"https:\/\/staging.aldeco.pt\/pt-pt\/wp-json\/wp\/v2\/product\/219861\/revisions"}],"predecessor-version":[{"id":219863,"href":"https:\/\/staging.aldeco.pt\/pt-pt\/wp-json\/wp\/v2\/product\/219861\/revisions\/219863"}],"wp:featuredmedia":[{"embeddable":true,"href":"https:\/\/staging.aldeco.pt\/pt-pt\/wp-json\/wp\/v2\/media\/219474"}],"wp:attachment":[{"href":"https:\/\/staging.aldeco.pt\/pt-pt\/wp-json\/wp\/v2\/media?parent=219861"}],"wp:term":[{"taxonomy":"product_brand","embeddable":true,"href":"https:\/\/staging.aldeco.pt\/pt-pt\/wp-json\/wp\/v2\/product_brand?post=219861"},{"taxonomy":"product_cat","embeddable":true,"href":"https:\/\/staging.aldeco.pt\/pt-pt\/wp-json\/wp\/v2\/product_cat?post=219861"},{"taxonomy":"product_tag","embeddable":true,"href":"https:\/\/staging.aldeco.pt\/pt-pt\/wp-json\/wp\/v2\/product_tag?post=219861"}],"curies":[{"name":"wp","href":"https:\/\/api.w.org\/{rel}","templated":true}]}}