{"id":219835,"date":"2025-05-19T14:58:40","date_gmt":"2025-05-19T14:58:40","guid":{"rendered":"https:\/\/aldeco.pt\/staging\/product\/almofada-memory-parchment-50x50-p\/"},"modified":"2025-05-19T14:58:40","modified_gmt":"2025-05-19T14:58:40","slug":"almofada-memory-parchment-50x50-p","status":"publish","type":"product","link":"https:\/\/staging.aldeco.pt\/pt-pt\/product\/almofada-memory-parchment-50x50-p\/","title":{"rendered":"ALMOFADA MEMORY Parchment 50X50 P"},"content":{"rendered":"<p>Almofada decorativa quadrada com vivo. MEMORY \u00e9 um tecido elegante, semelhante a um cetim de l\u00e3, a sua composi\u00e7\u00e3o em algod\u00e3o e poli\u00e9ster confere-lhe um aspeto muito natural e uma suavidade delicada. Esta almofada tem fecho oculto e est\u00e1 dispon\u00edvel em diversas combina\u00e7\u00f5es de cores, com ou sem enchimento.<\/p>\n","protected":false},"excerpt":{"rendered":"<p>Almofada decorativa quadrada com vivo. MEMORY \u00e9 um tecido elegante, semelhante a um cetim de l\u00e3, a sua composi\u00e7\u00e3o em algod\u00e3o e poli\u00e9ster confere-lhe um aspeto muito natural e uma suavidade delicada. Esta almofada tem fecho oculto e est\u00e1 dispon\u00edvel em diversas combina\u00e7\u00f5es de cores, com ou sem enchimento.<\/p>\n<h1>Almofada Memory \u00e9 um tecido elegante, semelhante a um cetim de l\u00e3, a sua composi\u00e7\u00e3o em algod\u00e3o e poli\u00e9ster confere-lhe um aspeto muito natural e uma suavidade delicada.<\/h1>\n<p>&nbsp;<\/p>\n<p><img fetchpriority=\"high\" decoding=\"async\" class=\"alignnone wp-image-219443 size-medium\" src=\"https:\/\/aldeco.pt\/staging\/wp-content\/uploads\/2025\/05\/CUSHION-MEMORY-Parchment-50X50-P-300x241.jpg\" alt=\"ALMOFADA MEMORY Parchment - Aldeco\" width=\"300\" height=\"241\"><\/p>\n<p><a href=\"https:\/\/aldeco.pt\/staging\/product\/cushion-memory-parchment-50x50-p\/?attribute_pa_colour=ivory&amp;attribute_pa_aldeco-color=02-parchment\">https:\/\/aldeco.pt\/staging\/product\/cushion-memory-parchment-50&#215;50-p\/?attribute_pa_colour=ivory&amp;attribute_pa_aldeco-color=02-parchment<\/a><\/p>\n<p><a href=\"https:\/\/www.instagram.com\/aldeco_interiorfabrics\/\">https:\/\/www.instagram.com\/aldeco_interiorfabrics\/<\/a><\/p>\n","protected":false},"featured_media":219444,"template":"","meta":[],"product_brand":[],"product_cat":[6145],"product_tag":[],"class_list":{"0":"post-219835","1":"product","2":"type-product","3":"status-publish","4":"has-post-thumbnail","6":"product_cat-aldeco-2-pt-pt-2","7":"pa_composition-ext-69-co-31-pl-pt-pt","8":"pa_line-almofadas","9":"pa_opportunities-descontinuado","10":"pa_range-cetim","13":"first","14":"instock","15":"purchasable","16":"product-type-variable"},"acf":[],"_links":{"self":[{"href":"https:\/\/staging.aldeco.pt\/pt-pt\/wp-json\/wp\/v2\/product\/219835","targetHints":{"allow":["GET"]}}],"collection":[{"href":"https:\/\/staging.aldeco.pt\/pt-pt\/wp-json\/wp\/v2\/product"}],"about":[{"href":"https:\/\/staging.aldeco.pt\/pt-pt\/wp-json\/wp\/v2\/types\/product"}],"version-history":[{"count":0,"href":"https:\/\/staging.aldeco.pt\/pt-pt\/wp-json\/wp\/v2\/product\/219835\/revisions"}],"wp:featuredmedia":[{"embeddable":true,"href":"https:\/\/staging.aldeco.pt\/pt-pt\/wp-json\/wp\/v2\/media\/219444"}],"wp:attachment":[{"href":"https:\/\/staging.aldeco.pt\/pt-pt\/wp-json\/wp\/v2\/media?parent=219835"}],"wp:term":[{"taxonomy":"product_brand","embeddable":true,"href":"https:\/\/staging.aldeco.pt\/pt-pt\/wp-json\/wp\/v2\/product_brand?post=219835"},{"taxonomy":"product_cat","embeddable":true,"href":"https:\/\/staging.aldeco.pt\/pt-pt\/wp-json\/wp\/v2\/product_cat?post=219835"},{"taxonomy":"product_tag","embeddable":true,"href":"https:\/\/staging.aldeco.pt\/pt-pt\/wp-json\/wp\/v2\/product_tag?post=219835"}],"curies":[{"name":"wp","href":"https:\/\/api.w.org\/{rel}","templated":true}]}}