{"id":219798,"date":"2025-05-19T14:58:12","date_gmt":"2025-05-19T14:58:12","guid":{"rendered":"https:\/\/aldeco.pt\/staging\/product\/almofada-lodge-oyster-gray-50x50-p\/"},"modified":"2025-05-19T14:58:12","modified_gmt":"2025-05-19T14:58:12","slug":"almofada-lodge-oyster-gray-50x50-p","status":"publish","type":"product","link":"https:\/\/staging.aldeco.pt\/pt-pt\/product\/almofada-lodge-oyster-gray-50x50-p\/","title":{"rendered":"ALMOFADA LODGE Oyster Gray 50X50 P"},"content":{"rendered":"<p>Almofada decorativa quadrada com vivo. LODGE \u00e9 um tecido jacquard com um pequeno padr\u00e3o geom\u00e9trico que evoca os intemporais padr\u00f5es Pied-de-Poule. Esta almofada tem fecho oculto e est\u00e1 dispon\u00edvel em diversas combina\u00e7\u00f5es de cores, com ou sem enchimento.<\/p>\n","protected":false},"excerpt":{"rendered":"<p>Almofada decorativa quadrada com vivo. LODGE \u00e9 um tecido jacquard com um pequeno padr\u00e3o geom\u00e9trico que evoca os intemporais padr\u00f5es Pied-de-Poule. Esta almofada tem fecho oculto e est\u00e1 dispon\u00edvel em diversas combina\u00e7\u00f5es de cores, com ou sem enchimento.<\/p>\n<h1>Almofada Lodge \u00e9 num tecido jacquard com um pequeno padr\u00e3o geom\u00e9trico que evoca os intemporais padr\u00f5es Pied-de-Poule.<\/h1>\n<p><img fetchpriority=\"high\" decoding=\"async\" class=\"alignnone wp-image-219425 size-medium\" src=\"https:\/\/aldeco.pt\/staging\/wp-content\/uploads\/2025\/05\/CUSHION-LODGE-Oyster-Gray-50X50-P-300x241.jpg\" alt=\"ALMOFADA LODGE Oyster Gray - Aldeco\" width=\"300\" height=\"241\"><\/p>\n<p><a href=\"https:\/\/aldeco.pt\/staging\/product\/cushion-lodge-oyster-gray-50x50-p\/?attribute_pa_colour=gray&amp;attribute_pa_aldeco-color=02-oyster-gray\">https:\/\/aldeco.pt\/staging\/product\/cushion-lodge-oyster-gray-50&#215;50-p\/?attribute_pa_colour=gray&amp;attribute_pa_aldeco-color=02-oyster-gray<\/a><\/p>\n<p><a href=\"https:\/\/www.instagram.com\/aldeco_interiorfabrics\/\">https:\/\/www.instagram.com\/aldeco_interiorfabrics\/<\/a><\/p>\n","protected":false},"featured_media":219426,"template":"","meta":[],"product_brand":[],"product_cat":[6145],"product_tag":[],"class_list":{"0":"post-219798","1":"product","2":"type-product","3":"status-publish","4":"has-post-thumbnail","6":"product_cat-aldeco-2-pt-pt-2","7":"pa_composition-ext-10-li-25-rpl-9-pl-56-bci-co-pt-pt","8":"pa_line-almofadas","9":"pa_opportunities-descontinuado","10":"pa_range-cetim","11":"pa_range-jacquard-pt-pt","14":"first","15":"instock","16":"purchasable","17":"product-type-variable"},"acf":[],"_links":{"self":[{"href":"https:\/\/staging.aldeco.pt\/pt-pt\/wp-json\/wp\/v2\/product\/219798","targetHints":{"allow":["GET"]}}],"collection":[{"href":"https:\/\/staging.aldeco.pt\/pt-pt\/wp-json\/wp\/v2\/product"}],"about":[{"href":"https:\/\/staging.aldeco.pt\/pt-pt\/wp-json\/wp\/v2\/types\/product"}],"version-history":[{"count":0,"href":"https:\/\/staging.aldeco.pt\/pt-pt\/wp-json\/wp\/v2\/product\/219798\/revisions"}],"wp:featuredmedia":[{"embeddable":true,"href":"https:\/\/staging.aldeco.pt\/pt-pt\/wp-json\/wp\/v2\/media\/219426"}],"wp:attachment":[{"href":"https:\/\/staging.aldeco.pt\/pt-pt\/wp-json\/wp\/v2\/media?parent=219798"}],"wp:term":[{"taxonomy":"product_brand","embeddable":true,"href":"https:\/\/staging.aldeco.pt\/pt-pt\/wp-json\/wp\/v2\/product_brand?post=219798"},{"taxonomy":"product_cat","embeddable":true,"href":"https:\/\/staging.aldeco.pt\/pt-pt\/wp-json\/wp\/v2\/product_cat?post=219798"},{"taxonomy":"product_tag","embeddable":true,"href":"https:\/\/staging.aldeco.pt\/pt-pt\/wp-json\/wp\/v2\/product_tag?post=219798"}],"curies":[{"name":"wp","href":"https:\/\/api.w.org\/{rel}","templated":true}]}}