{"id":219778,"date":"2025-05-19T14:57:50","date_gmt":"2025-05-19T14:57:50","guid":{"rendered":"https:\/\/aldeco.pt\/staging\/product\/almofada-garret-easy-clean-calcaire-50x50-p\/"},"modified":"2025-05-19T14:57:50","modified_gmt":"2025-05-19T14:57:50","slug":"almofada-garret-easy-clean-calcaire-50x50-p","status":"publish","type":"product","link":"https:\/\/staging.aldeco.pt\/pt-pt\/product\/almofada-garret-easy-clean-calcaire-50x50-p\/","title":{"rendered":"ALMOFADA GARRET EASY CLEAN Calcaire 50X50 P"},"content":{"rendered":"<p>Almofada decorativa quadrada com vivo. GARRET EASY CLEAN FR \u00e9 um tecido texturado e com uma apar\u00eancia mesclada muito elegante e vers\u00e1til. Esta almofada tem fecho oculto e est\u00e1 dispon\u00edvel em diversas combina\u00e7\u00f5es de cores, com ou sem enchimento.<\/p>\n","protected":false},"excerpt":{"rendered":"<p>Almofada decorativa quadrada com vivo. GARRET EASY CLEAN FR \u00e9 um tecido texturado e com uma apar\u00eancia mesclada muito elegante e vers\u00e1til. Esta almofada tem fecho oculto e est\u00e1 dispon\u00edvel em diversas combina\u00e7\u00f5es de cores, com ou sem enchimento.<\/p>\n<h1>Almofada Garret Easy Clean Fr \u00e9 uma almofada comum tecido texturado, com um aspeto misto muito elegante e vers\u00e1til.<\/h1>\n<p><img fetchpriority=\"high\" decoding=\"async\" class=\"alignnone wp-image-219410 size-medium\" src=\"https:\/\/aldeco.pt\/staging\/wp-content\/uploads\/2025\/05\/CUSHION-GARRET-EASY-CLEAN-Calcaire-50X50-P-300x241.jpg\" alt=\"ALMOFADA GARRET EASY CLEAN Calcaire - Aldeco\" width=\"300\" height=\"241\"><\/p>\n<p><a href=\"https:\/\/aldeco.pt\/staging\/product\/cushion-garret-easy-clean-calcaire-50x50-p\/?attribute_pa_colour=ivory&amp;attribute_pa_aldeco-color=01-calcaire\">https:\/\/aldeco.pt\/staging\/product\/cushion-garret-easy-clean-calcaire-50&#215;50-p\/?attribute_pa_colour=ivory&amp;attribute_pa_aldeco-color=01-calcaire<\/a><\/p>\n<p><a href=\"https:\/\/www.instagram.com\/aldeco_interiorfabrics\/\">https:\/\/www.instagram.com\/aldeco_interiorfabrics\/<\/a><\/p>\n","protected":false},"featured_media":219411,"template":"","meta":[],"product_brand":[],"product_cat":[6145],"product_tag":[],"class_list":{"0":"post-219778","1":"product","2":"type-product","3":"status-publish","4":"has-post-thumbnail","6":"product_cat-aldeco-2-pt-pt-2","7":"pa_composition-ext-51-rpl-49-pl-pt-pt","8":"pa_line-almofadas","9":"pa_opportunities-descontinuado","10":"pa_range-liso","13":"first","14":"instock","15":"purchasable","16":"product-type-variable"},"acf":[],"_links":{"self":[{"href":"https:\/\/staging.aldeco.pt\/pt-pt\/wp-json\/wp\/v2\/product\/219778","targetHints":{"allow":["GET"]}}],"collection":[{"href":"https:\/\/staging.aldeco.pt\/pt-pt\/wp-json\/wp\/v2\/product"}],"about":[{"href":"https:\/\/staging.aldeco.pt\/pt-pt\/wp-json\/wp\/v2\/types\/product"}],"version-history":[{"count":0,"href":"https:\/\/staging.aldeco.pt\/pt-pt\/wp-json\/wp\/v2\/product\/219778\/revisions"}],"wp:featuredmedia":[{"embeddable":true,"href":"https:\/\/staging.aldeco.pt\/pt-pt\/wp-json\/wp\/v2\/media\/219411"}],"wp:attachment":[{"href":"https:\/\/staging.aldeco.pt\/pt-pt\/wp-json\/wp\/v2\/media?parent=219778"}],"wp:term":[{"taxonomy":"product_brand","embeddable":true,"href":"https:\/\/staging.aldeco.pt\/pt-pt\/wp-json\/wp\/v2\/product_brand?post=219778"},{"taxonomy":"product_cat","embeddable":true,"href":"https:\/\/staging.aldeco.pt\/pt-pt\/wp-json\/wp\/v2\/product_cat?post=219778"},{"taxonomy":"product_tag","embeddable":true,"href":"https:\/\/staging.aldeco.pt\/pt-pt\/wp-json\/wp\/v2\/product_tag?post=219778"}],"curies":[{"name":"wp","href":"https:\/\/api.w.org\/{rel}","templated":true}]}}